{"id":780,"date":"2022-04-17T22:32:39","date_gmt":"2022-04-17T22:32:39","guid":{"rendered":"https:\/\/www.inederm.com\/dermatologia-general-i-rosacia\/"},"modified":"2022-10-03T09:03:34","modified_gmt":"2022-10-03T09:03:34","slug":"dermatologia-general-i-rosacia","status":"publish","type":"page","link":"https:\/\/www.inederm.com\/es\/dermatologia-general-i-rosacia\/","title":{"rendered":"Dermatolog\u00eda general I Ros\u00e1cea"},"content":{"rendered":"<p>[et_pb_section fb_built=&#8221;1&#8243; _builder_version=&#8221;4.17.0&#8243; _module_preset=&#8221;default&#8221; custom_padding=&#8221;30px||0px||false|false&#8221; global_colors_info=&#8221;{}&#8221;][et_pb_row column_structure=&#8221;1_3,1_3,1_3&#8243; use_custom_gutter=&#8221;on&#8221; gutter_width=&#8221;4&#8243; make_equal=&#8221;on&#8221; _builder_version=&#8221;4.17.0&#8243; _module_preset=&#8221;default&#8221; global_colors_info=&#8221;{}&#8221;][et_pb_column type=&#8221;1_3&#8243; _builder_version=&#8221;4.17.0&#8243; _module_preset=&#8221;default&#8221; global_colors_info=&#8221;{}&#8221;][et_pb_text _builder_version=&#8221;4.17.0&#8243; _module_preset=&#8221;default&#8221; text_font=&#8221;Rubik|300|||||||&#8221; header_3_font=&#8221;||||||||&#8221; header_3_font_size=&#8221;34px&#8221; header_4_text_color=&#8221;#00BEBE&#8221; header_4_font_size=&#8221;24px&#8221; custom_padding=&#8221;30px||||false|false&#8221; hover_enabled=&#8221;0&#8243; border_width_top=&#8221;3px&#8221; border_color_top=&#8221;#00BEBE&#8221; global_colors_info=&#8221;{}&#8221; sticky_enabled=&#8221;0&#8243;]<\/p>\n<h3 style=\"padding-bottom: 30px;\">Ros\u00e1cea I Dermatolog\u00eda general<\/h3>\n<h4>\u00bfQu\u00e9 es la ros\u00e1cea?<\/h4>\n<p class=\"p1\"><span class=\"s1\">La ros\u00e1cea es una afecci\u00f3n cut\u00e1nea inflamatoria cr\u00f3nica que afecta, sobre todo, el rostro. Se caracteriza por periodos de remisi\u00f3n y periodos de empeoramiento de los signos y los s\u00edntomas. Las zonas m\u00e1s afectadas suelen ser las mejillas, la nariz, la barbilla y el frente (a pesar de que tambi\u00e9n puede llegar a afectar el cuello, espalda, orejas,&#8230;). Normalmente, empieza como un enrojecimiento o rubor sencillo que aparece y desaparece, pero con el tiempo puede resultar m\u00e1s persistente y visible.<\/span><\/p>\n<p class=\"p1\"><span class=\"s1\">Los principales s\u00edntomas de la ros\u00e1cea son la enrojecimiento, la facilidad para ruborizarse, la piel sensible, la aparici\u00f3n de granitos y ara\u00f1as vasculares (telangiectasis). <\/span><\/p>\n<p class=\"p1\"><span class=\"s1\">La ros\u00e1cea o cuperosi es una patolog\u00eda bastante extendida pero poco diagnosticada. Si no se trata suele empeorar, por lo cual los expertos recomendamos hacer tratamientos espec\u00edficos que ayuden a controlarla. Una de las t\u00e9cnicas no invasivas que mejores resultados da para el tratamiento de la ros\u00e1cea es el tratamiento con luz intensa pulsada aplicado con una plataforma l\u00e1ser, de lo contrario conocido como IPL.<\/span><\/p>\n<p>[\/et_pb_text][\/et_pb_column][et_pb_column type=&#8221;1_3&#8243; _builder_version=&#8221;4.17.0&#8243; _module_preset=&#8221;default&#8221; global_colors_info=&#8221;{}&#8221;][et_pb_text _builder_version=&#8221;4.17.0&#8243; _module_preset=&#8221;default&#8221; text_font=&#8221;Rubik|300|||||||&#8221; header_3_font=&#8221;||||||||&#8221; header_3_font_size=&#8221;34px&#8221; header_4_text_color=&#8221;#00BEBE&#8221; header_4_font_size=&#8221;24px&#8221; custom_padding=&#8221;30px||||false|false&#8221; border_width_top=&#8221;3px&#8221; border_color_top=&#8221;#00BEBE&#8221; global_colors_info=&#8221;{}&#8221;]<\/p>\n<h4>Tratamiento<\/h4>\n<p class=\"p1\"><span class=\"s1\">A trav\u00e9s de la aplicaci\u00f3n de la Luz Intensa Pulsada (IPL) que es uno de los m\u00e1s modernos tratamientos para recuperar la belleza natural de la piel de forma r\u00e1pida, indolora y sin periodo de recuperaci\u00f3n, se puede realizar un tratamiento eficaz de la ros\u00e1cea. La aplicaci\u00f3n de pulsos de luz mejora eficazmente los signos visibles del envejecimiento cut\u00e1neo, disminuye las arrugas existentes, mejora la textura de la piel y devuelve a la cara su luminosidad. Tambi\u00e9n se utiliza para tratar manchas y pigmentaciones, cuperosi, peque\u00f1as venas y capilares, rojeces, poros dilatados y secuelas de la exposici\u00f3n solar. <\/span><\/p>\n<p class=\"p1\"><span class=\"s1\">Las sesiones duran entre 20 y 30 minutos y los efectos secundarios \u00fanicamente son de alg\u00fan enrojecimiento ligero o abultamiento local a la zona de tratamiento que desaparece r\u00e1pidamente de forma que la incorporaci\u00f3n a las actividades de la vida diaria es inmediata. Es importante limitar la exposici\u00f3n al sol antes y despu\u00e9s del tratamiento (hay que utilizar un FP50+ al menos unas 2-3 semanas despu\u00e9s del procedimiento).<\/span><\/p>\n<h4>Resultados y recuperaci\u00f3n<\/h4>\n<p class=\"p1\"><span class=\"s1\">Los resultados son visibles desde la primera sesi\u00f3n. La desaparici\u00f3n de la ros\u00e1cea se percibe desde la primera semana y las manchas generadas por el tratamiento desaparecen a los 10 d\u00edas. Suelen hacer falta de 1 a 3 sesiones dependiente del caso con un intervalo de 4 semanas. Despu\u00e9s se puede pasar en la etapa de mantenimiento, con 1 o 2 sesiones en el a\u00f1o.<\/span><\/p>\n<p>[\/et_pb_text][\/et_pb_column][et_pb_column type=&#8221;1_3&#8243; _builder_version=&#8221;4.17.0&#8243; _module_preset=&#8221;default&#8221; global_colors_info=&#8221;{}&#8221;][et_pb_image src=&#8221;http:\/\/www.inederm.com\/wp-content\/uploads\/2022\/05\/Inederm_Rocacia-1.png&#8221; title_text=&#8221;Inederm_Rocacia&#8221; _builder_version=&#8221;4.17.0&#8243; _module_preset=&#8221;default&#8221; custom_margin=&#8221;||29px|||&#8221; border_width_top=&#8221;3px&#8221; border_color_top=&#8221;#00BEBE&#8221; global_colors_info=&#8221;{}&#8221;][\/et_pb_image][\/et_pb_column][\/et_pb_row][\/et_pb_section][et_pb_section fb_built=&#8221;1&#8243; _builder_version=&#8221;4.17.0&#8243; _module_preset=&#8221;default&#8221; custom_margin=&#8221;60px||||false|false&#8221; custom_padding=&#8221;0px||||false|false&#8221; locked=&#8221;off&#8221; global_colors_info=&#8221;{}&#8221;][et_pb_row column_structure=&#8221;2_5,3_5&#8243; _builder_version=&#8221;4.17.0&#8243; _module_preset=&#8221;default&#8221; max_width=&#8221;100%&#8221; custom_margin=&#8221;0px|0px|0px|0px|false|true&#8221; custom_padding=&#8221;0px|0px|0px|0px|true|true&#8221; custom_css_main_element=&#8221;display:flex;||align-items: center;&#8221; global_colors_info=&#8221;{}&#8221; custom_css_main_element_last_edited=&#8221;on|tablet&#8221; custom_css_main_element_tablet=&#8221;display:block;&#8221; custom_css_main_element_phone=&#8221;display:block;&#8221;][et_pb_column type=&#8221;2_5&#8243; _builder_version=&#8221;4.17.0&#8243; _module_preset=&#8221;default&#8221; custom_padding=&#8221;10px|10px|10px|10px|true|true&#8221; global_colors_info=&#8221;{}&#8221; custom_css_main_element_last_edited=&#8221;on|tablet&#8221; custom_css_main_element_tablet=&#8221;width:100% !important;&#8221; custom_css_main_element_phone=&#8221;width:100% !important;&#8221;][et_pb_text _builder_version=&#8221;4.17.0&#8243; _module_preset=&#8221;default&#8221; text_font=&#8221;Rubik|300|||||||&#8221; link_text_color=&#8221;#00BEBE&#8221; header_3_font=&#8221;|600||on|||||&#8221; header_3_font_size=&#8221;32px&#8221; header_3_line_height=&#8221;1.1em&#8221; max_width=&#8221;400px&#8221; module_alignment=&#8221;right&#8221; module_alignment_tablet=&#8221;left&#8221; module_alignment_phone=&#8221;left&#8221; module_alignment_last_edited=&#8221;on|tablet&#8221; global_colors_info=&#8221;{}&#8221;]<\/p>\n<h3>AGENDAR UNA CITA<\/h3>\n<p>Acn\u00e9, dermatitis, manchas, ros\u00e1cea&#8230; Programa una consulta, deja que los profesionales te aconsejen y resuelve tus dudas. Tambi\u00e9n existe la opci\u00f3n de <strong>consulta virtual de pago<\/strong> por parte de un especialista dermatol\u00f3gico.<\/p>\n<p>&nbsp;<\/p>\n<p><a class=\"boton-inicio-reserva\" href=\"https:\/\/inederm.simplybook.it\/v2\/#book\/count\/1\/\" target=\"_blank\" rel=\"noopener\">Pedir Cita Previa<\/a>[\/et_pb_text][\/et_pb_column][et_pb_column type=&#8221;3_5&#8243; _builder_version=&#8221;4.17.0&#8243; _module_preset=&#8221;default&#8221; global_colors_info=&#8221;{}&#8221; custom_css_main_element_last_edited=&#8221;on|tablet&#8221; custom_css_main_element_tablet=&#8221;width:100% !important;&#8221; custom_css_main_element_phone=&#8221;width:100% !important;&#8221;][et_pb_image src=&#8221;http:\/\/www.inederm.com\/wp-content\/uploads\/2022\/04\/reserva-24-7-1.jpg&#8221; title_text=&#8221;reserva 24-7&#8243; force_fullwidth=&#8221;on&#8221; _builder_version=&#8221;4.17.0&#8243; _module_preset=&#8221;default&#8221; global_colors_info=&#8221;{}&#8221;][\/et_pb_image][\/et_pb_column][\/et_pb_row][\/et_pb_section]<\/p>\n","protected":false},"excerpt":{"rendered":"<p>Ros\u00e1cea I Dermatolog\u00eda general \u00bfQu\u00e9 es la ros\u00e1cea? La ros\u00e1cea es una afecci\u00f3n cut\u00e1nea inflamatoria cr\u00f3nica que afecta, sobre todo, el rostro. Se caracteriza por periodos de remisi\u00f3n y periodos de empeoramiento de los signos y los s\u00edntomas. Las zonas m\u00e1s afectadas suelen ser las mejillas, la nariz, la barbilla y el frente (a pesar [&hellip;]<\/p>\n","protected":false},"author":1,"featured_media":0,"parent":0,"menu_order":0,"comment_status":"closed","ping_status":"closed","template":"","meta":{"_et_pb_use_builder":"on","_et_pb_old_content":"","_et_gb_content_width":"","inline_featured_image":false,"footnotes":""},"class_list":["post-780","page","type-page","status-publish","hentry"],"_links":{"self":[{"href":"https:\/\/www.inederm.com\/es\/wp-json\/wp\/v2\/pages\/780","targetHints":{"allow":["GET"]}}],"collection":[{"href":"https:\/\/www.inederm.com\/es\/wp-json\/wp\/v2\/pages"}],"about":[{"href":"https:\/\/www.inederm.com\/es\/wp-json\/wp\/v2\/types\/page"}],"author":[{"embeddable":true,"href":"https:\/\/www.inederm.com\/es\/wp-json\/wp\/v2\/users\/1"}],"replies":[{"embeddable":true,"href":"https:\/\/www.inederm.com\/es\/wp-json\/wp\/v2\/comments?post=780"}],"version-history":[{"count":20,"href":"https:\/\/www.inederm.com\/es\/wp-json\/wp\/v2\/pages\/780\/revisions"}],"predecessor-version":[{"id":3972,"href":"https:\/\/www.inederm.com\/es\/wp-json\/wp\/v2\/pages\/780\/revisions\/3972"}],"wp:attachment":[{"href":"https:\/\/www.inederm.com\/es\/wp-json\/wp\/v2\/media?parent=780"}],"curies":[{"name":"wp","href":"https:\/\/api.w.org\/{rel}","templated":true}]}}