{"id":778,"date":"2022-04-17T21:36:32","date_gmt":"2022-04-17T19:36:32","guid":{"rendered":"https:\/\/www.inederm.com\/dermatologia-general-2\/"},"modified":"2025-02-06T16:01:04","modified_gmt":"2025-02-06T15:01:04","slug":"dermatologia-general","status":"publish","type":"page","link":"https:\/\/www.inederm.com\/es\/dermatologia-general\/","title":{"rendered":"Dermatolog\u00eda General"},"content":{"rendered":"<p>[et_pb_section fb_built=&#8221;1&#8243; _builder_version=&#8221;4.17.0&#8243; _module_preset=&#8221;default&#8221; global_colors_info=&#8221;{}&#8221;][et_pb_row _builder_version=&#8221;4.17.0&#8243; _module_preset=&#8221;default&#8221; max_width=&#8221;100%&#8221; custom_padding=&#8221;|10px|0px|10px|false|true&#8221; locked=&#8221;off&#8221; global_colors_info=&#8221;{}&#8221;][et_pb_column type=&#8221;4_4&#8243; _builder_version=&#8221;4.17.0&#8243; _module_preset=&#8221;default&#8221; global_colors_info=&#8221;{}&#8221;][et_pb_text _builder_version=&#8221;4.27.4&#8243; _module_preset=&#8221;default&#8221; header_2_font=&#8221;Rubik|600||on|||||&#8221; header_2_font_size=&#8221;36px&#8221; text_orientation=&#8221;center&#8221; custom_margin=&#8221;||0px||false|false&#8221; custom_padding=&#8221;||0px||false|false&#8221; hover_enabled=&#8221;0&#8243; global_colors_info=&#8221;{}&#8221; header_font_size_last_edited=&#8221;on|phone&#8221; sticky_enabled=&#8221;0&#8243; header_2_font_size_last_edited=&#8221;on|phone&#8221; header_font=&#8221;Rubik|600||on|||||&#8221; header_font_size=&#8221;36px&#8221; header_font_size_tablet=&#8221;36px&#8221; header_font_size_phone=&#8221;36px&#8221; header_2_font_size_tablet=&#8221;36px&#8221; header_2_font_size_phone=&#8221;36px&#8221;]<\/p>\n<h1>Dermatolog\u00eda General<\/h1>\n<p>[\/et_pb_text][et_pb_divider color=&#8221;#00BEBE&#8221; divider_weight=&#8221;2px&#8221; _builder_version=&#8221;4.17.0&#8243; _module_preset=&#8221;default&#8221; width=&#8221;60px&#8221; module_alignment=&#8221;center&#8221; custom_margin=&#8221;||6px||false|false&#8221; custom_padding=&#8221;10px||0px||false|false&#8221; global_colors_info=&#8221;{}&#8221;][\/et_pb_divider][\/et_pb_column][\/et_pb_row][et_pb_row _builder_version=&#8221;4.17.0&#8243; _module_preset=&#8221;default&#8221; background_image=&#8221;https:\/\/www.inederm.com\/wp-content\/uploads\/2022\/08\/inederm-DERMATOLOGIA-GENERAL.jpg&#8221; background_size=&#8221;custom&#8221; background_image_width=&#8221;850px&#8221; background_position=&#8221;center_left&#8221; custom_padding=&#8221;77px|10px|77px|10px|true|true&#8221; global_colors_info=&#8221;{}&#8221;][et_pb_column type=&#8221;4_4&#8243; _builder_version=&#8221;4.17.0&#8243; _module_preset=&#8221;default&#8221; global_colors_info=&#8221;{}&#8221;][et_pb_code module_class=&#8221;cabecilla-servicio&#8221; _builder_version=&#8221;4.17.0&#8243; _module_preset=&#8221;default&#8221; background_color=&#8221;#FFFFFF&#8221; max_width=&#8221;500px&#8221; module_alignment=&#8221;right&#8221; custom_padding=&#8221;2em|2em|2em|2em|true|true&#8221; global_colors_info=&#8221;{}&#8221;]<img decoding=\"async\" data-src=\"https:\/\/www.inederm.com\/wp-content\/uploads\/2022\/04\/icon-derma-gene.svg\" width=\"64\" height=\"64\" alt=\"\" src=\"data:image\/svg+xml;base64,PHN2ZyB3aWR0aD0iMSIgaGVpZ2h0PSIxIiB4bWxucz0iaHR0cDovL3d3dy53My5vcmcvMjAwMC9zdmciPjwvc3ZnPg==\" class=\"lazyload\" style=\"--smush-placeholder-width: 64px; --smush-placeholder-aspect-ratio: 64\/64;\" \/><!-- [et_pb_line_break_holder] --><pee>Tratamos todo tipo de sintomatolog\u00edas b\u00e1sicas relacionadas con la dermatolog\u00eda general.<!-- [et_pb_line_break_holder] --><\/pee>[\/et_pb_code][\/et_pb_column][\/et_pb_row][\/et_pb_section][et_pb_section fb_built=&#8221;1&#8243; _builder_version=&#8221;4.17.0&#8243; _module_preset=&#8221;default&#8221; custom_padding=&#8221;0px||0px|||&#8221; global_colors_info=&#8221;{}&#8221;][et_pb_row _builder_version=&#8221;4.17.0&#8243; _module_preset=&#8221;default&#8221; max_width=&#8221;100%&#8221; custom_padding=&#8221;|10px|0px|10px|false|true&#8221; locked=&#8221;off&#8221; global_colors_info=&#8221;{}&#8221;][et_pb_column type=&#8221;4_4&#8243; _builder_version=&#8221;4.17.0&#8243; _module_preset=&#8221;default&#8221; global_colors_info=&#8221;{}&#8221;][et_pb_text _builder_version=&#8221;4.27.4&#8243; _module_preset=&#8221;default&#8221; header_2_font=&#8221;|600||on|||||&#8221; header_3_font=&#8221;|600||on|||||&#8221; header_3_text_color=&#8221;#00BEBE&#8221; header_3_font_size=&#8221;26px&#8221; text_orientation=&#8221;center&#8221; custom_margin=&#8221;||0px||false|false&#8221; custom_padding=&#8221;||0px||false|false&#8221; hover_enabled=&#8221;0&#8243; global_colors_info=&#8221;{}&#8221; header_3_font_size_last_edited=&#8221;on|phone&#8221; sticky_enabled=&#8221;0&#8243; header_2_text_color=&#8221;#00BEBE&#8221; header_2_font_size_last_edited=&#8221;on|phone&#8221; header_3_font_size_tablet=&#8221;26px&#8221; header_3_font_size_phone=&#8221;26px&#8221;]<\/p>\n<h2>Especialidades Dermatol\u00f3gicas<\/h2>\n<p>[\/et_pb_text][et_pb_divider color=&#8221;#434041&#8243; divider_weight=&#8221;2px&#8221; _builder_version=&#8221;4.17.0&#8243; _module_preset=&#8221;default&#8221; width=&#8221;60px&#8221; module_alignment=&#8221;center&#8221; custom_margin=&#8221;||6px||false|false&#8221; custom_padding=&#8221;10px||0px||false|false&#8221; global_colors_info=&#8221;{}&#8221;][\/et_pb_divider][\/et_pb_column][\/et_pb_row][et_pb_row column_structure=&#8221;1_3,1_3,1_3&#8243; _builder_version=&#8221;4.17.0&#8243; _module_preset=&#8221;default&#8221; global_colors_info=&#8221;{}&#8221;][et_pb_column type=&#8221;1_3&#8243; _builder_version=&#8221;4.17.0&#8243; _module_preset=&#8221;default&#8221; global_colors_info=&#8221;{}&#8221;][et_pb_text ul_type=&#8221;square&#8221; _builder_version=&#8221;4.17.0&#8243; _module_preset=&#8221;default&#8221; ul_text_color=&#8221;#00BEBE&#8221; global_colors_info=&#8221;{}&#8221;]<\/p>\n<ul class=\"lista-servi-solo\">\n<li><a href=\"https:\/\/www.inederm.com\/es\/dermatologia-general-i-dermatitis-atopica-es\/\">Dermatitis at\u00f3pica <\/a><\/li>\n<li><a href=\"https:\/\/www.inederm.com\/es\/dermatologia-general-i-psoriasi-es\/\">Psoriasis<\/a><\/li>\n<li><a href=\"https:\/\/www.inederm.com\/es\/dermatologia-general-i-sarna-humana-o-escabiosis-es\/\">Sarna <\/a><\/li>\n<li><a href=\"https:\/\/www.inederm.com\/es\/dermatologia-general-i-urticaria-cronica\/\">Urticaria cr\u00f3nica <\/a><\/li>\n<li><a href=\"https:\/\/www.inederm.com\/es\/dermatologia-general-i-alopecia-es\/\">Alopecia <\/a><\/li>\n<li><a href=\"https:\/\/www.inederm.com\/es\/nevus-melanocitico-i-dermatologia-pediatrica\/\">Nevus melanoc\u00edtico <\/a><\/li>\n<\/ul>\n<p>[\/et_pb_text][\/et_pb_column][et_pb_column type=&#8221;1_3&#8243; _builder_version=&#8221;4.17.0&#8243; _module_preset=&#8221;default&#8221; global_colors_info=&#8221;{}&#8221;][et_pb_text ul_type=&#8221;square&#8221; _builder_version=&#8221;4.17.0&#8243; _module_preset=&#8221;default&#8221; text_font=&#8221;Rubik|300|||||||&#8221; link_font=&#8221;Rubik|500|||||||&#8221; ul_text_color=&#8221;#00BEBE&#8221; global_colors_info=&#8221;{}&#8221;]<\/p>\n<ul class=\"lista-servi-solo\">\n<li><a href=\"https:\/\/www.inederm.com\/es\/dermatologia-general-i-fongs-es\/\">Hongos <\/a><\/li>\n<li><a href=\"https:\/\/www.inederm.com\/es\/diagnostico-y-tratamiento-de-cancer-cutaneo-no-melanoma-y-melanoma\/\">Diagn\u00f3stico y tratamiento de c\u00e1ncer cut\u00e1neo no melanoma y melanoma <\/a><\/li>\n<li><a href=\"https:\/\/www.inederm.com\/es\/precancer-cutaneo-queratosis-actinica-bowen\/\">Prec\u00e1ncer cut\u00e1neo (queratosis act\u00ednica, bowen&#8230;)<\/a><\/li>\n<li><a href=\"https:\/\/www.inederm.com\/es\/dermatologia-general-i-acne-es\/\">Acn\u00e9 <\/a><\/li>\n<\/ul>\n<p>[\/et_pb_text][\/et_pb_column][et_pb_column type=&#8221;1_3&#8243; _builder_version=&#8221;4.17.0&#8243; _module_preset=&#8221;default&#8221; global_colors_info=&#8221;{}&#8221;][et_pb_text ul_type=&#8221;square&#8221; _builder_version=&#8221;4.17.0&#8243; _module_preset=&#8221;default&#8221; text_font=&#8221;Rubik|300|||||||&#8221; link_font=&#8221;Rubik|500|||||||&#8221; ul_text_color=&#8221;#00BEBE&#8221; global_colors_info=&#8221;{}&#8221;]<\/p>\n<ul class=\"lista-servi-solo\">\n<li><a href=\"https:\/\/www.inederm.com\/es\/dermatologia-general-i-rosacia\/\">Ros\u00e1cea <\/a><\/li>\n<li><a href=\"https:\/\/www.inederm.com\/es\/?page_id=1513\">Dermatitis de contacto <\/a><\/li>\n<li><a href=\"https:\/\/www.inederm.com\/es\/plataforma-laser-i-lentigens-solars-es\/\">M\u00e1culas pigmentadas\/lentigo solar <\/a><\/li>\n<li><a href=\"https:\/\/www.inederm.com\/es\/dermatologia-general-i-hidradenitis-supurativa-acne-invers-es\/\">Hidradenitis supurativa\/acn\u00e9 inverso <\/a><\/li>\n<li><a href=\"https:\/\/www.inederm.com\/es\/dermatologia-general-i-hiperhidrosi-es\/\">Hiperhidrosis <\/a><\/li>\n<li><a href=\"https:\/\/www.inederm.com\/es\/dermatologia-general-i-alergias-cutaneas\/\">Alergias cut\u00e1neas <\/a><\/li>\n<\/ul>\n<p>[\/et_pb_text][\/et_pb_column][\/et_pb_row][\/et_pb_section][et_pb_section fb_built=&#8221;1&#8243; _builder_version=&#8221;4.17.0&#8243; _module_preset=&#8221;default&#8221; custom_margin=&#8221;60px||||false|false&#8221; custom_padding=&#8221;0px||||false|false&#8221; locked=&#8221;off&#8221; global_colors_info=&#8221;{}&#8221;][et_pb_row column_structure=&#8221;2_5,3_5&#8243; _builder_version=&#8221;4.17.0&#8243; _module_preset=&#8221;default&#8221; max_width=&#8221;100%&#8221; custom_margin=&#8221;0px|0px|0px|0px|false|true&#8221; custom_padding=&#8221;0px|0px|0px|0px|true|true&#8221; custom_css_main_element=&#8221;display:flex;||align-items: center;&#8221; global_colors_info=&#8221;{}&#8221; custom_css_main_element_last_edited=&#8221;on|tablet&#8221; custom_css_main_element_tablet=&#8221;display:block;&#8221; custom_css_main_element_phone=&#8221;display:block;&#8221;][et_pb_column type=&#8221;2_5&#8243; _builder_version=&#8221;4.17.0&#8243; _module_preset=&#8221;default&#8221; custom_padding=&#8221;10px|10px|10px|10px|true|true&#8221; global_colors_info=&#8221;{}&#8221; custom_css_main_element_last_edited=&#8221;on|tablet&#8221; custom_css_main_element_tablet=&#8221;width:100% !important;&#8221; custom_css_main_element_phone=&#8221;width:100% !important;&#8221;][et_pb_text _builder_version=&#8221;4.17.0&#8243; _module_preset=&#8221;default&#8221; text_font=&#8221;Rubik|300|||||||&#8221; link_text_color=&#8221;#00BEBE&#8221; header_3_font=&#8221;|600||on|||||&#8221; header_3_font_size=&#8221;32px&#8221; header_3_line_height=&#8221;1.1em&#8221; max_width=&#8221;400px&#8221; module_alignment=&#8221;right&#8221; module_alignment_tablet=&#8221;left&#8221; module_alignment_phone=&#8221;left&#8221; module_alignment_last_edited=&#8221;on|tablet&#8221; global_colors_info=&#8221;{}&#8221;]<\/p>\n<h3>AGENDAR UNA CITA<\/h3>\n<p>Acn\u00e9, dermatitis, manchas, ros\u00e1cea&#8230; Programa una consulta, deja que los profesionales te aconsejen y resuelve tus dudas. Tambi\u00e9n existe la opci\u00f3n de <strong>consulta virtual de pago<\/strong> por parte de un especialista dermatol\u00f3gico.<\/p>\n<p>&nbsp;<\/p>\n<p><a class=\"boton-inicio-reserva\" href=\"https:\/\/inederm.simplybook.it\/v2\/#book\/count\/1\/\" target=\"_blank\" rel=\"noopener\">Pedir Cita Previa<\/a>[\/et_pb_text][\/et_pb_column][et_pb_column type=&#8221;3_5&#8243; _builder_version=&#8221;4.17.0&#8243; _module_preset=&#8221;default&#8221; global_colors_info=&#8221;{}&#8221; custom_css_main_element_last_edited=&#8221;on|tablet&#8221; custom_css_main_element_tablet=&#8221;width:100% !important;&#8221; custom_css_main_element_phone=&#8221;width:100% !important;&#8221;][et_pb_image src=&#8221;https:\/\/www.inederm.com\/wp-content\/uploads\/2022\/04\/reserva-24-7-1.jpg&#8221; title_text=&#8221;reserva 24-7&#8243; force_fullwidth=&#8221;on&#8221; _builder_version=&#8221;4.17.0&#8243; _module_preset=&#8221;default&#8221; global_colors_info=&#8221;{}&#8221;][\/et_pb_image][\/et_pb_column][\/et_pb_row][\/et_pb_section]<\/p>\n","protected":false},"excerpt":{"rendered":"<p>Dermatolog\u00eda GeneralEspecialidades Dermatol\u00f3gicas Dermatitis at\u00f3pica Psoriasis Sarna Urticaria cr\u00f3nica Alopecia Nevus melanoc\u00edtico Hongos Diagn\u00f3stico y tratamiento de c\u00e1ncer cut\u00e1neo no melanoma y melanoma Prec\u00e1ncer cut\u00e1neo (queratosis act\u00ednica, bowen&#8230;) Acn\u00e9 Ros\u00e1cea Dermatitis de contacto M\u00e1culas pigmentadas\/lentigo solar Hidradenitis supurativa\/acn\u00e9 inverso Hiperhidrosis Alergias cut\u00e1neas AGENDAR UNA CITA Acn\u00e9, dermatitis, manchas, ros\u00e1cea&#8230; Programa una consulta, deja que los [&hellip;]<\/p>\n","protected":false},"author":1,"featured_media":0,"parent":0,"menu_order":0,"comment_status":"closed","ping_status":"closed","template":"","meta":{"_et_pb_use_builder":"on","_et_pb_old_content":"","_et_gb_content_width":"","inline_featured_image":false,"footnotes":""},"class_list":["post-778","page","type-page","status-publish","hentry"],"_links":{"self":[{"href":"https:\/\/www.inederm.com\/es\/wp-json\/wp\/v2\/pages\/778","targetHints":{"allow":["GET"]}}],"collection":[{"href":"https:\/\/www.inederm.com\/es\/wp-json\/wp\/v2\/pages"}],"about":[{"href":"https:\/\/www.inederm.com\/es\/wp-json\/wp\/v2\/types\/page"}],"author":[{"embeddable":true,"href":"https:\/\/www.inederm.com\/es\/wp-json\/wp\/v2\/users\/1"}],"replies":[{"embeddable":true,"href":"https:\/\/www.inederm.com\/es\/wp-json\/wp\/v2\/comments?post=778"}],"version-history":[{"count":36,"href":"https:\/\/www.inederm.com\/es\/wp-json\/wp\/v2\/pages\/778\/revisions"}],"predecessor-version":[{"id":5844,"href":"https:\/\/www.inederm.com\/es\/wp-json\/wp\/v2\/pages\/778\/revisions\/5844"}],"wp:attachment":[{"href":"https:\/\/www.inederm.com\/es\/wp-json\/wp\/v2\/media?parent=778"}],"curies":[{"name":"wp","href":"https:\/\/api.w.org\/{rel}","templated":true}]}}