{"id":5539,"date":"2024-12-10T13:54:50","date_gmt":"2024-12-10T12:54:50","guid":{"rendered":"https:\/\/www.inederm.com\/?page_id=5539"},"modified":"2025-01-15T11:33:23","modified_gmt":"2025-01-15T10:33:23","slug":"diagnostico-facial-con-equipo-observ-dermatologia-estetica","status":"publish","type":"page","link":"https:\/\/www.inederm.com\/es\/diagnostico-facial-con-equipo-observ-dermatologia-estetica\/","title":{"rendered":"Diagn\u00f3stico Facial con equipo Observ | Dermatolog\u00eda est\u00e9tica"},"content":{"rendered":"<p>[et_pb_section fb_built=&#8221;1&#8243; _builder_version=&#8221;4.17.0&#8243; _module_preset=&#8221;default&#8221; custom_padding=&#8221;30px||0px||false|false&#8221; global_colors_info=&#8221;{}&#8221;][et_pb_row column_structure=&#8221;1_3,1_3,1_3&#8243; use_custom_gutter=&#8221;on&#8221; gutter_width=&#8221;4&#8243; make_equal=&#8221;on&#8221; _builder_version=&#8221;4.17.0&#8243; _module_preset=&#8221;default&#8221; global_colors_info=&#8221;{}&#8221;][et_pb_column type=&#8221;1_3&#8243; _builder_version=&#8221;4.17.0&#8243; _module_preset=&#8221;default&#8221; global_colors_info=&#8221;{}&#8221;][et_pb_text _builder_version=&#8221;4.27.4&#8243; _module_preset=&#8221;default&#8221; text_font=&#8221;Rubik|300|||||||&#8221; header_3_font=&#8221;||||||||&#8221; header_3_font_size=&#8221;34px&#8221; header_4_text_color=&#8221;#00BEBE&#8221; header_4_font_size=&#8221;24px&#8221; custom_padding=&#8221;30px||||false|false&#8221; hover_enabled=&#8221;0&#8243; border_width_top=&#8221;3px&#8221; border_color_top=&#8221;#00BEBE&#8221; global_colors_info=&#8221;{}&#8221; sticky_enabled=&#8221;0&#8243;]<\/p>\n<h3 style=\"padding-bottom: 30px;\">Diagn\u00f3stico Facial con equipo Observ I Dermatolog\u00eda est\u00e9tica<\/h3>\n<h4>\u00bfQu\u00e9 es?<\/h4>\n<p>La m\u00e1quina Observ es una herramienta avanzada de diagn\u00f3stico utilizada en dermatolog\u00eda y est\u00e9tica para analizar el estado de la piel en profundidad. Gracias a su tecnolog\u00eda de luz LED y UV, permite visualizar capas de la piel que no son visibles a simple vista, detectando problemas como la pigmentaci\u00f3n, la sensibilidad, las arrugas profundas, la deshidrataci\u00f3n y la presencia de bacterias.<\/p>\n<p>[\/et_pb_text][\/et_pb_column][et_pb_column type=&#8221;1_3&#8243; _builder_version=&#8221;4.17.0&#8243; _module_preset=&#8221;default&#8221; global_colors_info=&#8221;{}&#8221;][et_pb_text _builder_version=&#8221;4.18.0&#8243; _module_preset=&#8221;default&#8221; text_font=&#8221;Rubik|300|||||||&#8221; header_3_font=&#8221;||||||||&#8221; header_3_font_size=&#8221;34px&#8221; header_4_text_color=&#8221;#00BEBE&#8221; header_4_font_size=&#8221;24px&#8221; custom_padding=&#8221;30px||||false|false&#8221; border_width_top=&#8221;3px&#8221; border_color_top=&#8221;#00BEBE&#8221; global_colors_info=&#8221;{}&#8221;]<\/p>\n<h4>Tratamiento<\/h4>\n<p>El uso de la m\u00e1quina Observ consiste en un an\u00e1lisis r\u00e1pido y no invasivo, en el que el paciente coloca la cara en la m\u00e1quina mientras \u00e9sta realiza im\u00e1genes detalladas con diferentes tipos de iluminaci\u00f3n. Esto permite crear un informe completo sobre el estado de la piel y recomendar los tratamientos y productos m\u00e1s adecuados.<\/p>\n<h4>Resultados<\/h4>\n<p>Los resultados se muestran inmediatamente, ofreciendo una imagen precisa de la salud de la piel. A partir de esta informaci\u00f3n se puede iniciar un plan de cuidado personalizado, con seguimiento posterior para evaluar la efectividad de los tratamientos y ajustar las rutinas de cuidado de la piel seg\u00fan sea necesario.<\/p>\n<p>[\/et_pb_text][\/et_pb_column][et_pb_column type=&#8221;1_3&#8243; _builder_version=&#8221;4.17.0&#8243; _module_preset=&#8221;default&#8221; global_colors_info=&#8221;{}&#8221;][et_pb_image src=&#8221;https:\/\/www.inederm.com\/wp-content\/uploads\/2024\/12\/diagnostico_facial_observ.webp&#8221; alt=&#8221;Diagnostico facial observ | Inederm&#8221; title_text=&#8221;diagnostico_facial_observ&#8221; _builder_version=&#8221;4.18.0&#8243; _module_preset=&#8221;default&#8221; custom_margin=&#8221;||29px|||&#8221; border_width_top=&#8221;3px&#8221; border_color_top=&#8221;#00BEBE&#8221; global_colors_info=&#8221;{}&#8221;][\/et_pb_image][\/et_pb_column][\/et_pb_row][\/et_pb_section][et_pb_section fb_built=&#8221;1&#8243; _builder_version=&#8221;4.17.0&#8243; _module_preset=&#8221;default&#8221; custom_margin=&#8221;60px||||false|false&#8221; custom_padding=&#8221;0px||||false|false&#8221; locked=&#8221;off&#8221; global_colors_info=&#8221;{}&#8221;][et_pb_row column_structure=&#8221;2_5,3_5&#8243; _builder_version=&#8221;4.17.0&#8243; _module_preset=&#8221;default&#8221; max_width=&#8221;100%&#8221; custom_margin=&#8221;0px|0px|0px|0px|false|true&#8221; custom_padding=&#8221;0px|0px|0px|0px|true|true&#8221; custom_css_main_element=&#8221;display:flex;||align-items: center;&#8221; global_colors_info=&#8221;{}&#8221; custom_css_main_element_last_edited=&#8221;on|tablet&#8221; custom_css_main_element_tablet=&#8221;display:block;&#8221; custom_css_main_element_phone=&#8221;display:block;&#8221;][et_pb_column type=&#8221;2_5&#8243; _builder_version=&#8221;4.17.0&#8243; _module_preset=&#8221;default&#8221; custom_padding=&#8221;10px|10px|10px|10px|true|true&#8221; global_colors_info=&#8221;{}&#8221; custom_css_main_element_last_edited=&#8221;on|tablet&#8221; custom_css_main_element_tablet=&#8221;width:100% !important;&#8221; custom_css_main_element_phone=&#8221;width:100% !important;&#8221;][et_pb_text _builder_version=&#8221;4.17.0&#8243; _module_preset=&#8221;default&#8221; text_font=&#8221;Rubik|300|||||||&#8221; link_text_color=&#8221;#00BEBE&#8221; header_3_font=&#8221;|600||on|||||&#8221; header_3_font_size=&#8221;32px&#8221; header_3_line_height=&#8221;1.1em&#8221; max_width=&#8221;400px&#8221; module_alignment=&#8221;right&#8221; module_alignment_tablet=&#8221;left&#8221; module_alignment_phone=&#8221;left&#8221; module_alignment_last_edited=&#8221;on|tablet&#8221; global_colors_info=&#8221;{}&#8221;]<\/p>\n<h3>AGENDAR UNA CITA<\/h3>\n<p>Acn\u00e9, dermatitis, manchas, ros\u00e1cea&#8230; Programa una consulta, deja que los profesionales te aconsejen y resuelve tus dudas. Tambi\u00e9n existe la opci\u00f3n de <strong>consulta virtual de pago<\/strong> por parte de un especialista dermatol\u00f3gico.<\/p>\n<p>&nbsp;<\/p>\n<p><a class=\"boton-inicio-reserva\" href=\"https:\/\/inederm.simplybook.it\/v2\/#book\/count\/1\/\" target=\"_blank\" rel=\"noopener\">Pedir Cita Previa<\/a>[\/et_pb_text][\/et_pb_column][et_pb_column type=&#8221;3_5&#8243; _builder_version=&#8221;4.17.0&#8243; _module_preset=&#8221;default&#8221; global_colors_info=&#8221;{}&#8221; custom_css_main_element_last_edited=&#8221;on|tablet&#8221; custom_css_main_element_tablet=&#8221;width:100% !important;&#8221; custom_css_main_element_phone=&#8221;width:100% !important;&#8221;][et_pb_image src=&#8221;https:\/\/www.inederm.com\/wp-content\/uploads\/2022\/04\/reserva-24-7-1.jpg&#8221; title_text=&#8221;reserva 24-7&#8243; force_fullwidth=&#8221;on&#8221; _builder_version=&#8221;4.17.0&#8243; _module_preset=&#8221;default&#8221; global_colors_info=&#8221;{}&#8221;][\/et_pb_image][\/et_pb_column][\/et_pb_row][\/et_pb_section]<\/p>\n","protected":false},"excerpt":{"rendered":"<p>Diagn\u00f3stico Facial con equipo Observ I Dermatolog\u00eda est\u00e9tica \u00bfQu\u00e9 es? La m\u00e1quina Observ es una herramienta avanzada de diagn\u00f3stico utilizada en dermatolog\u00eda y est\u00e9tica para analizar el estado de la piel en profundidad. Gracias a su tecnolog\u00eda de luz LED y UV, permite visualizar capas de la piel que no son visibles a simple vista, [&hellip;]<\/p>\n","protected":false},"author":1,"featured_media":5328,"parent":0,"menu_order":0,"comment_status":"closed","ping_status":"closed","template":"","meta":{"_et_pb_use_builder":"on","_et_pb_old_content":"","_et_gb_content_width":"","inline_featured_image":false,"footnotes":""},"class_list":["post-5539","page","type-page","status-publish","has-post-thumbnail","hentry"],"_links":{"self":[{"href":"https:\/\/www.inederm.com\/es\/wp-json\/wp\/v2\/pages\/5539","targetHints":{"allow":["GET"]}}],"collection":[{"href":"https:\/\/www.inederm.com\/es\/wp-json\/wp\/v2\/pages"}],"about":[{"href":"https:\/\/www.inederm.com\/es\/wp-json\/wp\/v2\/types\/page"}],"author":[{"embeddable":true,"href":"https:\/\/www.inederm.com\/es\/wp-json\/wp\/v2\/users\/1"}],"replies":[{"embeddable":true,"href":"https:\/\/www.inederm.com\/es\/wp-json\/wp\/v2\/comments?post=5539"}],"version-history":[{"count":7,"href":"https:\/\/www.inederm.com\/es\/wp-json\/wp\/v2\/pages\/5539\/revisions"}],"predecessor-version":[{"id":5751,"href":"https:\/\/www.inederm.com\/es\/wp-json\/wp\/v2\/pages\/5539\/revisions\/5751"}],"wp:featuredmedia":[{"embeddable":true,"href":"https:\/\/www.inederm.com\/es\/wp-json\/wp\/v2\/media\/5328"}],"wp:attachment":[{"href":"https:\/\/www.inederm.com\/es\/wp-json\/wp\/v2\/media?parent=5539"}],"curies":[{"name":"wp","href":"https:\/\/api.w.org\/{rel}","templated":true}]}}