{"id":5387,"date":"2024-12-10T11:49:31","date_gmt":"2024-12-10T10:49:31","guid":{"rendered":"https:\/\/www.inederm.com\/?page_id=5387"},"modified":"2025-01-15T11:09:13","modified_gmt":"2025-01-15T10:09:13","slug":"rejuvenecimiento-cutaneo","status":"publish","type":"page","link":"https:\/\/www.inederm.com\/es\/rejuvenecimiento-cutaneo\/","title":{"rendered":"Rejuvenecimiento cut\u00e1neo | Plataforma L\u00e1ser"},"content":{"rendered":"<p>[et_pb_section fb_built=&#8221;1&#8243; _builder_version=&#8221;4.17.0&#8243; _module_preset=&#8221;default&#8221; custom_padding=&#8221;30px||0px||false|false&#8221; global_colors_info=&#8221;{}&#8221;][et_pb_row column_structure=&#8221;1_3,1_3,1_3&#8243; use_custom_gutter=&#8221;on&#8221; gutter_width=&#8221;4&#8243; make_equal=&#8221;on&#8221; _builder_version=&#8221;4.17.0&#8243; _module_preset=&#8221;default&#8221; global_colors_info=&#8221;{}&#8221;][et_pb_column type=&#8221;1_3&#8243; _builder_version=&#8221;4.17.0&#8243; _module_preset=&#8221;default&#8221; global_colors_info=&#8221;{}&#8221;][et_pb_text _builder_version=&#8221;4.27.4&#8243; _module_preset=&#8221;default&#8221; text_font=&#8221;Rubik|300|||||||&#8221; header_3_font=&#8221;||||||||&#8221; header_3_font_size=&#8221;34px&#8221; header_4_text_color=&#8221;#00BEBE&#8221; header_4_font_size=&#8221;24px&#8221; custom_padding=&#8221;30px||||false|false&#8221; hover_enabled=&#8221;0&#8243; border_width_top=&#8221;3px&#8221; border_color_top=&#8221;#00BEBE&#8221; global_colors_info=&#8221;{}&#8221; header_font_size=&#8221;34px&#8221; sticky_enabled=&#8221;0&#8243;]<\/p>\n<h1 style=\"padding-bottom: 30px;\">Rejuvenecimiento cut\u00e1neo | L\u00e1ser CO<sub>2<\/sub><\/h1>\n<h4>\u00bfQu\u00e9 es?<\/h4>\n<p>El rejuvenecimiento cut\u00e1neo con l\u00e1ser CO<sub>2<\/sub> es una t\u00e9cnica que utiliza haces de luz l\u00e1ser para estimular la regeneraci\u00f3n de la piel, mejorando la textura, reduciendo las arrugas y eliminando las manchas de envejecimiento. Act\u00faa penetrando de forma controlada en las capas m\u00e1s profundas de la piel, provocando una renovaci\u00f3n celular induciendo la formaci\u00f3n de col\u00e1geno consiguiendo un efecto rejuvenecido en la piel.<\/p>\n<p>[\/et_pb_text][et_pb_image src=&#8221;https:\/\/www.inederm.com\/wp-content\/uploads\/2024\/12\/rejuvenecimiento-cutaneo-scaled.webp&#8221; alt=&#8221;Rejuvenecimiento cut\u00e1neo &#8221; title_text=&#8221;rejuvenecimiento-cutaneo&#8221; _builder_version=&#8221;4.18.0&#8243; _module_preset=&#8221;default&#8221; global_colors_info=&#8221;{}&#8221;][\/et_pb_image][\/et_pb_column][et_pb_column type=&#8221;1_3&#8243; _builder_version=&#8221;4.17.0&#8243; _module_preset=&#8221;default&#8221; global_colors_info=&#8221;{}&#8221;][et_pb_text _builder_version=&#8221;4.18.0&#8243; _module_preset=&#8221;default&#8221; text_font=&#8221;Rubik|300|||||||&#8221; header_3_font=&#8221;||||||||&#8221; header_3_font_size=&#8221;34px&#8221; header_4_text_color=&#8221;#00BEBE&#8221; header_4_font_size=&#8221;24px&#8221; custom_padding=&#8221;30px||||false|false&#8221; border_width_top=&#8221;3px&#8221; border_color_top=&#8221;#00BEBE&#8221; global_colors_info=&#8221;{}&#8221;]<\/p>\n<h4>Tratamiento<\/h4>\n<p>El tratamiento se realiza aplicando el l\u00e1ser en la zona facial y\/o zona de piel afectada. Se hace bajo anestesia local para reducir las molestias y se ajusta la intensidad seg\u00fan las necesidades de cada paciente. Despu\u00e9s del tratamiento, se recomienda evitar el sol y seguir las indicaciones de cuidado indicadas por el especialista.<\/p>\n<h4>Resultados y recuperaci\u00f3n<\/h4>\n<p>Los efectos son visibles despu\u00e9s de unas semanas, con una piel m\u00e1s lisa y uniforme. La recuperaci\u00f3n puede durar entre 7 y 10 d\u00edas, durante los cuales la piel puede presentar enrojecimiento o leve inflamaci\u00f3n. Los resultados suelen durar meses o incluso a\u00f1os con un buen mantenimiento y protecci\u00f3n solar.<\/p>\n<p>[\/et_pb_text][\/et_pb_column][et_pb_column type=&#8221;1_3&#8243; _builder_version=&#8221;4.17.0&#8243; _module_preset=&#8221;default&#8221; global_colors_info=&#8221;{}&#8221;][et_pb_image src=&#8221;https:\/\/www.inederm.com\/wp-content\/uploads\/2024\/12\/rejuvenecimiento-cutaneo-inederm.webp&#8221; alt=&#8221;Rejuvenecimiento cut\u00e1neo | Inederm &#8221; title_text=&#8221;rejuvenecimiento-cutaneo-inederm&#8221; _builder_version=&#8221;4.18.0&#8243; _module_preset=&#8221;default&#8221; custom_margin=&#8221;||29px|||&#8221; border_width_top=&#8221;3px&#8221; border_color_top=&#8221;#00BEBE&#8221; global_colors_info=&#8221;{}&#8221;][\/et_pb_image][\/et_pb_column][\/et_pb_row][\/et_pb_section][et_pb_section fb_built=&#8221;1&#8243; _builder_version=&#8221;4.17.0&#8243; _module_preset=&#8221;default&#8221; custom_margin=&#8221;60px||||false|false&#8221; custom_padding=&#8221;0px||||false|false&#8221; locked=&#8221;off&#8221; global_colors_info=&#8221;{}&#8221;][et_pb_row column_structure=&#8221;2_5,3_5&#8243; _builder_version=&#8221;4.17.0&#8243; _module_preset=&#8221;default&#8221; max_width=&#8221;100%&#8221; custom_margin=&#8221;0px|0px|0px|0px|false|true&#8221; custom_padding=&#8221;0px|0px|0px|0px|true|true&#8221; custom_css_main_element=&#8221;display:flex;||align-items: center;&#8221; global_colors_info=&#8221;{}&#8221; custom_css_main_element_last_edited=&#8221;on|tablet&#8221; custom_css_main_element_tablet=&#8221;display:block;&#8221; custom_css_main_element_phone=&#8221;display:block;&#8221;][et_pb_column type=&#8221;2_5&#8243; _builder_version=&#8221;4.17.0&#8243; _module_preset=&#8221;default&#8221; custom_padding=&#8221;10px|10px|10px|10px|true|true&#8221; global_colors_info=&#8221;{}&#8221; custom_css_main_element_last_edited=&#8221;on|tablet&#8221; custom_css_main_element_tablet=&#8221;width:100% !important;&#8221; custom_css_main_element_phone=&#8221;width:100% !important;&#8221;][et_pb_text _builder_version=&#8221;4.17.0&#8243; _module_preset=&#8221;default&#8221; text_font=&#8221;Rubik|300|||||||&#8221; link_text_color=&#8221;#00BEBE&#8221; header_3_font=&#8221;|600||on|||||&#8221; header_3_font_size=&#8221;32px&#8221; header_3_line_height=&#8221;1.1em&#8221; max_width=&#8221;400px&#8221; module_alignment=&#8221;right&#8221; module_alignment_tablet=&#8221;left&#8221; module_alignment_phone=&#8221;left&#8221; module_alignment_last_edited=&#8221;on|tablet&#8221; global_colors_info=&#8221;{}&#8221;]<\/p>\n<h3>AGENDAR UNA CITA<\/h3>\n<p>Acn\u00e9, dermatitis, manchas, ros\u00e1cea&#8230; Programa una consulta, deja que los profesionales te aconsejen y resuelve tus dudas. Tambi\u00e9n existe la opci\u00f3n de <strong>consulta virtual de pago<\/strong> por parte de un especialista dermatol\u00f3gico.<\/p>\n<p>&nbsp;<\/p>\n<p><a class=\"boton-inicio-reserva\" href=\"https:\/\/inederm.simplybook.it\/v2\/#book\/count\/1\/\" target=\"_blank\" rel=\"noopener\">Pedir Cita Previa<\/a>[\/et_pb_text][\/et_pb_column][et_pb_column type=&#8221;3_5&#8243; _builder_version=&#8221;4.17.0&#8243; _module_preset=&#8221;default&#8221; global_colors_info=&#8221;{}&#8221; custom_css_main_element_last_edited=&#8221;on|tablet&#8221; custom_css_main_element_tablet=&#8221;width:100% !important;&#8221; custom_css_main_element_phone=&#8221;width:100% !important;&#8221;][et_pb_image src=&#8221;https:\/\/www.inederm.com\/wp-content\/uploads\/2022\/04\/reserva-24-7-1.jpg&#8221; title_text=&#8221;reserva 24-7&#8243; force_fullwidth=&#8221;on&#8221; _builder_version=&#8221;4.17.0&#8243; _module_preset=&#8221;default&#8221; global_colors_info=&#8221;{}&#8221;][\/et_pb_image][\/et_pb_column][\/et_pb_row][\/et_pb_section]<\/p>\n","protected":false},"excerpt":{"rendered":"<p>Rejuvenecimiento cut\u00e1neo | L\u00e1ser CO2 \u00bfQu\u00e9 es? El rejuvenecimiento cut\u00e1neo con l\u00e1ser CO2 es una t\u00e9cnica que utiliza haces de luz l\u00e1ser para estimular la regeneraci\u00f3n de la piel, mejorando la textura, reduciendo las arrugas y eliminando las manchas de envejecimiento. Act\u00faa penetrando de forma controlada en las capas m\u00e1s profundas de la piel, provocando [&hellip;]<\/p>\n","protected":false},"author":1,"featured_media":0,"parent":0,"menu_order":0,"comment_status":"closed","ping_status":"closed","template":"","meta":{"_et_pb_use_builder":"on","_et_pb_old_content":"","_et_gb_content_width":"","inline_featured_image":false,"footnotes":""},"class_list":["post-5387","page","type-page","status-publish","hentry"],"_links":{"self":[{"href":"https:\/\/www.inederm.com\/es\/wp-json\/wp\/v2\/pages\/5387","targetHints":{"allow":["GET"]}}],"collection":[{"href":"https:\/\/www.inederm.com\/es\/wp-json\/wp\/v2\/pages"}],"about":[{"href":"https:\/\/www.inederm.com\/es\/wp-json\/wp\/v2\/types\/page"}],"author":[{"embeddable":true,"href":"https:\/\/www.inederm.com\/es\/wp-json\/wp\/v2\/users\/1"}],"replies":[{"embeddable":true,"href":"https:\/\/www.inederm.com\/es\/wp-json\/wp\/v2\/comments?post=5387"}],"version-history":[{"count":6,"href":"https:\/\/www.inederm.com\/es\/wp-json\/wp\/v2\/pages\/5387\/revisions"}],"predecessor-version":[{"id":5724,"href":"https:\/\/www.inederm.com\/es\/wp-json\/wp\/v2\/pages\/5387\/revisions\/5724"}],"wp:attachment":[{"href":"https:\/\/www.inederm.com\/es\/wp-json\/wp\/v2\/media?parent=5387"}],"curies":[{"name":"wp","href":"https:\/\/api.w.org\/{rel}","templated":true}]}}