{"id":5364,"date":"2024-12-10T11:15:00","date_gmt":"2024-12-10T10:15:00","guid":{"rendered":"https:\/\/www.inederm.com\/?page_id=5364"},"modified":"2025-01-15T11:33:38","modified_gmt":"2025-01-15T10:33:38","slug":"aranas-vasculares-faciales","status":"publish","type":"page","link":"https:\/\/www.inederm.com\/es\/aranas-vasculares-faciales\/","title":{"rendered":"Ara\u00f1as vasculares faciales"},"content":{"rendered":"<p>[et_pb_section fb_built=&#8221;1&#8243; _builder_version=&#8221;4.17.0&#8243; _module_preset=&#8221;default&#8221; custom_padding=&#8221;30px||0px||false|false&#8221; global_colors_info=&#8221;{}&#8221;][et_pb_row column_structure=&#8221;1_3,1_3,1_3&#8243; use_custom_gutter=&#8221;on&#8221; gutter_width=&#8221;4&#8243; make_equal=&#8221;on&#8221; _builder_version=&#8221;4.17.0&#8243; _module_preset=&#8221;default&#8221; global_colors_info=&#8221;{}&#8221;][et_pb_column type=&#8221;1_3&#8243; _builder_version=&#8221;4.17.0&#8243; _module_preset=&#8221;default&#8221; global_colors_info=&#8221;{}&#8221;][et_pb_text _builder_version=&#8221;4.27.4&#8243; _module_preset=&#8221;default&#8221; text_font=&#8221;Rubik|300|||||||&#8221; header_3_font=&#8221;||||||||&#8221; header_3_font_size=&#8221;34px&#8221; header_4_text_color=&#8221;#00BEBE&#8221; header_4_font_size=&#8221;24px&#8221; custom_padding=&#8221;30px||||false|false&#8221; hover_enabled=&#8221;0&#8243; border_width_top=&#8221;3px&#8221; border_color_top=&#8221;#00BEBE&#8221; global_colors_info=&#8221;{}&#8221; header_font_size=&#8221;34px&#8221; sticky_enabled=&#8221;0&#8243;]<\/p>\n<h1 style=\"padding-bottom: 30px;\">Ara\u00f1as vasculares faciales I Dermatolog\u00eda est\u00e9tica<\/h1>\n<h4>\u00bfQu\u00e9 es?<\/h4>\n<p>Las ara\u00f1as vasculares o telangiectasias, son peque\u00f1as venas dilatadas visibles bajo la piel, que suelen aparecer en forma de hilos rojizos o azulados. Son causadas por la dilataci\u00f3n de vasos sangu\u00edneos superficiales y pueden ser est\u00e9ticamente molestas.<\/p>\n<p>[\/et_pb_text][et_pb_image src=&#8221;https:\/\/www.inederm.com\/wp-content\/uploads\/2024\/12\/aranas-vasculares-faciales.webp&#8221; alt=&#8221;Ara\u00f1as vasculares faciales | Inederm&#8221; title_text=&#8221;aranas-vasculares-faciales&#8221; _builder_version=&#8221;4.18.0&#8243; _module_preset=&#8221;default&#8221; global_colors_info=&#8221;{}&#8221;][\/et_pb_image][\/et_pb_column][et_pb_column type=&#8221;1_3&#8243; _builder_version=&#8221;4.17.0&#8243; _module_preset=&#8221;default&#8221; global_colors_info=&#8221;{}&#8221;][et_pb_text _builder_version=&#8221;4.18.0&#8243; _module_preset=&#8221;default&#8221; text_font=&#8221;Rubik|300|||||||&#8221; header_3_font=&#8221;||||||||&#8221; header_3_font_size=&#8221;34px&#8221; header_4_text_color=&#8221;#00BEBE&#8221; header_4_font_size=&#8221;24px&#8221; custom_padding=&#8221;30px||||false|false&#8221; border_width_top=&#8221;3px&#8221; border_color_top=&#8221;#00BEBE&#8221; global_colors_info=&#8221;{}&#8221;]<\/p>\n<h4>Tratamiento<\/h4>\n<p>El tratamiento m\u00e1s efectivo para las telangi\u00e9ctasis faciales es la terapia con l\u00e1ser IPL (Luz Pulsada Intensa). Este tratamiento dirige pulsos de luz controlados hacia los vasos sangu\u00edneos afectados. La luz es absorbida por la hemoglobina de la sangre, convirti\u00e9ndose en calor, que destruye los capilares dilatados preservando la integridad del tejido circundante.<\/p>\n<h4>Resultados y recuperaci\u00f3n<\/h4>\n<p>Los resultados del L\u00e1ser IPL son visibles de forma progresiva, pero desde el primer d\u00eda el paciente ya podr\u00e1 notar ciertos cambios en su piel, se consiguen eliminar las ara\u00f1as vasculares en un periodo muy breve, haciendo que el paciente pueda regresar a sus actividades diarias de forma inmediata. Se recomienda limitar la exposici\u00f3n solar y aplicar protector solar de factor alto durante las semanas posteriores al tratamiento para evitar complicaciones como la hiperpigmentaci\u00f3n.<\/p>\n<p>[\/et_pb_text][\/et_pb_column][et_pb_column type=&#8221;1_3&#8243; _builder_version=&#8221;4.17.0&#8243; _module_preset=&#8221;default&#8221; global_colors_info=&#8221;{}&#8221;][et_pb_image src=&#8221;https:\/\/www.inederm.com\/wp-content\/uploads\/2024\/12\/aranas-vasculares-faciales-inederm.webp&#8221; alt=&#8221;Ara\u00f1as vasculares faciales | Dermatolog\u00eda est\u00e9tica &#8221; title_text=&#8221;aranas-vasculares-faciales-inederm&#8221; _builder_version=&#8221;4.18.0&#8243; _module_preset=&#8221;default&#8221; custom_margin=&#8221;||29px|||&#8221; border_width_top=&#8221;3px&#8221; border_color_top=&#8221;#00BEBE&#8221; global_colors_info=&#8221;{}&#8221;][\/et_pb_image][\/et_pb_column][\/et_pb_row][\/et_pb_section][et_pb_section fb_built=&#8221;1&#8243; _builder_version=&#8221;4.17.0&#8243; _module_preset=&#8221;default&#8221; custom_margin=&#8221;60px||||false|false&#8221; custom_padding=&#8221;0px||||false|false&#8221; locked=&#8221;off&#8221; global_colors_info=&#8221;{}&#8221;][et_pb_row column_structure=&#8221;2_5,3_5&#8243; _builder_version=&#8221;4.17.0&#8243; _module_preset=&#8221;default&#8221; max_width=&#8221;100%&#8221; custom_margin=&#8221;0px|0px|0px|0px|false|true&#8221; custom_padding=&#8221;0px|0px|0px|0px|true|true&#8221; custom_css_main_element=&#8221;display:flex;||align-items: center;&#8221; global_colors_info=&#8221;{}&#8221; custom_css_main_element_last_edited=&#8221;on|tablet&#8221; custom_css_main_element_tablet=&#8221;display:block;&#8221; custom_css_main_element_phone=&#8221;display:block;&#8221;][et_pb_column type=&#8221;2_5&#8243; _builder_version=&#8221;4.17.0&#8243; _module_preset=&#8221;default&#8221; custom_padding=&#8221;10px|10px|10px|10px|true|true&#8221; global_colors_info=&#8221;{}&#8221; custom_css_main_element_last_edited=&#8221;on|tablet&#8221; custom_css_main_element_tablet=&#8221;width:100% !important;&#8221; custom_css_main_element_phone=&#8221;width:100% !important;&#8221;][et_pb_text _builder_version=&#8221;4.17.0&#8243; _module_preset=&#8221;default&#8221; text_font=&#8221;Rubik|300|||||||&#8221; link_text_color=&#8221;#00BEBE&#8221; header_3_font=&#8221;|600||on|||||&#8221; header_3_font_size=&#8221;32px&#8221; header_3_line_height=&#8221;1.1em&#8221; max_width=&#8221;400px&#8221; module_alignment=&#8221;right&#8221; module_alignment_tablet=&#8221;left&#8221; module_alignment_phone=&#8221;left&#8221; module_alignment_last_edited=&#8221;on|tablet&#8221; global_colors_info=&#8221;{}&#8221;]<\/p>\n<h3>AGENDAR UNA CITA<\/h3>\n<p>Acn\u00e9, dermatitis, manchas, ros\u00e1cea&#8230; Programa una consulta, deja que los profesionales te aconsejen y resuelve tus dudas. Tambi\u00e9n existe la opci\u00f3n de <strong>consulta virtual de pago<\/strong> por parte de un especialista dermatol\u00f3gico.<\/p>\n<p>&nbsp;<\/p>\n<p><a class=\"boton-inicio-reserva\" href=\"https:\/\/inederm.simplybook.it\/v2\/#book\/count\/1\/\" target=\"_blank\" rel=\"noopener\">Pedir Cita Previa<\/a>[\/et_pb_text][\/et_pb_column][et_pb_column type=&#8221;3_5&#8243; _builder_version=&#8221;4.17.0&#8243; _module_preset=&#8221;default&#8221; global_colors_info=&#8221;{}&#8221; custom_css_main_element_last_edited=&#8221;on|tablet&#8221; custom_css_main_element_tablet=&#8221;width:100% !important;&#8221; custom_css_main_element_phone=&#8221;width:100% !important;&#8221;][et_pb_image src=&#8221;https:\/\/www.inederm.com\/wp-content\/uploads\/2022\/04\/reserva-24-7-1.jpg&#8221; title_text=&#8221;reserva 24-7&#8243; force_fullwidth=&#8221;on&#8221; _builder_version=&#8221;4.17.0&#8243; _module_preset=&#8221;default&#8221; global_colors_info=&#8221;{}&#8221;][\/et_pb_image][\/et_pb_column][\/et_pb_row][\/et_pb_section]<\/p>\n","protected":false},"excerpt":{"rendered":"<p>Ara\u00f1as vasculares faciales I Dermatolog\u00eda est\u00e9tica \u00bfQu\u00e9 es? Las ara\u00f1as vasculares o telangiectasias, son peque\u00f1as venas dilatadas visibles bajo la piel, que suelen aparecer en forma de hilos rojizos o azulados. Son causadas por la dilataci\u00f3n de vasos sangu\u00edneos superficiales y pueden ser est\u00e9ticamente molestas.Tratamiento El tratamiento m\u00e1s efectivo para las telangi\u00e9ctasis faciales es la [&hellip;]<\/p>\n","protected":false},"author":1,"featured_media":0,"parent":0,"menu_order":0,"comment_status":"closed","ping_status":"closed","template":"","meta":{"_et_pb_use_builder":"on","_et_pb_old_content":"","_et_gb_content_width":"","inline_featured_image":false,"footnotes":""},"class_list":["post-5364","page","type-page","status-publish","hentry"],"_links":{"self":[{"href":"https:\/\/www.inederm.com\/es\/wp-json\/wp\/v2\/pages\/5364","targetHints":{"allow":["GET"]}}],"collection":[{"href":"https:\/\/www.inederm.com\/es\/wp-json\/wp\/v2\/pages"}],"about":[{"href":"https:\/\/www.inederm.com\/es\/wp-json\/wp\/v2\/types\/page"}],"author":[{"embeddable":true,"href":"https:\/\/www.inederm.com\/es\/wp-json\/wp\/v2\/users\/1"}],"replies":[{"embeddable":true,"href":"https:\/\/www.inederm.com\/es\/wp-json\/wp\/v2\/comments?post=5364"}],"version-history":[{"count":5,"href":"https:\/\/www.inederm.com\/es\/wp-json\/wp\/v2\/pages\/5364\/revisions"}],"predecessor-version":[{"id":5749,"href":"https:\/\/www.inederm.com\/es\/wp-json\/wp\/v2\/pages\/5364\/revisions\/5749"}],"wp:attachment":[{"href":"https:\/\/www.inederm.com\/es\/wp-json\/wp\/v2\/media?parent=5364"}],"curies":[{"name":"wp","href":"https:\/\/api.w.org\/{rel}","templated":true}]}}