{"id":3707,"date":"2022-08-30T08:47:34","date_gmt":"2022-08-30T06:47:34","guid":{"rendered":"https:\/\/www.inederm.com\/politica-de-privacidad\/"},"modified":"2024-12-11T08:32:19","modified_gmt":"2024-12-11T07:32:19","slug":"politica-de-privacidad","status":"publish","type":"page","link":"https:\/\/www.inederm.com\/es\/politica-de-privacidad\/","title":{"rendered":"Pol\u00edtica de Privacidad"},"content":{"rendered":"<p>[et_pb_section fb_built=&#8221;1&#8243; _builder_version=&#8221;4.17.0&#8243; _module_preset=&#8221;default&#8221; custom_padding=&#8221;30px||0px||false|false&#8221; global_colors_info=&#8221;{}&#8221;][et_pb_row use_custom_gutter=&#8221;on&#8221; gutter_width=&#8221;4&#8243; make_equal=&#8221;on&#8221; _builder_version=&#8221;4.17.0&#8243; _module_preset=&#8221;default&#8221; global_colors_info=&#8221;{}&#8221;][et_pb_column type=&#8221;4_4&#8243; _builder_version=&#8221;4.17.0&#8243; _module_preset=&#8221;default&#8221; global_colors_info=&#8221;{}&#8221;][et_pb_text _builder_version=&#8221;4.27.4&#8243; _module_preset=&#8221;default&#8221; text_font=&#8221;Rubik|300|||||||&#8221; header_3_font=&#8221;||||||||&#8221; header_3_font_size=&#8221;34px&#8221; header_4_text_color=&#8221;#00BEBE&#8221; header_4_font_size=&#8221;24px&#8221; custom_padding=&#8221;30px||||false|false&#8221; hover_enabled=&#8221;0&#8243; border_width_top=&#8221;3px&#8221; border_color_top=&#8221;#00BEBE&#8221; global_colors_info=&#8221;{}&#8221; sticky_enabled=&#8221;0&#8243;]<\/p>\n<h3>POL\u00cdTICA DE PRIVACIDAD<\/h3>\n<p>En INSTITUT EIXAMPLE DE DERMATOLOGIA, SLP nos preocupamos por la privacidad y la transparencia.<\/p>\n<h4>\u00bfQui\u00e9n es el responsable del tratamiento de sus datos?<\/h4>\n<p>INSTITUT EIXAMPLE DE DERMATOLOGIA, SLP<\/p>\n<p>B67582536<\/p>\n<p>C\/ de Casp 126-128, Entr. 2\u00ba, 08013, Barcelona<\/p>\n<p>931 92 11 68<\/p>\n<p><strong><a href=\"mailto:info@inederm.com\">info@inederm.com<\/a> \u00a0\u00a0<\/strong><\/p>\n<p><em><strong><\/strong><\/em><\/p>\n<p><em><strong>1.1 Datos de contacto del Delegado de Protecci\u00f3n de Datos (DPD):<\/strong><\/em><\/p>\n<p>LAUDE CONSULTORIA Y FORMACI\u00d3N, S.L.<\/p>\n<p>C\/ SALVADOR ESPRIU 8, 17246, SANTA CRISTINA D&#8217;ARO<\/p>\n<p><strong>\u00a0<a href=\"mailto:dpo@laudeconsultoria.com\">dpo@laudeconsultoria.com<\/a><\/strong><\/p>\n<p><strong><\/strong><\/p>\n<h4>\u00bf<strong>Con qu\u00e9 finalidad tratamos sus datos personales?<\/strong><\/h4>\n<ul>\n<li><strong>Tratamiento de datos de potenciales clientes y contactos:<\/strong> Realizar la gesti\u00f3n de potenciales clientes que se han interesado sobre nuestros productos y\/o servicios, as\u00ed como otros contactos comerciales y realizar, en su caso, el env\u00edo de comunicaciones promocionales inclusive por v\u00eda electr\u00f3nica. En el caso de que no facilite sus datos personales, no podremos cumplir con las finalidades descritas.<\/li>\n<li><strong>Tratamiento de datos de candidatos a un puesto de trabajo:<\/strong> Gestionar los Curriculum Vitae recibidos y realizar los procesos de selecci\u00f3n de personal, entrevistas y dem\u00e1s tr\u00e1mites necesarios para la b\u00fasqueda del mejor candidato posible a un puesto de trabajo determinado. En el caso de que no facilite sus datos personales, no podremos cumplir con las finalidades descritas.<\/li>\n<li><strong>Tratamiento de datos de clientes:<\/strong> Gesti\u00f3n fiscal, contable y administrativa de clientes, as\u00ed como realizar el cobro correctamente y enviar comunicaciones comerciales si as\u00ed lo consiente. En el caso de que no facilite sus datos personales, no podremos cumplir con las finalidades descritas.<\/li>\n<li><strong>Gesti\u00f3n del historial cl\u00ednico del paciente:<\/strong> Realizar la gesti\u00f3n de los datos de los pacientes destinados a facilitar la asistencia sanitaria, dejando constancia de todos aquellos datos que, bajo criterio m\u00e9dico, permitan el conocimiento veraz y actualizado del estado de salud<\/li>\n<\/ul>\n<p>En ninguno de los tratamientos no se van a tomar decisiones automatizadas en base a los datos proporcionados.<\/p>\n<p>\u00bfPor cu\u00e1nto tiempo conservaremos sus datos?<\/p>\n<ul>\n<li><strong>Tratamiento de datos de potenciales clientes y contactos: <\/strong>Los datos se conservar\u00e1n mientras el interesado no solicite su supresi\u00f3n, siempre y cuando sean necesarios para las finalidades descritas. Se suprimir\u00e1n una vez dejen de ser necesarios para la finalidad descrita.<\/li>\n<li><strong>Tratamiento de datos de candidatos a un puesto de trabajo:<\/strong> Dos a\u00f1os desde la \u00faltima interacci\u00f3n.<\/li>\n<li><strong>Tratamiento de datos de clientes:<\/strong> Los datos se conservar\u00e1n mientras el interesado no solicite su supresi\u00f3n y, como plazo m\u00e1ximo, durante los a\u00f1os necesarios para cumplir con las obligaciones legales.<\/li>\n<li><strong>Gesti\u00f3n del historial cl\u00ednico del paciente: <\/strong>Los datos se conservar\u00e1n, como m\u00ednimo cinco a\u00f1os contados desde la fecha del alta de cada proceso asistencial, seg\u00fan consta en la normativa estatal vigente en la materia (puede variar dependiendo de la legislaci\u00f3n auton\u00f3mica). Por estar el centro en Catalu\u00f1a, y conforme su normativa vigente, se conservar\u00e1 por un periodo de 15 a\u00f1os a contar desde la fecha del alta asistencial para la conservaci\u00f3n de los siguientes documentos: las hojas de consentimiento informado, los informes de alta, los informes quir\u00fargicos, los datos relativos a la anestesia, los informes de exploraciones complementarias y los informes de anatom\u00eda patol\u00f3gica.<\/li>\n<\/ul>\n<h4><strong>\u00bfCu\u00e1l es la legitimaci\u00f3n para el tratamiento de sus datos?<\/strong><\/h4>\n<p>Le indicamos la base legal para el tratamiento de sus datos:<\/p>\n<ul>\n<li><strong>Tratamiento de datos de potenciales clientes y contactos: <\/strong>\n<ul>\n<li>Ejecuci\u00f3n de un contrato: Gesti\u00f3n de potenciales clientes que se han interesado sobre nuestros productos y\/o servicios. (RGPD, art. 6.1.b).<\/li>\n<li>Consentimiento del interesado: Enviar comunicaciones promocionales, inclusive por v\u00eda electr\u00f3nica. (RGPD, art. 6.1.a, LSSICE art.21).<\/li>\n<li>Inter\u00e9s leg\u00edtimo del Responsable: Gesti\u00f3n de los datos de contacto profesionales (LOPDGDD art.19, RGPD art. 6.1.f).<\/li>\n<\/ul>\n<\/li>\n<li><strong>Tratamiento de datos de candidatos a un puesto de trabajo: <\/strong>\n<ul>\n<li>Ejecuci\u00f3n de un contrato: Gest\u00edon de los Curriculum Vitae entregados por el candidato para realizar los procesos de selecci\u00f3n de personal para la b\u00fasqueda del mejor candidato posible a un puesto de trabajo determinado. (RGPD art. 6.1.b).<\/li>\n<\/ul>\n<\/li>\n<li><strong>Tratamiento de datos de clientes:<\/strong>\n<ul>\n<li>Ejecuci\u00f3n de un contrato: Gesti\u00f3n fiscal, contable y administrativa de clientes, as\u00ed como realizar el cobro correctamente (RGPD art. 6.1.b).<\/li>\n<li>Consentimiento expreso del interesado: Env\u00edo de comunicaciones comerciales (RGPD art. 6.1.a)<\/li>\n<\/ul>\n<\/li>\n<li><strong>Gesti\u00f3n del historial cl\u00ednico del paciente:<\/strong>\n<ul>\n<li>Ejecuci\u00f3n de un contrato: Prestar los servicios asistenciales solicitados por el paciente. (RGPD arts. 6.1.b y 9.2.h).<\/li>\n<li>Cumplimiento de una obligaci\u00f3n legal: En lo referente al contenido, uso y conservaci\u00f3n de los datos de la historia cl\u00ednica. (Ley 41\/2002, de 14 de noviembre, b\u00e1sica reguladora de la autonom\u00eda del paciente y de derechos y obligaciones en materia de informaci\u00f3n y documentaci\u00f3n cl\u00ednica; RGPD arts. 6.1.c y 9.2.h). En lo referente al per\u00edodo de conservaci\u00f3n concreto en Catalu\u00f1a para determinados datos (Ley 16\/2010, de 3 de junio, de modificaci\u00f3n de la Ley 21\/2000, de 29 de diciembre, sobre los derechos de informaci\u00f3n concerniente a la salud y la autonom\u00eda del paciente, y la documentaci\u00f3n cl\u00ednica art. 12.4)<\/li>\n<\/ul>\n<\/li>\n<\/ul>\n<p><strong><\/strong><\/p>\n<h4><strong>\u00bfA qu\u00e9 destinatarios se comunicar\u00e1n sus datos?<\/strong><\/h4>\n<ul>\n<li><strong>Tratamiento de datos de potenciales clientes y contactos:<\/strong> No se ceder\u00e1n datos a terceros, salvo obligaci\u00f3n legal.<\/li>\n<li><strong>Tratamiento de datos de candidatos a un puesto de trabajo:<\/strong> No se ceder\u00e1n datos a terceros, salvo obligaci\u00f3n legal.<\/li>\n<li><strong>Tratamiento de datos de clientes: <\/strong>\n<ul>\n<li>Administraci\u00f3n Tributaria, con la finalidad de cumplir las obligaciones legales (requisito legal)<\/li>\n<li>Entidades financieras, con la finalidad de realizar los cobros (requisito contractual)<\/li>\n<li>Gestor\u00eda, con la finalidad de llevar la facturaci\u00f3n y contabilidad (requisito contractual).<\/li>\n<\/ul>\n<\/li>\n<li><strong>Gesti\u00f3n del historial cl\u00ednico del paciente:<\/strong>\n<ul>\n<li>Doctores aut\u00f3nomos u otros centros m\u00e9dicos, con la finalidad de prestar el servicio \/ asistencia sanitaria requerida por el paciente (requisito contractual).<\/li>\n<li>Laboratorios prot\u00e9sicos, con la finalidad de elaborar las pr\u00f3tesis, moldes o accesorio que el paciente requiera para su tratamiento (requisito contractual)<\/li>\n<\/ul>\n<\/li>\n<\/ul>\n<p><strong><\/strong><\/p>\n<h4><strong>Transferencias de datos a terceros pa\u00edses<\/strong><\/h4>\n<p>No est\u00e1n previstas transferencias de datos a terceros pa\u00edses en ninguno de los tratamientos.<\/p>\n<h4><strong>\u00bfCu\u00e1les son sus derechos cuando nos facilita sus datos?<\/strong><\/h4>\n<p>Cualquier persona tiene derecho a obtener confirmaci\u00f3n sobre si en INSTITUT EIXAMPLE DE DERMATOLOGIA, SLP estamos tratando, o no, datos personales que les conciernan.<\/p>\n<p>Las personas interesadas tienen derecho a acceder a sus datos personales, as\u00ed como a solicitar la rectificaci\u00f3n de los datos inexactos o, en su caso, solicitar su supresi\u00f3n cuando, entre otros motivos, los datos ya no sean necesarios para los fines que fueron recogidos. Igualmente tiene derecho a la portabilidad de sus datos.<\/p>\n<p>En determinadas circunstancias, los interesados podr\u00e1n solicitar la limitaci\u00f3n del tratamiento de sus datos, en cuyo caso \u00fanicamente los conservaremos para el ejercicio o la defensa de reclamaciones.<\/p>\n<p>En determinadas circunstancias y por motivos relacionados con su situaci\u00f3n particular, los interesados podr\u00e1n oponerse al tratamiento de sus datos. En este caso, INSTITUT EIXAMPLE DE DERMATOLOGIA, SLP dejar\u00e1 de tratar los datos, salvo por motivos leg\u00edtimos imperiosos, o el ejercicio o la defensa de posibles reclamaciones.<\/p>\n<p>Podr\u00e1 ejercitar materialmente sus derechos dirigi\u00e9ndose a C\/ de Casp 126-128, Entr. 2\u00ba, 08013, Barcelona o a <a href=\"mailto:info@inederm.com\"><strong>info@inederm.com<\/strong><\/a>.<\/p>\n<p>Cuando se realice el env\u00edo de comunicaciones comerciales utilizando como base jur\u00eddica el inter\u00e9s leg\u00edtimo del responsable, el interesado podr\u00e1 oponerse al tratamiento de sus datos con ese fin.<\/p>\n<p>Si ha otorgado su consentimiento para alguna finalidad concreta, tiene derecho a retirar el consentimiento otorgado en cualquier momento, sin que ello afecte a la licitud del tratamiento basado en el consentimiento previo a su retirada.<\/p>\n<p>En caso de que sienta vulnerados sus derechos en lo concerniente a la protecci\u00f3n de sus datos personales, especialmente cuando no haya obtenido satisfacci\u00f3n en el ejercicio de sus derechos, puede presentar una reclamaci\u00f3n ante la Autoridad de Control en materia de Protecci\u00f3n de Datos competente a trav\u00e9s de su sitio web:<span style=\"color: #434041;\"><strong> <a href=\"http:\/\/www.aepd.es\" style=\"color: #434041;\" target=\"_blank\" rel=\"noopener\">www.aepd.es<\/a><\/strong><\/span>.<\/p>\n<h4><strong>\u00bfC\u00f3mo hemos obtenido sus datos?<\/strong><\/h4>\n<p>Los datos personales que tratamos en INSTITUT EIXAMPLE DE DERMATOLOGIA, SLP proceden del propio interesado.<\/p>\n<p>Las categor\u00edas de datos que se tratan son:<\/p>\n<ul>\n<li><strong>Tratamiento de datos de potenciales clientes y contactos: <\/strong>\n<ul>\n<li>Datos identificativos.<\/li>\n<li>Direcciones postales y electr\u00f3nicas.<\/li>\n<\/ul>\n<\/li>\n<li><strong>Tratamiento de datos de candidatos a un puesto de trabajo:<\/strong>\n<ul>\n<li>Datos identificativos.<\/li>\n<li>Direcciones postales y electr\u00f3nicas.<\/li>\n<li>Informaci\u00f3n comercial<\/li>\n<\/ul>\n<\/li>\n<li><strong>Tratamiento de datos de clientes:<\/strong>\n<ul>\n<li>Datos identificativos.<\/li>\n<li>Datos de contacto (direcciones postales y electr\u00f3nicas)<\/li>\n<li>Datos econ\u00f3micos<\/li>\n<\/ul>\n<\/li>\n<li><strong>Gesti\u00f3n del historial cl\u00ednico del paciente:<\/strong>\n<ul>\n<li>Datos identificativos<\/li>\n<li>Historia cl\u00ednica (datos de identificaci\u00f3n del enfermo y de la asistencia, datos clinicoasistenciales, etc.).<\/li>\n<\/ul>\n<\/li>\n<\/ul>\n<p>[\/et_pb_text][\/et_pb_column][\/et_pb_row][\/et_pb_section]<\/p>\n","protected":false},"excerpt":{"rendered":"<p>POL\u00cdTICA DE PRIVACIDAD En INSTITUT EIXAMPLE DE DERMATOLOGIA, SLP nos preocupamos por la privacidad y la transparencia. \u00bfQui\u00e9n es el responsable del tratamiento de sus datos? INSTITUT EIXAMPLE DE DERMATOLOGIA, SLP B67582536 C\/ de Casp 126-128, Entr. 2\u00ba, 08013, Barcelona 931 92 11 68 info@inederm.com \u00a0\u00a0 1.1 Datos de contacto del Delegado de Protecci\u00f3n de [&hellip;]<\/p>\n","protected":false},"author":1,"featured_media":0,"parent":0,"menu_order":0,"comment_status":"closed","ping_status":"closed","template":"","meta":{"_et_pb_use_builder":"on","_et_pb_old_content":"","_et_gb_content_width":"","inline_featured_image":false,"footnotes":""},"class_list":["post-3707","page","type-page","status-publish","hentry"],"_links":{"self":[{"href":"https:\/\/www.inederm.com\/es\/wp-json\/wp\/v2\/pages\/3707","targetHints":{"allow":["GET"]}}],"collection":[{"href":"https:\/\/www.inederm.com\/es\/wp-json\/wp\/v2\/pages"}],"about":[{"href":"https:\/\/www.inederm.com\/es\/wp-json\/wp\/v2\/types\/page"}],"author":[{"embeddable":true,"href":"https:\/\/www.inederm.com\/es\/wp-json\/wp\/v2\/users\/1"}],"replies":[{"embeddable":true,"href":"https:\/\/www.inederm.com\/es\/wp-json\/wp\/v2\/comments?post=3707"}],"version-history":[{"count":5,"href":"https:\/\/www.inederm.com\/es\/wp-json\/wp\/v2\/pages\/3707\/revisions"}],"predecessor-version":[{"id":5603,"href":"https:\/\/www.inederm.com\/es\/wp-json\/wp\/v2\/pages\/3707\/revisions\/5603"}],"wp:attachment":[{"href":"https:\/\/www.inederm.com\/es\/wp-json\/wp\/v2\/media?parent=3707"}],"curies":[{"name":"wp","href":"https:\/\/api.w.org\/{rel}","templated":true}]}}