{"id":1463,"date":"2022-06-08T09:43:25","date_gmt":"2022-06-08T09:43:25","guid":{"rendered":"https:\/\/www.inederm.com\/dermatologia-venereologica-i-gonococ-es\/"},"modified":"2022-09-28T08:45:55","modified_gmt":"2022-09-28T08:45:55","slug":"dermatologia-venereologica-i-gonococ-es","status":"publish","type":"page","link":"https:\/\/www.inederm.com\/es\/dermatologia-venereologica-i-gonococ-es\/","title":{"rendered":"Dermatolog\u00eda Venereol\u00f3gica I Gonococ"},"content":{"rendered":"<p>[et_pb_section fb_built=&#8221;1&#8243; _builder_version=&#8221;4.17.0&#8243; _module_preset=&#8221;default&#8221; custom_padding=&#8221;30px||0px||false|false&#8221; global_colors_info=&#8221;{}&#8221;][et_pb_row column_structure=&#8221;1_3,1_3,1_3&#8243; use_custom_gutter=&#8221;on&#8221; gutter_width=&#8221;4&#8243; make_equal=&#8221;on&#8221; _builder_version=&#8221;4.17.0&#8243; _module_preset=&#8221;default&#8221; global_colors_info=&#8221;{}&#8221;][et_pb_column type=&#8221;1_3&#8243; _builder_version=&#8221;4.17.0&#8243; _module_preset=&#8221;default&#8221; global_colors_info=&#8221;{}&#8221;][et_pb_text _builder_version=&#8221;4.17.0&#8243; _module_preset=&#8221;default&#8221; text_font=&#8221;Rubik|300|||||||&#8221; header_3_font=&#8221;||||||||&#8221; header_3_font_size=&#8221;34px&#8221; header_4_text_color=&#8221;#00BEBE&#8221; header_4_font_size=&#8221;24px&#8221; custom_padding=&#8221;30px||||false|false&#8221; border_width_top=&#8221;3px&#8221; border_color_top=&#8221;#00BEBE&#8221; global_colors_info=&#8221;{}&#8221;]<\/p>\n<h3 style=\"padding-bottom: 30px;\">Gonococ\u00a0I Dermatolog\u00eda venereol\u00f3gica<\/h3>\n<h4>\u00bfQu\u00e9 es el gonococ?<\/h4>\n<p>El gonococ, tambi\u00e9n conocido popularmente como \u201cgonorrea\u201d, es una enfermedad de transmisi\u00f3n sexual bastante frecuente, que puede generar s\u00edntomas en diversas zonas corporales. Las posibilidades de que una mujer pueda transmitir la bacteria a un hombre, manteniendo relaciones sexuales sin protecci\u00f3n, son de un 20%; mientras que, de lo contrario, aumenta la cifra hasta un 70%.<br \/>\nEn las parejas homosexuales masculinas es muy habitual adquirir la enfermedad y en las mujeres embarazadas debe tratarse de forma inmediata, para evitar que el feto pueda sufrir alguna sintomatolog\u00eda.[\/et_pb_text][\/et_pb_column][et_pb_column type=&#8221;1_3&#8243; _builder_version=&#8221;4.17.0&#8243; _module_preset=&#8221;default&#8221; global_colors_info=&#8221;{}&#8221;][et_pb_text _builder_version=&#8221;4.17.0&#8243; _module_preset=&#8221;default&#8221; text_font=&#8221;Rubik|300|||||||&#8221; header_3_font=&#8221;||||||||&#8221; header_3_font_size=&#8221;34px&#8221; header_4_text_color=&#8221;#00BEBE&#8221; header_4_font_size=&#8221;24px&#8221; custom_padding=&#8221;30px||||false|false&#8221; border_width_top=&#8221;3px&#8221; border_color_top=&#8221;#00BEBE&#8221; global_colors_info=&#8221;{}&#8221;]<\/p>\n<h4>Tratamiento<\/h4>\n<p>Los s\u00edntomas aparecen r\u00e1pidamente despu\u00e9s de haberse infectado, m\u00e1s o menos, antes de las dos semanas y es muy recomendable asistir a un dermat\u00f3logo especializado para diagnosticar el tratamiento id\u00f3neo. De lo contrario, puede generar graves y permanentes problemas de salud tanto en hombres como mujeres. Habitualmente, los antibi\u00f3ticos son totalmente efectivos para expulsar la bacteria; y la dosis y duraci\u00f3n de los medicamentos deber\u00e1 dictaminarlas el m\u00e9dico, seg\u00fan la localizaci\u00f3n de la infecci\u00f3n.<\/p>\n<h4>Resultados y Recuperaci\u00f3n<\/h4>\n<p>En un per\u00edodo de entre dos semanas y un mes, tomando la medicaci\u00f3n adecuada y recetada por un dermat\u00f3logo, los s\u00edntomas habr\u00e1n desaparecido y la bacteria se habr\u00e1 eliminado.[\/et_pb_text][\/et_pb_column][et_pb_column type=&#8221;1_3&#8243; _builder_version=&#8221;4.17.0&#8243; _module_preset=&#8221;default&#8221; global_colors_info=&#8221;{}&#8221;][et_pb_image src=&#8221;http:\/\/www.inederm.com\/wp-content\/uploads\/2022\/08\/inederm-dermatologia-venereologica-gonococ.jpg&#8221; title_text=&#8221;inederm-dermatologia-venereologica-gonococ&#8221; _builder_version=&#8221;4.17.0&#8243; _module_preset=&#8221;default&#8221; custom_margin=&#8221;||29px|||&#8221; border_width_top=&#8221;3px&#8221; border_color_top=&#8221;#00BEBE&#8221; global_colors_info=&#8221;{}&#8221;][\/et_pb_image][\/et_pb_column][\/et_pb_row][\/et_pb_section][et_pb_section fb_built=&#8221;1&#8243; _builder_version=&#8221;4.17.0&#8243; _module_preset=&#8221;default&#8221; custom_margin=&#8221;60px||||false|false&#8221; custom_padding=&#8221;0px||||false|false&#8221; locked=&#8221;off&#8221; global_colors_info=&#8221;{}&#8221;][et_pb_row column_structure=&#8221;2_5,3_5&#8243; _builder_version=&#8221;4.17.0&#8243; _module_preset=&#8221;default&#8221; max_width=&#8221;100%&#8221; custom_margin=&#8221;0px|0px|0px|0px|false|true&#8221; custom_padding=&#8221;0px|0px|0px|0px|true|true&#8221; custom_css_main_element=&#8221;display:flex;||align-items: center;&#8221; global_colors_info=&#8221;{}&#8221; custom_css_main_element_last_edited=&#8221;on|tablet&#8221; custom_css_main_element_tablet=&#8221;display:block;&#8221; custom_css_main_element_phone=&#8221;display:block;&#8221;][et_pb_column type=&#8221;2_5&#8243; _builder_version=&#8221;4.17.0&#8243; _module_preset=&#8221;default&#8221; custom_padding=&#8221;10px|10px|10px|10px|true|true&#8221; global_colors_info=&#8221;{}&#8221; custom_css_main_element_last_edited=&#8221;on|tablet&#8221; custom_css_main_element_tablet=&#8221;width:100% !important;&#8221; custom_css_main_element_phone=&#8221;width:100% !important;&#8221;][et_pb_text _builder_version=&#8221;4.17.0&#8243; _module_preset=&#8221;default&#8221; text_font=&#8221;Rubik|300|||||||&#8221; link_text_color=&#8221;#00BEBE&#8221; header_3_font=&#8221;|600||on|||||&#8221; header_3_font_size=&#8221;32px&#8221; header_3_line_height=&#8221;1.1em&#8221; max_width=&#8221;400px&#8221; module_alignment=&#8221;right&#8221; hover_enabled=&#8221;0&#8243; module_alignment_tablet=&#8221;left&#8221; module_alignment_phone=&#8221;left&#8221; module_alignment_last_edited=&#8221;on|tablet&#8221; global_colors_info=&#8221;{}&#8221; sticky_enabled=&#8221;0&#8243;]<\/p>\n<h3>AGENDAR UNA CITA<\/h3>\n<p>Acn\u00e9, dermatitis, manchas, ros\u00e1cea&#8230; Programa una consulta, deja que los profesionales te aconsejen y resuelve tus dudas. Tambi\u00e9n existe la opci\u00f3n de <strong>consulta virtual de pago<\/strong> por parte de un especialista dermatol\u00f3gico.<\/p>\n<p>&nbsp;<\/p>\n<p><a class=\"boton-inicio-reserva\" href=\"https:\/\/inederm.simplybook.it\/v2\/#book\/count\/1\/\" target=\"_blank\" rel=\"noopener\">Pedir Cita Previa<\/a>[\/et_pb_text][\/et_pb_column][et_pb_column type=&#8221;3_5&#8243; _builder_version=&#8221;4.17.0&#8243; _module_preset=&#8221;default&#8221; global_colors_info=&#8221;{}&#8221; custom_css_main_element_last_edited=&#8221;on|tablet&#8221; custom_css_main_element_tablet=&#8221;width:100% !important;&#8221; custom_css_main_element_phone=&#8221;width:100% !important;&#8221;][et_pb_image src=&#8221;http:\/\/www.inederm.com\/wp-content\/uploads\/2022\/04\/reserva-24-7-1.jpg&#8221; title_text=&#8221;reserva 24-7&#8243; force_fullwidth=&#8221;on&#8221; _builder_version=&#8221;4.17.0&#8243; _module_preset=&#8221;default&#8221; global_colors_info=&#8221;{}&#8221;][\/et_pb_image][\/et_pb_column][\/et_pb_row][\/et_pb_section]<\/p>\n","protected":false},"excerpt":{"rendered":"<p>Gonococ\u00a0I Dermatolog\u00eda venereol\u00f3gica \u00bfQu\u00e9 es el gonococ? El gonococ, tambi\u00e9n conocido popularmente como \u201cgonorrea\u201d, es una enfermedad de transmisi\u00f3n sexual bastante frecuente, que puede generar s\u00edntomas en diversas zonas corporales. Las posibilidades de que una mujer pueda transmitir la bacteria a un hombre, manteniendo relaciones sexuales sin protecci\u00f3n, son de un 20%; mientras que, de [&hellip;]<\/p>\n","protected":false},"author":1,"featured_media":0,"parent":0,"menu_order":0,"comment_status":"closed","ping_status":"closed","template":"","meta":{"_et_pb_use_builder":"on","_et_pb_old_content":"","_et_gb_content_width":"","inline_featured_image":false,"footnotes":""},"class_list":["post-1463","page","type-page","status-publish","hentry"],"_links":{"self":[{"href":"https:\/\/www.inederm.com\/es\/wp-json\/wp\/v2\/pages\/1463","targetHints":{"allow":["GET"]}}],"collection":[{"href":"https:\/\/www.inederm.com\/es\/wp-json\/wp\/v2\/pages"}],"about":[{"href":"https:\/\/www.inederm.com\/es\/wp-json\/wp\/v2\/types\/page"}],"author":[{"embeddable":true,"href":"https:\/\/www.inederm.com\/es\/wp-json\/wp\/v2\/users\/1"}],"replies":[{"embeddable":true,"href":"https:\/\/www.inederm.com\/es\/wp-json\/wp\/v2\/comments?post=1463"}],"version-history":[{"count":10,"href":"https:\/\/www.inederm.com\/es\/wp-json\/wp\/v2\/pages\/1463\/revisions"}],"predecessor-version":[{"id":3780,"href":"https:\/\/www.inederm.com\/es\/wp-json\/wp\/v2\/pages\/1463\/revisions\/3780"}],"wp:attachment":[{"href":"https:\/\/www.inederm.com\/es\/wp-json\/wp\/v2\/media?parent=1463"}],"curies":[{"name":"wp","href":"https:\/\/api.w.org\/{rel}","templated":true}]}}