{"id":1409,"date":"2022-06-27T07:38:37","date_gmt":"2022-06-27T07:38:37","guid":{"rendered":"https:\/\/www.inederm.com\/dermatologia-pediatrica-i-berrugues-es\/"},"modified":"2022-10-03T10:18:38","modified_gmt":"2022-10-03T10:18:38","slug":"dermatologia-pediatrica-i-berrugues-es","status":"publish","type":"page","link":"https:\/\/www.inederm.com\/es\/dermatologia-pediatrica-i-berrugues-es\/","title":{"rendered":"Dermatolog\u00eda pedi\u00e1trica I Verrugas"},"content":{"rendered":"<p>[et_pb_section fb_built=&#8221;1&#8243; _builder_version=&#8221;4.17.0&#8243; _module_preset=&#8221;default&#8221; custom_padding=&#8221;30px||0px||false|false&#8221; global_colors_info=&#8221;{}&#8221;][et_pb_row column_structure=&#8221;1_3,1_3,1_3&#8243; use_custom_gutter=&#8221;on&#8221; gutter_width=&#8221;4&#8243; make_equal=&#8221;on&#8221; _builder_version=&#8221;4.17.0&#8243; _module_preset=&#8221;default&#8221; global_colors_info=&#8221;{}&#8221;][et_pb_column type=&#8221;1_3&#8243; _builder_version=&#8221;4.17.0&#8243; _module_preset=&#8221;default&#8221; global_colors_info=&#8221;{}&#8221;][et_pb_text _builder_version=&#8221;4.17.0&#8243; _module_preset=&#8221;default&#8221; text_font=&#8221;Rubik|300|||||||&#8221; header_3_font=&#8221;||||||||&#8221; header_3_font_size=&#8221;34px&#8221; header_4_text_color=&#8221;#00BEBE&#8221; header_4_font_size=&#8221;24px&#8221; custom_padding=&#8221;30px||||false|false&#8221; hover_enabled=&#8221;0&#8243; border_width_top=&#8221;3px&#8221; border_color_top=&#8221;#00BEBE&#8221; global_colors_info=&#8221;{}&#8221; sticky_enabled=&#8221;0&#8243;]<\/p>\n<h3 style=\"padding-bottom: 30px;\">Verrugas I Dermatolog\u00eda Pedi\u00e1trica<\/h3>\n<h4>\u00bfQu\u00e9 son las verrugas?<\/h4>\n<p class=\"p1\">Las verrugas son peque\u00f1as protuberancias que aparecen en la piel debido a una infecci\u00f3n del Virus del Papiloma Humano (VPH). Es frecuente que los ni\u00f1os y ni\u00f1as o adolescentes acostumbren a sufrir esta enfermedad, ya que su sistema inmunitario todav\u00eda se est\u00e1 desarrollando. Normalmente, no producen ninguna molestia o dolor y se transmiten por contacto directo. Es importante tratarse de la infecci\u00f3n, puesto que, aunque puede acabar desapareciendo por s\u00ed misma en un plazo de 2 a\u00f1os aproximadamente, es muy f\u00e1cil poder contagiar otras zonas corporales.<\/p>\n<p>[\/et_pb_text][\/et_pb_column][et_pb_column type=&#8221;1_3&#8243; _builder_version=&#8221;4.17.0&#8243; _module_preset=&#8221;default&#8221; global_colors_info=&#8221;{}&#8221;][et_pb_text _builder_version=&#8221;4.17.0&#8243; _module_preset=&#8221;default&#8221; text_font=&#8221;Rubik|300|||||||&#8221; header_3_font=&#8221;||||||||&#8221; header_3_font_size=&#8221;34px&#8221; header_4_text_color=&#8221;#00BEBE&#8221; header_4_font_size=&#8221;24px&#8221; custom_padding=&#8221;30px||||false|false&#8221; border_width_top=&#8221;3px&#8221; border_color_top=&#8221;#00BEBE&#8221; global_colors_info=&#8221;{}&#8221;]<\/p>\n<h4>Tratamiento<\/h4>\n<p class=\"p1\">Existen varios tipos de verrugas y, seg\u00fan su localizaci\u00f3n o grado de infecci\u00f3n, el dermat\u00f3logo determinar\u00e1 un tratamiento u otro: existen t\u00e9cnicas o procedimientos que var\u00edan desde la crioterapia (nitr\u00f3geno l\u00edquido) hasta el afeitado. Es recomendable acudir a un especialista que investigue la zona y verifique que es una verruga, para poder recetar los medicamentos indicados o realizar las intervenciones necesarias. Existen productos de venta libre en la farmacia que no es conveniente utilizarlos en este caso, dado que debe ser un dermat\u00f3logo quien identifique el tipo de verruga, las causas y explore la zona.<\/p>\n<h4>Resultados y recuperaci\u00f3n<\/h4>\n<p class=\"p1\">El tratamiento es progresivo, es decir, los resultados se observar\u00e1n a medida que avanza el tiempo. Sin embargo, el paciente debe tener cierta constancia a la hora de seguir los consejos m\u00e9dicos, con el objetivo de acelerar el proceso y eliminar la verruga lo antes posible.<\/p>\n<p>[\/et_pb_text][\/et_pb_column][et_pb_column type=&#8221;1_3&#8243; _builder_version=&#8221;4.17.0&#8243; _module_preset=&#8221;default&#8221; global_colors_info=&#8221;{}&#8221;][et_pb_image src=&#8221;http:\/\/www.inederm.com\/wp-content\/uploads\/2022\/06\/berrugues_inederm.png&#8221; title_text=&#8221;berrugues_inederm&#8221; _builder_version=&#8221;4.17.0&#8243; _module_preset=&#8221;default&#8221; custom_margin=&#8221;||29px|||&#8221; border_width_top=&#8221;3px&#8221; border_color_top=&#8221;#00BEBE&#8221; global_colors_info=&#8221;{}&#8221;][\/et_pb_image][\/et_pb_column][\/et_pb_row][\/et_pb_section][et_pb_section fb_built=&#8221;1&#8243; _builder_version=&#8221;4.17.0&#8243; _module_preset=&#8221;default&#8221; custom_margin=&#8221;60px||||false|false&#8221; custom_padding=&#8221;0px||||false|false&#8221; locked=&#8221;off&#8221; global_colors_info=&#8221;{}&#8221;][et_pb_row column_structure=&#8221;2_5,3_5&#8243; _builder_version=&#8221;4.17.0&#8243; _module_preset=&#8221;default&#8221; max_width=&#8221;100%&#8221; custom_margin=&#8221;0px|0px|0px|0px|false|true&#8221; custom_padding=&#8221;0px|0px|0px|0px|true|true&#8221; custom_css_main_element=&#8221;display:flex;||align-items: center;&#8221; global_colors_info=&#8221;{}&#8221; custom_css_main_element_last_edited=&#8221;on|tablet&#8221; custom_css_main_element_tablet=&#8221;display:block;&#8221; custom_css_main_element_phone=&#8221;display:block;&#8221;][et_pb_column type=&#8221;2_5&#8243; _builder_version=&#8221;4.17.0&#8243; _module_preset=&#8221;default&#8221; custom_padding=&#8221;10px|10px|10px|10px|true|true&#8221; global_colors_info=&#8221;{}&#8221; custom_css_main_element_last_edited=&#8221;on|tablet&#8221; custom_css_main_element_tablet=&#8221;width:100% !important;&#8221; custom_css_main_element_phone=&#8221;width:100% !important;&#8221;][et_pb_text _builder_version=&#8221;4.17.0&#8243; _module_preset=&#8221;default&#8221; text_font=&#8221;Rubik|300|||||||&#8221; link_text_color=&#8221;#00BEBE&#8221; header_3_font=&#8221;|600||on|||||&#8221; header_3_font_size=&#8221;32px&#8221; header_3_line_height=&#8221;1.1em&#8221; max_width=&#8221;400px&#8221; module_alignment=&#8221;right&#8221; module_alignment_tablet=&#8221;left&#8221; module_alignment_phone=&#8221;left&#8221; module_alignment_last_edited=&#8221;on|tablet&#8221; global_colors_info=&#8221;{}&#8221;]<\/p>\n<h3>AGENDAR UNA CITA<\/h3>\n<p>Acn\u00e9, dermatitis, manchas, ros\u00e1cea&#8230; Programa una consulta, deja que los profesionales te aconsejen y resuelve tus dudas. Tambi\u00e9n existe la opci\u00f3n de <strong>consulta virtual de pago<\/strong> por parte de un especialista dermatol\u00f3gico.<\/p>\n<p>&nbsp;<\/p>\n<p><a class=\"boton-inicio-reserva\" href=\"https:\/\/inederm.simplybook.it\/v2\/#book\/count\/1\/\" target=\"_blank\" rel=\"noopener\">Pedir Cita Previa<\/a>[\/et_pb_text][\/et_pb_column][et_pb_column type=&#8221;3_5&#8243; _builder_version=&#8221;4.17.0&#8243; _module_preset=&#8221;default&#8221; global_colors_info=&#8221;{}&#8221; custom_css_main_element_last_edited=&#8221;on|tablet&#8221; custom_css_main_element_tablet=&#8221;width:100% !important;&#8221; custom_css_main_element_phone=&#8221;width:100% !important;&#8221;][et_pb_image src=&#8221;http:\/\/www.inederm.com\/wp-content\/uploads\/2022\/04\/reserva-24-7-1.jpg&#8221; title_text=&#8221;reserva 24-7&#8243; force_fullwidth=&#8221;on&#8221; _builder_version=&#8221;4.17.0&#8243; _module_preset=&#8221;default&#8221; global_colors_info=&#8221;{}&#8221;][\/et_pb_image][\/et_pb_column][\/et_pb_row][\/et_pb_section]<\/p>\n","protected":false},"excerpt":{"rendered":"<p>Verrugas I Dermatolog\u00eda Pedi\u00e1trica \u00bfQu\u00e9 son las verrugas? Las verrugas son peque\u00f1as protuberancias que aparecen en la piel debido a una infecci\u00f3n del Virus del Papiloma Humano (VPH). Es frecuente que los ni\u00f1os y ni\u00f1as o adolescentes acostumbren a sufrir esta enfermedad, ya que su sistema inmunitario todav\u00eda se est\u00e1 desarrollando. Normalmente, no producen ninguna [&hellip;]<\/p>\n","protected":false},"author":1,"featured_media":0,"parent":0,"menu_order":0,"comment_status":"closed","ping_status":"closed","template":"","meta":{"_et_pb_use_builder":"on","_et_pb_old_content":"","_et_gb_content_width":"","inline_featured_image":false,"footnotes":""},"class_list":["post-1409","page","type-page","status-publish","hentry"],"_links":{"self":[{"href":"https:\/\/www.inederm.com\/es\/wp-json\/wp\/v2\/pages\/1409","targetHints":{"allow":["GET"]}}],"collection":[{"href":"https:\/\/www.inederm.com\/es\/wp-json\/wp\/v2\/pages"}],"about":[{"href":"https:\/\/www.inederm.com\/es\/wp-json\/wp\/v2\/types\/page"}],"author":[{"embeddable":true,"href":"https:\/\/www.inederm.com\/es\/wp-json\/wp\/v2\/users\/1"}],"replies":[{"embeddable":true,"href":"https:\/\/www.inederm.com\/es\/wp-json\/wp\/v2\/comments?post=1409"}],"version-history":[{"count":11,"href":"https:\/\/www.inederm.com\/es\/wp-json\/wp\/v2\/pages\/1409\/revisions"}],"predecessor-version":[{"id":3985,"href":"https:\/\/www.inederm.com\/es\/wp-json\/wp\/v2\/pages\/1409\/revisions\/3985"}],"wp:attachment":[{"href":"https:\/\/www.inederm.com\/es\/wp-json\/wp\/v2\/media?parent=1409"}],"curies":[{"name":"wp","href":"https:\/\/api.w.org\/{rel}","templated":true}]}}