{"id":1228,"date":"2022-05-06T10:34:24","date_gmt":"2022-05-06T10:34:24","guid":{"rendered":"https:\/\/www.inederm.com\/acne-i-plataforma-laser-es\/"},"modified":"2022-09-27T14:17:57","modified_gmt":"2022-09-27T14:17:57","slug":"acne-i-plataforma-laser-es","status":"publish","type":"page","link":"https:\/\/www.inederm.com\/es\/acne-i-plataforma-laser-es\/","title":{"rendered":"Acne I Plataforma l\u00e1ser"},"content":{"rendered":"<p>[et_pb_section fb_built=&#8221;1&#8243; _builder_version=&#8221;4.17.0&#8243; _module_preset=&#8221;default&#8221; custom_padding=&#8221;30px||0px||false|false&#8221; global_colors_info=&#8221;{}&#8221;][et_pb_row column_structure=&#8221;1_3,1_3,1_3&#8243; use_custom_gutter=&#8221;on&#8221; gutter_width=&#8221;4&#8243; make_equal=&#8221;on&#8221; _builder_version=&#8221;4.17.0&#8243; _module_preset=&#8221;default&#8221; global_colors_info=&#8221;{}&#8221;][et_pb_column type=&#8221;1_3&#8243; _builder_version=&#8221;4.17.0&#8243; _module_preset=&#8221;default&#8221; global_colors_info=&#8221;{}&#8221;][et_pb_text _builder_version=&#8221;4.17.0&#8243; _module_preset=&#8221;default&#8221; text_font=&#8221;Rubik|300|||||||&#8221; header_3_font=&#8221;||||||||&#8221; header_3_font_size=&#8221;34px&#8221; header_4_text_color=&#8221;#00BEBE&#8221; header_4_font_size=&#8221;24px&#8221; custom_padding=&#8221;30px||||false|false&#8221; border_width_top=&#8221;3px&#8221; border_color_top=&#8221;#00BEBE&#8221; global_colors_info=&#8221;{}&#8221;]<\/p>\n<h3 style=\"padding-bottom: 30px;\">Acn\u00e9 I Plataforma l\u00e1ser<\/h3>\n<h4>\u00bfQu\u00e9 es el acn\u00e9?<\/h4>\n<p>Uno de los factores principales en la producci\u00f3n de acn\u00e9 son el exceso de sebo y la hiperplasia de las gl\u00e1ndulas seb\u00e1ceas.<\/p>\n<p>El acn\u00e9 aparece cuando el sebo no puede dejar la piel porque el fol\u00edculo piloso est\u00e1 bloqueado. Esto puede dar como resultado el crecimiento de bacterias debajo de la superficie de la piel. Puede aparecer una inflamaci\u00f3n y la rotura de un \u00e1rea inflamada puede llevar a cicatrices.<\/p>\n<p>[\/et_pb_text][\/et_pb_column][et_pb_column type=&#8221;1_3&#8243; _builder_version=&#8221;4.17.0&#8243; _module_preset=&#8221;default&#8221; global_colors_info=&#8221;{}&#8221;][et_pb_text _builder_version=&#8221;4.17.0&#8243; _module_preset=&#8221;default&#8221; text_font=&#8221;Rubik|300|||||||&#8221; header_3_font=&#8221;||||||||&#8221; header_3_font_size=&#8221;34px&#8221; header_4_text_color=&#8221;#00BEBE&#8221; header_4_font_size=&#8221;24px&#8221; custom_padding=&#8221;30px||||false|false&#8221; border_width_top=&#8221;3px&#8221; border_color_top=&#8221;#00BEBE&#8221; global_colors_info=&#8221;{}&#8221;]<\/p>\n<h4>\u00bfEn qu\u00e9 consiste el procedimiento?<\/h4>\n<p>El tratamiento con<strong> luz pulsada intensa<\/strong> puede mejorar las lesiones producidas por el acn\u00e9 ya que funciona reduciendo la irrigaci\u00f3n de sangre a la gl\u00e1ndula seb\u00e1cea, que reduce la producci\u00f3n de sebo sin da\u00f1ar el tejido circundante. Se recomiendan unas 3 sesiones separadas de 1 mes aproximadamente. Es una t\u00e9cnica perfectamente combinable con algunos tratamientos.<\/p>\n<h4>\u00bfC\u00f3mo es el proceso de recuperaci\u00f3n?<\/h4>\n<p>El paciente puede incorporarse de forma inmediata a las actividades de la vida diaria. Se recomienda protegerse de la exposici\u00f3n solar con un fotoprotector alto FP50+ no graso ni comedog\u00e9nico al menos 15 d\u00edas despu\u00e9s del procedimiento.<\/p>\n<h4>\u00bfCu\u00e1ndo apreciar\u00e9 los resultados?<\/h4>\n<p>Los resultados son visibles despu\u00e9s de dos semanas de la sesi\u00f3n.[\/et_pb_text][\/et_pb_column][et_pb_column type=&#8221;1_3&#8243; _builder_version=&#8221;4.17.0&#8243; _module_preset=&#8221;default&#8221; global_colors_info=&#8221;{}&#8221;][et_pb_image src=&#8221;http:\/\/www.inederm.com\/wp-content\/uploads\/2022\/08\/Inederm-plataforma-laser-acne.jpg&#8221; title_text=&#8221;Inederm-plataforma-laser-acne&#8221; _builder_version=&#8221;4.17.0&#8243; _module_preset=&#8221;default&#8221; custom_margin=&#8221;||29px|||&#8221; border_width_top=&#8221;3px&#8221; border_color_top=&#8221;#00BEBE&#8221; global_colors_info=&#8221;{}&#8221;][\/et_pb_image][et_pb_text _builder_version=&#8221;4.17.0&#8243; _module_preset=&#8221;default&#8221; header_3_font=&#8221;Rubik|600|||||||&#8221; header_3_text_color=&#8221;#434041&#8243; header_3_font_size=&#8221;24px&#8221; max_width=&#8221;300px&#8221; custom_margin=&#8221;||7px|||&#8221; locked=&#8221;off&#8221; global_colors_info=&#8221;{}&#8221;]<\/p>\n<h3>Art\u00edculos m\u00e1s le\u00eddos<\/h3>\n<p>[\/et_pb_text][et_pb_blog posts_number=&#8221;1&#8243; include_categories=&#8221;26&#8243; show_thumbnail=&#8221;off&#8221; use_manual_excerpt=&#8221;off&#8221; excerpt_length=&#8221;0&#8243; show_author=&#8221;off&#8221; show_date=&#8221;off&#8221; show_categories=&#8221;off&#8221; show_excerpt=&#8221;off&#8221; show_pagination=&#8221;off&#8221; module_class=&#8221;post-mas-leidos&#8221; _builder_version=&#8221;4.17.0&#8243; _module_preset=&#8221;default&#8221; header_level=&#8221;h4&#8243; header_font=&#8221;Rubik|300|||||||&#8221; header_font_size=&#8221;18px&#8221; max_width=&#8221;300px&#8221; custom_margin=&#8221;||20px||false|false&#8221; locked=&#8221;off&#8221; global_colors_info=&#8221;{}&#8221;][\/et_pb_blog][et_pb_text _builder_version=&#8221;4.17.0&#8243; _module_preset=&#8221;default&#8221; link_font=&#8221;|300|||||||&#8221; ul_font=&#8221;Rubik|300|||||||&#8221; ul_text_color=&#8221;#00BEBE&#8221; header_3_font=&#8221;Rubik|600|||||||&#8221; header_3_text_color=&#8221;#434041&#8243; header_3_font_size=&#8221;24px&#8221; max_width=&#8221;300px&#8221; custom_margin=&#8221;20px||0px||false|false&#8221; custom_padding=&#8221;0px||0px||false|false&#8221; locked=&#8221;off&#8221; global_colors_info=&#8221;{}&#8221;]<\/p>\n<h3>Categor\u00edas<\/h3>\n<p>[\/et_pb_text][et_pb_text ul_type=&#8221;square&#8221; _builder_version=&#8221;4.17.0&#8243; _module_preset=&#8221;default&#8221; link_font_size=&#8221;18px&#8221; link_line_height=&#8221;1.8em&#8221; ul_font=&#8221;|300|||||||&#8221; ul_text_color=&#8221;#00BEBE&#8221; max_width=&#8221;300px&#8221; locked=&#8221;off&#8221; global_colors_info=&#8221;{}&#8221;]<\/p>\n<ul>\n<li><a href=\"#\">Tratamientos<\/a><\/li>\n<li><a href=\"#\">Alimentaci\u00f3n<\/a><\/li>\n<li><a href=\"#\">Dermatolog\u00eda<\/a><\/li>\n<li><a href=\"#\">Inederm<\/a><\/li>\n<li><a href=\"#\">Salud<\/a><\/li>\n<li><a href=\"#\">Consejos<\/a><\/li>\n<\/ul>\n<p>[\/et_pb_text][\/et_pb_column][\/et_pb_row][\/et_pb_section][et_pb_section fb_built=&#8221;1&#8243; _builder_version=&#8221;4.17.0&#8243; _module_preset=&#8221;default&#8221; custom_margin=&#8221;60px||||false|false&#8221; custom_padding=&#8221;0px||||false|false&#8221; locked=&#8221;off&#8221; global_colors_info=&#8221;{}&#8221;][et_pb_row column_structure=&#8221;2_5,3_5&#8243; _builder_version=&#8221;4.17.0&#8243; _module_preset=&#8221;default&#8221; max_width=&#8221;100%&#8221; custom_margin=&#8221;0px|0px|0px|0px|false|true&#8221; custom_padding=&#8221;0px|0px|0px|0px|true|true&#8221; custom_css_main_element=&#8221;display:flex;||align-items: center;&#8221; global_colors_info=&#8221;{}&#8221; custom_css_main_element_last_edited=&#8221;on|tablet&#8221; custom_css_main_element_tablet=&#8221;display:block;&#8221; custom_css_main_element_phone=&#8221;display:block;&#8221;][et_pb_column type=&#8221;2_5&#8243; _builder_version=&#8221;4.17.0&#8243; _module_preset=&#8221;default&#8221; custom_padding=&#8221;10px|10px|10px|10px|true|true&#8221; global_colors_info=&#8221;{}&#8221; custom_css_main_element_last_edited=&#8221;on|tablet&#8221; custom_css_main_element_tablet=&#8221;width:100% !important;&#8221; custom_css_main_element_phone=&#8221;width:100% !important;&#8221;][et_pb_text _builder_version=&#8221;4.17.0&#8243; _module_preset=&#8221;default&#8221; text_font=&#8221;Rubik|300|||||||&#8221; link_text_color=&#8221;#00BEBE&#8221; header_3_font=&#8221;|600||on|||||&#8221; header_3_font_size=&#8221;32px&#8221; header_3_line_height=&#8221;1.1em&#8221; max_width=&#8221;400px&#8221; module_alignment=&#8221;right&#8221; hover_enabled=&#8221;0&#8243; module_alignment_tablet=&#8221;left&#8221; module_alignment_phone=&#8221;left&#8221; module_alignment_last_edited=&#8221;on|tablet&#8221; global_colors_info=&#8221;{}&#8221; sticky_enabled=&#8221;0&#8243;]<\/p>\n<h3>Consulta<br \/>Dermatol\u00f3gica<br \/>Online<\/h3>\n<p>Acn\u00e9, dermatitis, manchas, ros\u00e1cea\u2026 Programa una consulta, deja que los profesionales te aconsejen y resuelve tus dudas. Tambi\u00e9n existe la opci\u00f3n de <strong>consulta virtual de pago<\/strong> por parte de un especialista dermatol\u00f3gico.<\/p>\n<p><a href=\"https:\/\/inederm.simplybook.it\/v2\/#book\/count\/1\/\" class=\"boton-inicio-reserva\" target=\"_blank\" rel=\"noopener\">Pedir Cita Previa<\/a><\/p>\n<p>[\/et_pb_text][\/et_pb_column][et_pb_column type=&#8221;3_5&#8243; _builder_version=&#8221;4.17.0&#8243; _module_preset=&#8221;default&#8221; global_colors_info=&#8221;{}&#8221; custom_css_main_element_last_edited=&#8221;on|tablet&#8221; custom_css_main_element_tablet=&#8221;width:100% !important;&#8221; custom_css_main_element_phone=&#8221;width:100% !important;&#8221;][et_pb_image src=&#8221;http:\/\/www.inederm.com\/wp-content\/uploads\/2022\/04\/reserva-24-7-1.jpg&#8221; title_text=&#8221;reserva 24-7&#8243; force_fullwidth=&#8221;on&#8221; _builder_version=&#8221;4.17.0&#8243; _module_preset=&#8221;default&#8221; global_colors_info=&#8221;{}&#8221;][\/et_pb_image][\/et_pb_column][\/et_pb_row][\/et_pb_section]<\/p>\n","protected":false},"excerpt":{"rendered":"<p>Acn\u00e9 I Plataforma l\u00e1ser \u00bfQu\u00e9 es el acn\u00e9? Uno de los factores principales en la producci\u00f3n de acn\u00e9 son el exceso de sebo y la hiperplasia de las gl\u00e1ndulas seb\u00e1ceas. El acn\u00e9 aparece cuando el sebo no puede dejar la piel porque el fol\u00edculo piloso est\u00e1 bloqueado. Esto puede dar como resultado el crecimiento de [&hellip;]<\/p>\n","protected":false},"author":1,"featured_media":0,"parent":0,"menu_order":0,"comment_status":"closed","ping_status":"closed","template":"","meta":{"_et_pb_use_builder":"on","_et_pb_old_content":"","_et_gb_content_width":"","inline_featured_image":false,"footnotes":""},"class_list":["post-1228","page","type-page","status-publish","hentry"],"_links":{"self":[{"href":"https:\/\/www.inederm.com\/es\/wp-json\/wp\/v2\/pages\/1228","targetHints":{"allow":["GET"]}}],"collection":[{"href":"https:\/\/www.inederm.com\/es\/wp-json\/wp\/v2\/pages"}],"about":[{"href":"https:\/\/www.inederm.com\/es\/wp-json\/wp\/v2\/types\/page"}],"author":[{"embeddable":true,"href":"https:\/\/www.inederm.com\/es\/wp-json\/wp\/v2\/users\/1"}],"replies":[{"embeddable":true,"href":"https:\/\/www.inederm.com\/es\/wp-json\/wp\/v2\/comments?post=1228"}],"version-history":[{"count":7,"href":"https:\/\/www.inederm.com\/es\/wp-json\/wp\/v2\/pages\/1228\/revisions"}],"predecessor-version":[{"id":3649,"href":"https:\/\/www.inederm.com\/es\/wp-json\/wp\/v2\/pages\/1228\/revisions\/3649"}],"wp:attachment":[{"href":"https:\/\/www.inederm.com\/es\/wp-json\/wp\/v2\/media?parent=1228"}],"curies":[{"name":"wp","href":"https:\/\/api.w.org\/{rel}","templated":true}]}}