{"id":894,"date":"2022-06-08T08:11:07","date_gmt":"2022-06-08T08:11:07","guid":{"rendered":"https:\/\/www.inederm.com\/?page_id=894"},"modified":"2022-09-14T10:35:52","modified_gmt":"2022-09-14T10:35:52","slug":"depilacio-laser-i-plataforma-laser","status":"publish","type":"page","link":"https:\/\/www.inederm.com\/en\/depilacio-laser-i-plataforma-laser\/","title":{"rendered":"Depilacio Laser I Plataforma l\u00e0ser"},"content":{"rendered":"<p>[et_pb_section fb_built=&#8221;1&#8243; _builder_version=&#8221;4.17.0&#8243; _module_preset=&#8221;default&#8221; custom_padding=&#8221;30px||0px||false|false&#8221; global_colors_info=&#8221;{}&#8221;][et_pb_row column_structure=&#8221;1_3,1_3,1_3&#8243; use_custom_gutter=&#8221;on&#8221; gutter_width=&#8221;4&#8243; make_equal=&#8221;on&#8221; _builder_version=&#8221;4.17.0&#8243; _module_preset=&#8221;default&#8221; global_colors_info=&#8221;{}&#8221;][et_pb_column type=&#8221;1_3&#8243; _builder_version=&#8221;4.17.0&#8243; _module_preset=&#8221;default&#8221; global_colors_info=&#8221;{}&#8221;][et_pb_text _builder_version=&#8221;4.17.0&#8243; _module_preset=&#8221;default&#8221; text_font=&#8221;Rubik|300|||||||&#8221; header_3_font=&#8221;||||||||&#8221; header_3_font_size=&#8221;34px&#8221; header_4_text_color=&#8221;#00BEBE&#8221; header_4_font_size=&#8221;24px&#8221; custom_padding=&#8221;30px||||false|false&#8221; border_width_top=&#8221;3px&#8221; border_color_top=&#8221;#00BEBE&#8221; global_colors_info=&#8221;{}&#8221;]<\/p>\n<h3 style=\"padding-bottom: 30px;\">Depilaci\u00f3 l\u00e0ser I\u00a0Plataforma l\u00e0ser\u00a0<\/h3>\n<h4>Qu\u00e8 \u00e9s la depilaci\u00f3 l\u00e0ser?<\/h4>\n<p>La depilaci\u00f3 l\u00e0ser \u00e9s un tractament est\u00e8tic que consisteix en l\u2019eliminaci\u00f3 permanent dels p\u00e8ls corporals i facials. \u00c9s un procediment m\u00e8dic molt freq\u00fcent entre la poblaci\u00f3, que es realitza gr\u00e0cies a un raig concentrat de llum (l\u00e0ser) que \u00e9s absorbit per la pigmentaci\u00f3 del p\u00e8l. Generalment, el proc\u00e9s \u00e9s m\u00e9s r\u00e0pid en aquelles persones amb pell clara i cabell fosc, per\u00f2 acaba sent efica\u00e7 en totes les persones.<\/p>\n<p>[\/et_pb_text][\/et_pb_column][et_pb_column type=&#8221;1_3&#8243; _builder_version=&#8221;4.17.0&#8243; _module_preset=&#8221;default&#8221; global_colors_info=&#8221;{}&#8221;][et_pb_text _builder_version=&#8221;4.17.0&#8243; _module_preset=&#8221;default&#8221; text_font=&#8221;Rubik|300|||||||&#8221; header_3_font=&#8221;||||||||&#8221; header_3_font_size=&#8221;34px&#8221; header_4_text_color=&#8221;#00BEBE&#8221; header_4_font_size=&#8221;24px&#8221; custom_padding=&#8221;30px||||false|false&#8221; border_width_top=&#8221;3px&#8221; border_color_top=&#8221;#00BEBE&#8221; global_colors_info=&#8221;{}&#8221;]<\/p>\n<h4>Tractament<\/h4>\n<p>El proc\u00e9s de la depilaci\u00f3 l\u00e0ser dep\u00e8n de tres factors: la zona corporal, les caracter\u00edstiques del p\u00e8l i el tipus de l\u00e0ser. En funci\u00f3 d\u2019aquests aspectes, el tractament tindr\u00e0 una durada m\u00e9s o menys prolongada; per\u00f2 generalment, es necessiten un m\u00ednim de vuit sessions perqu\u00e8 sigui efectiu. \u00c9s molt recomanable fer-lo en \u00e8poca hivernal, on la pell no est\u00e0 exposada al sol, ja que quan es bronzeja, el proc\u00e9s \u00e9s menys efica\u00e7.<\/p>\n<h4>Resultats i recuperaci\u00f3<\/h4>\n<p>Els resultats es podran observar a mesura que es realitzen sessions, que han de tenir un per\u00edode de temps, d\u2019aproximadament sis setmanes, entre cadascuna d\u2019elles. Entre la tercera i quarta sessi\u00f3, per\u00f2, ja es comencen a veure zones on hi ha menys quantitat de p\u00e8l, per\u00f2 el tractament ha de ser continu per acabar-lo d\u2019eliminar per complet. A m\u00e9s, s\u2019han de seguir de forma rigorosa els consells del dermat\u00f2leg, per afavorir el proc\u00e9s.[\/et_pb_text][\/et_pb_column][et_pb_column type=&#8221;1_3&#8243; _builder_version=&#8221;4.17.0&#8243; _module_preset=&#8221;default&#8221; global_colors_info=&#8221;{}&#8221;][et_pb_image src=&#8221;http:\/\/www.inederm.com\/wp-content\/uploads\/2022\/06\/depilacion_laser_inderm.png&#8221; title_text=&#8221;depilacion_laser_inderm&#8221; _builder_version=&#8221;4.17.0&#8243; _module_preset=&#8221;default&#8221; custom_margin=&#8221;||29px|||&#8221; border_width_top=&#8221;3px&#8221; border_color_top=&#8221;#00BEBE&#8221; global_colors_info=&#8221;{}&#8221;][\/et_pb_image][\/et_pb_column][\/et_pb_row][\/et_pb_section][et_pb_section fb_built=&#8221;1&#8243; _builder_version=&#8221;4.17.0&#8243; _module_preset=&#8221;default&#8221; custom_margin=&#8221;60px||||false|false&#8221; custom_padding=&#8221;0px||||false|false&#8221; locked=&#8221;off&#8221; global_colors_info=&#8221;{}&#8221;][et_pb_row column_structure=&#8221;2_5,3_5&#8243; _builder_version=&#8221;4.17.0&#8243; _module_preset=&#8221;default&#8221; max_width=&#8221;100%&#8221; custom_margin=&#8221;0px|0px|0px|0px|false|true&#8221; custom_padding=&#8221;0px|0px|0px|0px|true|true&#8221; custom_css_main_element=&#8221;display:flex;||align-items: center;&#8221; global_colors_info=&#8221;{}&#8221; custom_css_main_element_last_edited=&#8221;on|tablet&#8221; custom_css_main_element_tablet=&#8221;display:block;&#8221; custom_css_main_element_phone=&#8221;display:block;&#8221;][et_pb_column type=&#8221;2_5&#8243; _builder_version=&#8221;4.17.0&#8243; _module_preset=&#8221;default&#8221; custom_padding=&#8221;10px|10px|10px|10px|true|true&#8221; global_colors_info=&#8221;{}&#8221; custom_css_main_element_last_edited=&#8221;on|tablet&#8221; custom_css_main_element_tablet=&#8221;width:100% !important;&#8221; custom_css_main_element_phone=&#8221;width:100% !important;&#8221;][et_pb_text _builder_version=&#8221;4.17.0&#8243; _module_preset=&#8221;default&#8221; text_font=&#8221;Rubik|300|||||||&#8221; link_text_color=&#8221;#00BEBE&#8221; header_3_font=&#8221;|600||on|||||&#8221; header_3_font_size=&#8221;32px&#8221; header_3_line_height=&#8221;1.1em&#8221; max_width=&#8221;400px&#8221; module_alignment=&#8221;right&#8221; hover_enabled=&#8221;0&#8243; module_alignment_tablet=&#8221;left&#8221; module_alignment_phone=&#8221;left&#8221; module_alignment_last_edited=&#8221;on|tablet&#8221; global_colors_info=&#8221;{}&#8221; sticky_enabled=&#8221;0&#8243;]<\/p>\n<h3>AGENDAR UNA CITA<\/h3>\n<p>Acne, dermatitis, taques, ros\u00e0cia&#8230; Programa una consulta, deixa que els professionals t&#8217;aconsellin i resol els teus dubtes. Tamb\u00e9 existeix l&#8217;opci\u00f3 de <strong>consulta virtual de pagament<\/strong> per part d&#8217;un especialista dermatol\u00f2gic.<\/p>\n<p>&nbsp;<\/p>\n<p><a class=\"boton-inicio-reserva\" href=\"https:\/\/inederm.simplybook.it\/v2\/#book\/count\/1\/\" target=\"_blank\" rel=\"noopener\">Demanar Cita Pr\u00e8via<\/a><\/p>\n<p>[\/et_pb_text][\/et_pb_column][et_pb_column type=&#8221;3_5&#8243; _builder_version=&#8221;4.17.0&#8243; _module_preset=&#8221;default&#8221; global_colors_info=&#8221;{}&#8221; custom_css_main_element_last_edited=&#8221;on|tablet&#8221; custom_css_main_element_tablet=&#8221;width:100% !important;&#8221; custom_css_main_element_phone=&#8221;width:100% !important;&#8221;][et_pb_image src=&#8221;http:\/\/www.inederm.com\/wp-content\/uploads\/2022\/04\/reserva-24-7-1.jpg&#8221; title_text=&#8221;reserva 24-7&#8243; force_fullwidth=&#8221;on&#8221; _builder_version=&#8221;4.17.0&#8243; _module_preset=&#8221;default&#8221; global_colors_info=&#8221;{}&#8221;][\/et_pb_image][\/et_pb_column][\/et_pb_row][\/et_pb_section]<\/p>\n","protected":false},"excerpt":{"rendered":"<p>Depilaci\u00f3 l\u00e0ser I\u00a0Plataforma l\u00e0ser\u00a0 Qu\u00e8 \u00e9s la depilaci\u00f3 l\u00e0ser? La depilaci\u00f3 l\u00e0ser \u00e9s un tractament est\u00e8tic que consisteix en l\u2019eliminaci\u00f3 permanent dels p\u00e8ls corporals i facials. \u00c9s un procediment m\u00e8dic molt freq\u00fcent entre la poblaci\u00f3, que es realitza gr\u00e0cies a un raig concentrat de llum (l\u00e0ser) que \u00e9s absorbit per la pigmentaci\u00f3 del p\u00e8l. Generalment, [&hellip;]<\/p>\n","protected":false},"author":1,"featured_media":0,"parent":0,"menu_order":0,"comment_status":"closed","ping_status":"closed","template":"","meta":{"_et_pb_use_builder":"on","_et_pb_old_content":"","_et_gb_content_width":"","inline_featured_image":false,"footnotes":""},"class_list":["post-894","page","type-page","status-publish","hentry"],"_links":{"self":[{"href":"https:\/\/www.inederm.com\/en\/wp-json\/wp\/v2\/pages\/894","targetHints":{"allow":["GET"]}}],"collection":[{"href":"https:\/\/www.inederm.com\/en\/wp-json\/wp\/v2\/pages"}],"about":[{"href":"https:\/\/www.inederm.com\/en\/wp-json\/wp\/v2\/types\/page"}],"author":[{"embeddable":true,"href":"https:\/\/www.inederm.com\/en\/wp-json\/wp\/v2\/users\/1"}],"replies":[{"embeddable":true,"href":"https:\/\/www.inederm.com\/en\/wp-json\/wp\/v2\/comments?post=894"}],"version-history":[{"count":10,"href":"https:\/\/www.inederm.com\/en\/wp-json\/wp\/v2\/pages\/894\/revisions"}],"predecessor-version":[{"id":3319,"href":"https:\/\/www.inederm.com\/en\/wp-json\/wp\/v2\/pages\/894\/revisions\/3319"}],"wp:attachment":[{"href":"https:\/\/www.inederm.com\/en\/wp-json\/wp\/v2\/media?parent=894"}],"curies":[{"name":"wp","href":"https:\/\/api.w.org\/{rel}","templated":true}]}}