{"id":791,"date":"2022-05-04T13:06:34","date_gmt":"2022-05-04T11:06:34","guid":{"rendered":"https:\/\/www.inederm.com\/?page_id=791"},"modified":"2024-12-09T16:52:23","modified_gmt":"2024-12-09T15:52:23","slug":"dermatologia-general-i-atopica","status":"publish","type":"page","link":"https:\/\/www.inederm.com\/en\/dermatologia-general-i-atopica\/","title":{"rendered":"Dermatologia general I Dermatitis at\u00f2pica"},"content":{"rendered":"<p>[et_pb_section fb_built=&#8221;1&#8243; _builder_version=&#8221;4.17.0&#8243; _module_preset=&#8221;default&#8221; custom_padding=&#8221;30px||0px||false|false&#8221; global_colors_info=&#8221;{}&#8221;][et_pb_row column_structure=&#8221;1_3,1_3,1_3&#8243; use_custom_gutter=&#8221;on&#8221; gutter_width=&#8221;4&#8243; make_equal=&#8221;on&#8221; _builder_version=&#8221;4.17.0&#8243; _module_preset=&#8221;default&#8221; global_colors_info=&#8221;{}&#8221;][et_pb_column type=&#8221;1_3&#8243; _builder_version=&#8221;4.17.0&#8243; _module_preset=&#8221;default&#8221; global_colors_info=&#8221;{}&#8221;][et_pb_text _builder_version=&#8221;4.17.0&#8243; _module_preset=&#8221;default&#8221; text_font=&#8221;Rubik|300|||||||&#8221; header_3_font=&#8221;||||||||&#8221; header_3_font_size=&#8221;34px&#8221; header_4_text_color=&#8221;#00BEBE&#8221; header_4_font_size=&#8221;24px&#8221; custom_padding=&#8221;30px||||false|false&#8221; border_width_top=&#8221;3px&#8221; border_color_top=&#8221;#00BEBE&#8221; global_colors_info=&#8221;{}&#8221;]<\/p>\n<h3 style=\"padding-bottom: 30px;\"><strong>Dermatitis at\u00f2pica I Dermatologia general<\/strong><\/h3>\n<h4>Qu\u00e8 \u00e9s la dermatitis at\u00f2pica?<\/h4>\n<p class=\"p1\"><span class=\"s1\">La dermatitis at\u00f2pica (DA) \u00e9s la malaltia inflamat\u00f2ria cr\u00f2nica de la pell m\u00e9s freq\u00fcent a la inf\u00e0ncia, per\u00f2 tamb\u00e9 present en adolescents i adults. Es caracteritza per una pell seca, la sensaci\u00f3 de picor i l\u2019aparici\u00f3 d\u2019\u00e8czemes. En molts casos va lligada a d\u2019altres patologies com la rinitis i l\u2019asma i existeix un antecedent familiar.<\/span><\/p>\n<p>[\/et_pb_text][\/et_pb_column][et_pb_column type=&#8221;1_3&#8243; _builder_version=&#8221;4.17.0&#8243; _module_preset=&#8221;default&#8221; global_colors_info=&#8221;{}&#8221;][et_pb_text _builder_version=&#8221;4.17.0&#8243; _module_preset=&#8221;default&#8221; text_font=&#8221;Rubik|300|||||||&#8221; header_3_font=&#8221;||||||||&#8221; header_3_font_size=&#8221;34px&#8221; header_4_text_color=&#8221;#00BEBE&#8221; header_4_font_size=&#8221;24px&#8221; custom_padding=&#8221;30px||||false|false&#8221; border_width_top=&#8221;3px&#8221; border_color_top=&#8221;#00BEBE&#8221; global_colors_info=&#8221;{}&#8221;]<\/p>\n<h4>La dermatitis at\u00f2pica \u00e9s molt freq\u00fcent?<\/h4>\n<p>Entre el 5-20% de la poblaci\u00f3 t\u00e9 dermatitis at\u00f2pica, el que suposa una de les primeres 10 causes de consulta a dermatologia. El 60% dels pacients inicien la malaltia al transcurs del primer any de vida i fins al 85% durant els primers 5 anys. La majoria supera la dermatitis at\u00f2pica a la inf\u00e0ncia o adolesc\u00e8ncia primerenca, per\u00f2 al voltant del 25% continua tenint \u00e8czema a l&#8217;edat adulta o experimenten la reaparici\u00f3 dels s\u00edmptomes despr\u00e9s d\u2019alguns anys.<\/p>\n<h4>Diagn\u00f2stic i tractament<\/h4>\n<p>La DA no \u00e9s una malaltia curable, per\u00f2 \u00e9s necessari un tractament per tal d\u2019apaivagar els seus s\u00edmptomes. En funci\u00f3 de les seves caracter\u00edstiques i la seva gravetat, podem realitzar tractament t\u00f2pic i\/o sist\u00e8mic. Posa\u2019t en mans dels nostres dermat\u00f2legs a INEDERM, on realitzarem una an\u00e0lisi del teu cas i t\u2019oferirem el tractament m\u00e8dic m\u00e9s adequat per la teva situaci\u00f3.[\/et_pb_text][\/et_pb_column][et_pb_column type=&#8221;1_3&#8243; _builder_version=&#8221;4.17.0&#8243; _module_preset=&#8221;default&#8221; global_colors_info=&#8221;{}&#8221;][et_pb_image src=&#8221;http:\/\/www.inederm.com\/wp-content\/uploads\/2022\/09\/inederm-dermatitis-general-dermatitis-atopica.png&#8221; alt=&#8221;Dermatits general | Dermatitis at\u00f2pica&#8221; title_text=&#8221;inederm-dermatitis-general-dermatitis-atopica&#8221; _builder_version=&#8221;4.17.0&#8243; _module_preset=&#8221;default&#8221; custom_margin=&#8221;||29px|||&#8221; border_width_top=&#8221;3px&#8221; border_color_top=&#8221;#00BEBE&#8221; global_colors_info=&#8221;{}&#8221;][\/et_pb_image][\/et_pb_column][\/et_pb_row][\/et_pb_section][et_pb_section fb_built=&#8221;1&#8243; _builder_version=&#8221;4.17.0&#8243; _module_preset=&#8221;default&#8221; custom_margin=&#8221;60px||||false|false&#8221; custom_padding=&#8221;0px||||false|false&#8221; locked=&#8221;off&#8221; global_colors_info=&#8221;{}&#8221;][et_pb_row column_structure=&#8221;2_5,3_5&#8243; _builder_version=&#8221;4.17.0&#8243; _module_preset=&#8221;default&#8221; max_width=&#8221;100%&#8221; custom_margin=&#8221;0px|0px|0px|0px|false|true&#8221; custom_padding=&#8221;0px|0px|0px|0px|true|true&#8221; custom_css_main_element=&#8221;display:flex;||align-items: center;&#8221; global_colors_info=&#8221;{}&#8221; custom_css_main_element_last_edited=&#8221;on|tablet&#8221; custom_css_main_element_tablet=&#8221;display:block;&#8221; custom_css_main_element_phone=&#8221;display:block;&#8221;][et_pb_column type=&#8221;2_5&#8243; _builder_version=&#8221;4.17.0&#8243; _module_preset=&#8221;default&#8221; custom_padding=&#8221;10px|10px|10px|10px|true|true&#8221; global_colors_info=&#8221;{}&#8221; custom_css_main_element_last_edited=&#8221;on|tablet&#8221; custom_css_main_element_tablet=&#8221;width:100% !important;&#8221; custom_css_main_element_phone=&#8221;width:100% !important;&#8221;][et_pb_text _builder_version=&#8221;4.17.0&#8243; _module_preset=&#8221;default&#8221; text_font=&#8221;Rubik|300|||||||&#8221; link_text_color=&#8221;#00BEBE&#8221; header_3_font=&#8221;|600||on|||||&#8221; header_3_font_size=&#8221;32px&#8221; header_3_line_height=&#8221;1.1em&#8221; max_width=&#8221;400px&#8221; module_alignment=&#8221;right&#8221; module_alignment_tablet=&#8221;left&#8221; module_alignment_phone=&#8221;left&#8221; module_alignment_last_edited=&#8221;on|tablet&#8221; global_colors_info=&#8221;{}&#8221;]<\/p>\n<h3>AGENDAR UNA CITA<\/h3>\n<p>Acne, dermatitis, taques, ros\u00e0cia&#8230; Programa una consulta, deixa que els professionals t&#8217;aconsellin i resol els teus dubtes. Tamb\u00e9 existeix l&#8217;opci\u00f3 de <strong>consulta virtual de pagament<\/strong> per part d&#8217;un especialista dermatol\u00f2gic.<\/p>\n<p>&nbsp;<\/p>\n<p><a class=\"boton-inicio-reserva\" href=\"https:\/\/inederm.simplybook.it\/v2\/#book\/count\/1\/\" target=\"_blank\" rel=\"noopener\">Demanar Cita Pr\u00e8via<\/a><\/p>\n<p>[\/et_pb_text][\/et_pb_column][et_pb_column type=&#8221;3_5&#8243; _builder_version=&#8221;4.17.0&#8243; _module_preset=&#8221;default&#8221; global_colors_info=&#8221;{}&#8221; custom_css_main_element_last_edited=&#8221;on|tablet&#8221; custom_css_main_element_tablet=&#8221;width:100% !important;&#8221; custom_css_main_element_phone=&#8221;width:100% !important;&#8221;][et_pb_image src=&#8221;http:\/\/www.inederm.com\/wp-content\/uploads\/2022\/04\/reserva-24-7-1.jpg&#8221; title_text=&#8221;inederm-dermatitis-at\u00f2pica-Dermatologia-pedi\u00e0trica&#8221; _builder_version=&#8221;4.17.0&#8243; _module_preset=&#8221;default&#8221; custom_margin=&#8221;||29px|||&#8221; border_width_top=&#8221;3px&#8221; border_color_top=&#8221;#00BEBE&#8221; global_colors_info=&#8221;{}&#8221;][\/et_pb_image][\/et_pb_column][\/et_pb_row][\/et_pb_section]<\/p>\n","protected":false},"excerpt":{"rendered":"<p>Dermatitis at\u00f2pica I Dermatologia general Qu\u00e8 \u00e9s la dermatitis at\u00f2pica? La dermatitis at\u00f2pica (DA) \u00e9s la malaltia inflamat\u00f2ria cr\u00f2nica de la pell m\u00e9s freq\u00fcent a la inf\u00e0ncia, per\u00f2 tamb\u00e9 present en adolescents i adults. Es caracteritza per una pell seca, la sensaci\u00f3 de picor i l\u2019aparici\u00f3 d\u2019\u00e8czemes. En molts casos va lligada a d\u2019altres patologies [&hellip;]<\/p>\n","protected":false},"author":1,"featured_media":0,"parent":0,"menu_order":0,"comment_status":"closed","ping_status":"closed","template":"","meta":{"_et_pb_use_builder":"on","_et_pb_old_content":"","_et_gb_content_width":"","inline_featured_image":false,"footnotes":""},"class_list":["post-791","page","type-page","status-publish","hentry"],"_links":{"self":[{"href":"https:\/\/www.inederm.com\/en\/wp-json\/wp\/v2\/pages\/791","targetHints":{"allow":["GET"]}}],"collection":[{"href":"https:\/\/www.inederm.com\/en\/wp-json\/wp\/v2\/pages"}],"about":[{"href":"https:\/\/www.inederm.com\/en\/wp-json\/wp\/v2\/types\/page"}],"author":[{"embeddable":true,"href":"https:\/\/www.inederm.com\/en\/wp-json\/wp\/v2\/users\/1"}],"replies":[{"embeddable":true,"href":"https:\/\/www.inederm.com\/en\/wp-json\/wp\/v2\/comments?post=791"}],"version-history":[{"count":19,"href":"https:\/\/www.inederm.com\/en\/wp-json\/wp\/v2\/pages\/791\/revisions"}],"predecessor-version":[{"id":5215,"href":"https:\/\/www.inederm.com\/en\/wp-json\/wp\/v2\/pages\/791\/revisions\/5215"}],"wp:attachment":[{"href":"https:\/\/www.inederm.com\/en\/wp-json\/wp\/v2\/media?parent=791"}],"curies":[{"name":"wp","href":"https:\/\/api.w.org\/{rel}","templated":true}]}}