{"id":4264,"date":"2022-10-21T07:11:34","date_gmt":"2022-10-21T07:11:34","guid":{"rendered":"https:\/\/www.inederm.com\/?page_id=4264"},"modified":"2022-10-21T07:37:19","modified_gmt":"2022-10-21T07:37:19","slug":"tractament-neteja-facial-aquapure","status":"publish","type":"page","link":"https:\/\/www.inederm.com\/en\/tractament-neteja-facial-aquapure\/","title":{"rendered":"Dermatologia est\u00e8tica I Tractament de neteja facial amb AQUAPURE"},"content":{"rendered":"<p>[et_pb_section fb_built=&#8221;1&#8243; _builder_version=&#8221;4.17.0&#8243; _module_preset=&#8221;default&#8221; custom_padding=&#8221;30px||0px||false|false&#8221; global_colors_info=&#8221;{}&#8221;][et_pb_row column_structure=&#8221;1_3,1_3,1_3&#8243; use_custom_gutter=&#8221;on&#8221; gutter_width=&#8221;4&#8243; make_equal=&#8221;on&#8221; _builder_version=&#8221;4.17.0&#8243; _module_preset=&#8221;default&#8221; global_colors_info=&#8221;{}&#8221;][et_pb_column type=&#8221;1_3&#8243; _builder_version=&#8221;4.17.0&#8243; _module_preset=&#8221;default&#8221; global_colors_info=&#8221;{}&#8221;][et_pb_text _builder_version=&#8221;4.18.0&#8243; _module_preset=&#8221;default&#8221; text_font=&#8221;Rubik|300|||||||&#8221; header_3_font=&#8221;||||||||&#8221; header_3_font_size=&#8221;34px&#8221; header_4_text_color=&#8221;#00BEBE&#8221; header_4_font_size=&#8221;24px&#8221; custom_padding=&#8221;30px||||false|false&#8221; hover_enabled=&#8221;0&#8243; border_width_top=&#8221;3px&#8221; border_color_top=&#8221;#00BEBE&#8221; global_colors_info=&#8221;{}&#8221; sticky_enabled=&#8221;0&#8243;]<\/p>\n<h3 style=\"padding-bottom: 30px;\">Tractament de neteja facial amb AQUAPURE I Dermatologia est\u00e8tica<\/h3>\n<h4>Qu\u00e8 \u00e9s la neteja facial?<\/h4>\n<p>El tractament facial AQUAPURE \u00e9s la manera m\u00e9s efica\u00e7 de netejar, cuidar i mimar el rostre mitjan\u00e7ant una combinaci\u00f3 de tecnologies i productes que li tornen a la pell la seva millor cara.<\/p>\n<p>Mitjan\u00e7ant la tecnologia AQUAPURE, un dispositiu multifuncional i no invasiu, es realitza una neteja facial en profunditat, gr\u00e0cies a la combinaci\u00f3 d\u2019extractes naturals, \u00e0cid hialur\u00f2nic i un complex de p\u00e8ptids. Aquests elements ajuden a estimular i rejovenir la pell amb solucions nutritives i aconsegueixen una exfoliaci\u00f3 i extracci\u00f3, una neteja en profunditat i una millora de l\u2019elasticitat.<br \/>\n[\/et_pb_text][\/et_pb_column][et_pb_column type=&#8221;1_3&#8243; _builder_version=&#8221;4.17.0&#8243; _module_preset=&#8221;default&#8221; global_colors_info=&#8221;{}&#8221;][et_pb_text _builder_version=&#8221;4.18.0&#8243; _module_preset=&#8221;default&#8221; text_font=&#8221;Rubik|300|||||||&#8221; header_3_font=&#8221;||||||||&#8221; header_3_font_size=&#8221;34px&#8221; header_4_text_color=&#8221;#00BEBE&#8221; header_4_font_size=&#8221;24px&#8221; custom_padding=&#8221;30px||||false|false&#8221; hover_enabled=&#8221;0&#8243; border_width_top=&#8221;3px&#8221; border_color_top=&#8221;#00BEBE&#8221; global_colors_info=&#8221;{}&#8221; sticky_enabled=&#8221;0&#8243;]<\/p>\n<h4>Tractament<\/h4>\n<p>Les funcions que el tractament d\u2019AQUAPURE aporta s\u00f3n:<\/p>\n<ul>\n<ul>\n<li>Rejoveniment de la pell<\/li>\n<li>Exfoliaci\u00f3 i extracci\u00f3<\/li>\n<li>Neteja profunda de porus<\/li>\n<li>Millora de l\u2019elasticitat de la pell<\/li>\n<\/ul>\n<\/ul>\n<p>El tractament consisteix en una o diverses sessions de 30 minuts aproximadament. Les tres tecnologies que aporta el dispositiu AQUAPURE permeten realitzar una neteja en profunditat per a tots els tipus i tonalitats de pell. El primer pas, Peel +, aconsegueix eliminar les c\u00e8l\u00b7lules mortes i promou la regeneraci\u00f3 de col\u00b7lagen. En segon lloc, Sebo +, se suprimeixen els punts negres i les impureses, mantenint el nivell d\u2019hidrataci\u00f3 adequat. Per \u00faltim, Rejuve +, nodreix la pell i culmina amb una sensaci\u00f3 de relaxaci\u00f3 total<\/p>\n<h4>Resultats i recuperaci\u00f3<\/h4>\n<p>El pacient podr\u00e0 observar els resultats de forma immediata i incorporar-se directament a les seves tasques di\u00e0ries. L\u2019efecte del tractament t\u00e9 una durada d\u2019uns dies, per aix\u00f2 \u00e9s important realitzar-se diverses sessions i que la pell s\u2019acostumi a la nova tecnologia.<\/p>\n<p>[\/et_pb_text][\/et_pb_column][et_pb_column type=&#8221;1_3&#8243; _builder_version=&#8221;4.17.0&#8243; _module_preset=&#8221;default&#8221; global_colors_info=&#8221;{}&#8221;][et_pb_image src=&#8221;http:\/\/www.inederm.com\/wp-content\/uploads\/2022\/10\/tractament-neteja-facial-inederm.png&#8221; title_text=&#8221;tractament-neteja-facial-inederm&#8221; _builder_version=&#8221;4.18.0&#8243; _module_preset=&#8221;default&#8221; custom_margin=&#8221;||29px|||&#8221; hover_enabled=&#8221;0&#8243; border_width_top=&#8221;3px&#8221; border_color_top=&#8221;#00BEBE&#8221; global_colors_info=&#8221;{}&#8221; alt=&#8221;Tractament de neteja facial amb AQUAPURE I Dermatologia est\u00e8tica&#8221; sticky_enabled=&#8221;0&#8243;][\/et_pb_image][\/et_pb_column][\/et_pb_row][\/et_pb_section][et_pb_section fb_built=&#8221;1&#8243; _builder_version=&#8221;4.17.0&#8243; _module_preset=&#8221;default&#8221; custom_margin=&#8221;60px||||false|false&#8221; custom_padding=&#8221;0px||||false|false&#8221; locked=&#8221;off&#8221; global_colors_info=&#8221;{}&#8221;][et_pb_row column_structure=&#8221;2_5,3_5&#8243; _builder_version=&#8221;4.17.0&#8243; _module_preset=&#8221;default&#8221; max_width=&#8221;100%&#8221; custom_margin=&#8221;0px|0px|0px|0px|false|true&#8221; custom_padding=&#8221;0px|0px|0px|0px|true|true&#8221; custom_css_main_element=&#8221;display:flex;||align-items: center;&#8221; global_colors_info=&#8221;{}&#8221; custom_css_main_element_last_edited=&#8221;on|tablet&#8221; custom_css_main_element_tablet=&#8221;display:block;&#8221; custom_css_main_element_phone=&#8221;display:block;&#8221;][et_pb_column type=&#8221;2_5&#8243; _builder_version=&#8221;4.17.0&#8243; _module_preset=&#8221;default&#8221; custom_padding=&#8221;10px|10px|10px|10px|true|true&#8221; global_colors_info=&#8221;{}&#8221; custom_css_main_element_last_edited=&#8221;on|tablet&#8221; custom_css_main_element_tablet=&#8221;width:100% !important;&#8221; custom_css_main_element_phone=&#8221;width:100% !important;&#8221;][et_pb_text _builder_version=&#8221;4.17.0&#8243; _module_preset=&#8221;default&#8221; text_font=&#8221;Rubik|300|||||||&#8221; link_text_color=&#8221;#00BEBE&#8221; header_3_font=&#8221;|600||on|||||&#8221; header_3_font_size=&#8221;32px&#8221; header_3_line_height=&#8221;1.1em&#8221; max_width=&#8221;400px&#8221; module_alignment=&#8221;right&#8221; module_alignment_tablet=&#8221;left&#8221; module_alignment_phone=&#8221;left&#8221; module_alignment_last_edited=&#8221;on|tablet&#8221; global_colors_info=&#8221;{}&#8221;]<\/p>\n<h3>AGENDAR UNA CITA<\/h3>\n<p>Acne, dermatitis, taques, ros\u00e0cia&#8230; Programa una consulta, deixa que els professionals t&#8217;aconsellin i resol els teus dubtes. Tamb\u00e9 existeix l&#8217;opci\u00f3 de <strong>consulta virtual de pagament<\/strong> per part d&#8217;un especialista dermatol\u00f2gic.<\/p>\n<p>&nbsp;<\/p>\n<p><a class=\"boton-inicio-reserva\" href=\"https:\/\/inederm.simplybook.it\/v2\/#book\/count\/1\/\" target=\"_blank\" rel=\"noopener\">Demanar Cita Pr\u00e8via<\/a><\/p>\n<p>[\/et_pb_text][\/et_pb_column][et_pb_column type=&#8221;3_5&#8243; _builder_version=&#8221;4.17.0&#8243; _module_preset=&#8221;default&#8221; global_colors_info=&#8221;{}&#8221; custom_css_main_element_last_edited=&#8221;on|tablet&#8221; custom_css_main_element_tablet=&#8221;width:100% !important;&#8221; custom_css_main_element_phone=&#8221;width:100% !important;&#8221;][et_pb_image src=&#8221;http:\/\/www.inederm.com\/wp-content\/uploads\/2022\/04\/reserva-24-7-1.jpg&#8221; title_text=&#8221;reserva 24-7&#8243; force_fullwidth=&#8221;on&#8221; _builder_version=&#8221;4.17.0&#8243; _module_preset=&#8221;default&#8221; global_colors_info=&#8221;{}&#8221;][\/et_pb_image][\/et_pb_column][\/et_pb_row][\/et_pb_section]<\/p>\n","protected":false},"excerpt":{"rendered":"<p>Tractament de neteja facial amb AQUAPURE I Dermatologia est\u00e8tica Qu\u00e8 \u00e9s la neteja facial? El tractament facial AQUAPURE \u00e9s la manera m\u00e9s efica\u00e7 de netejar, cuidar i mimar el rostre mitjan\u00e7ant una combinaci\u00f3 de tecnologies i productes que li tornen a la pell la seva millor cara. Mitjan\u00e7ant la tecnologia AQUAPURE, un dispositiu multifuncional i [&hellip;]<\/p>\n","protected":false},"author":1,"featured_media":0,"parent":0,"menu_order":0,"comment_status":"closed","ping_status":"closed","template":"","meta":{"_et_pb_use_builder":"on","_et_pb_old_content":"","_et_gb_content_width":"","inline_featured_image":false,"footnotes":""},"class_list":["post-4264","page","type-page","status-publish","hentry"],"_links":{"self":[{"href":"https:\/\/www.inederm.com\/en\/wp-json\/wp\/v2\/pages\/4264","targetHints":{"allow":["GET"]}}],"collection":[{"href":"https:\/\/www.inederm.com\/en\/wp-json\/wp\/v2\/pages"}],"about":[{"href":"https:\/\/www.inederm.com\/en\/wp-json\/wp\/v2\/types\/page"}],"author":[{"embeddable":true,"href":"https:\/\/www.inederm.com\/en\/wp-json\/wp\/v2\/users\/1"}],"replies":[{"embeddable":true,"href":"https:\/\/www.inederm.com\/en\/wp-json\/wp\/v2\/comments?post=4264"}],"version-history":[{"count":3,"href":"https:\/\/www.inederm.com\/en\/wp-json\/wp\/v2\/pages\/4264\/revisions"}],"predecessor-version":[{"id":4273,"href":"https:\/\/www.inederm.com\/en\/wp-json\/wp\/v2\/pages\/4264\/revisions\/4273"}],"wp:attachment":[{"href":"https:\/\/www.inederm.com\/en\/wp-json\/wp\/v2\/media?parent=4264"}],"curies":[{"name":"wp","href":"https:\/\/api.w.org\/{rel}","templated":true}]}}