{"id":3170,"date":"2022-08-30T08:25:53","date_gmt":"2022-08-30T08:25:53","guid":{"rendered":"https:\/\/www.inederm.com\/?page_id=3170"},"modified":"2022-10-03T10:54:43","modified_gmt":"2022-10-03T10:54:43","slug":"mycoplasma-i-dermatologia-venereologica","status":"publish","type":"page","link":"https:\/\/www.inederm.com\/en\/mycoplasma-i-dermatologia-venereologica\/","title":{"rendered":"Mycoplasma I Dermatologia Venereol\u00f2gica"},"content":{"rendered":"<p>[et_pb_section fb_built=&#8221;1&#8243; _builder_version=&#8221;4.17.0&#8243; _module_preset=&#8221;default&#8221; custom_padding=&#8221;30px||0px||false|false&#8221; global_colors_info=&#8221;{}&#8221;][et_pb_row column_structure=&#8221;1_3,1_3,1_3&#8243; use_custom_gutter=&#8221;on&#8221; gutter_width=&#8221;4&#8243; make_equal=&#8221;on&#8221; _builder_version=&#8221;4.17.0&#8243; _module_preset=&#8221;default&#8221; global_colors_info=&#8221;{}&#8221;][et_pb_column type=&#8221;1_3&#8243; _builder_version=&#8221;4.17.0&#8243; _module_preset=&#8221;default&#8221; global_colors_info=&#8221;{}&#8221;][et_pb_text _builder_version=&#8221;4.17.0&#8243; _module_preset=&#8221;default&#8221; text_font=&#8221;Rubik|300|||||||&#8221; header_3_font=&#8221;||||||||&#8221; header_3_font_size=&#8221;34px&#8221; header_4_text_color=&#8221;#00BEBE&#8221; header_4_font_size=&#8221;24px&#8221; custom_padding=&#8221;30px||||false|false&#8221; hover_enabled=&#8221;0&#8243; border_width_top=&#8221;3px&#8221; border_color_top=&#8221;#00BEBE&#8221; global_colors_info=&#8221;{}&#8221; sticky_enabled=&#8221;0&#8243;]<\/p>\n<h3 style=\"padding-bottom: 30px;\">Mycoplasma I Dermatologia Venereol\u00f2gica<\/h3>\n<p>&nbsp;<\/p>\n<h4>Qu\u00e8 \u00e9s el mycoplasma?<\/h4>\n<p>El mycoplasma genital \u00e9s un bacteri que provoca una infecci\u00f3 en l\u2019aparell reproductor femen\u00ed i\/o mascul\u00ed. Es tracta d\u2019una malaltia de transmissi\u00f3 sexual poc coneguda que presenta una simptomatologia diferent en homes i dones: en el primer cas, es pot donar una inflamaci\u00f3 de la uretra o dolor a l\u2019orinar; mentre que en elles, a m\u00e9s, s\u2019afegeix el sagnat vaginal i, en algunes ocasions, la febre. La forma m\u00e9s efica\u00e7 d\u2019evitar la malaltia \u00e9s mantenir relacions sexuals amb preservatiu.[\/et_pb_text][\/et_pb_column][et_pb_column type=&#8221;1_3&#8243; _builder_version=&#8221;4.17.0&#8243; _module_preset=&#8221;default&#8221; global_colors_info=&#8221;{}&#8221;][et_pb_text _builder_version=&#8221;4.17.0&#8243; _module_preset=&#8221;default&#8221; text_font=&#8221;Rubik|300|||||||&#8221; header_3_font=&#8221;||||||||&#8221; header_3_font_size=&#8221;34px&#8221; header_4_text_color=&#8221;#00BEBE&#8221; header_4_font_size=&#8221;24px&#8221; custom_padding=&#8221;30px||||false|false&#8221; border_width_top=&#8221;3px&#8221; border_color_top=&#8221;#00BEBE&#8221; global_colors_info=&#8221;{}&#8221;]<\/p>\n<h4>Tractament<\/h4>\n<p>\u00c9s molt important tractar la malaltia a temps amb l\u2019objectiu de disminuir la simptomatologia i que no provoqui afectacions greus de salut. Aix\u00ed doncs, s\u2019haur\u00e0 d\u2019acudir a un dermat\u00f2leg especialitzat que recepti els antibi\u00f2tics adequats segons el grau de la infecci\u00f3. A m\u00e9s, donat que el bacteri t\u00e9 una gran resist\u00e8ncia a aquests medicaments, s\u2019hauran de realitzar dues sessions per descartar-lo completament. <\/p>\n<h4>Resultats i recuperaci\u00f3<\/h4>\n<p>En un termini d\u2019uns 15 dies aproximadament despr\u00e9s d\u2019ingerir la primera dosi de medicaments, els s\u00edmptomes hauran disminu\u00eft. No obstant, sempre \u00e9s recomanable seguir les instruccions m\u00e8diques i realitzar-se una segona prova per assegurar-se que el bacteri s\u2019ha eliminat. A m\u00e9s, l\u2019\u00fas de protecci\u00f3 a l\u2019hora de mantenir relacions sexuals, tant espor\u00e0diques com estables, \u00e9s molt important per evitar la contracci\u00f3 d\u2019aquest tipus de malalties. [\/et_pb_text][\/et_pb_column][et_pb_column type=&#8221;1_3&#8243; _builder_version=&#8221;4.17.0&#8243; _module_preset=&#8221;default&#8221; global_colors_info=&#8221;{}&#8221;][et_pb_image src=&#8221;http:\/\/www.inederm.com\/wp-content\/uploads\/2022\/08\/inederm-dermatologia-venereologica-mycoplasma.jpg&#8221; title_text=&#8221;inederm-dermatologia-venereologica-mycoplasma&#8221; _builder_version=&#8221;4.17.0&#8243; _module_preset=&#8221;default&#8221; custom_margin=&#8221;||29px|||&#8221; border_width_top=&#8221;3px&#8221; border_color_top=&#8221;#00BEBE&#8221; global_colors_info=&#8221;{}&#8221;][\/et_pb_image][\/et_pb_column][\/et_pb_row][\/et_pb_section][et_pb_section fb_built=&#8221;1&#8243; _builder_version=&#8221;4.17.0&#8243; _module_preset=&#8221;default&#8221; custom_margin=&#8221;60px||||false|false&#8221; custom_padding=&#8221;0px||||false|false&#8221; locked=&#8221;off&#8221; global_colors_info=&#8221;{}&#8221;][et_pb_row column_structure=&#8221;2_5,3_5&#8243; _builder_version=&#8221;4.17.0&#8243; _module_preset=&#8221;default&#8221; max_width=&#8221;100%&#8221; custom_margin=&#8221;0px|0px|0px|0px|false|true&#8221; custom_padding=&#8221;0px|0px|0px|0px|true|true&#8221; custom_css_main_element=&#8221;display:flex;||align-items: center;&#8221; global_colors_info=&#8221;{}&#8221; custom_css_main_element_last_edited=&#8221;on|tablet&#8221; custom_css_main_element_tablet=&#8221;display:block;&#8221; custom_css_main_element_phone=&#8221;display:block;&#8221;][et_pb_column type=&#8221;2_5&#8243; _builder_version=&#8221;4.17.0&#8243; _module_preset=&#8221;default&#8221; custom_padding=&#8221;10px|10px|10px|10px|true|true&#8221; global_colors_info=&#8221;{}&#8221; custom_css_main_element_last_edited=&#8221;on|tablet&#8221; custom_css_main_element_tablet=&#8221;width:100% !important;&#8221; custom_css_main_element_phone=&#8221;width:100% !important;&#8221;][et_pb_text _builder_version=&#8221;4.17.0&#8243; _module_preset=&#8221;default&#8221; text_font=&#8221;Rubik|300|||||||&#8221; link_text_color=&#8221;#00BEBE&#8221; header_3_font=&#8221;|600||on|||||&#8221; header_3_font_size=&#8221;32px&#8221; header_3_line_height=&#8221;1.1em&#8221; max_width=&#8221;400px&#8221; module_alignment=&#8221;right&#8221; module_alignment_tablet=&#8221;left&#8221; module_alignment_phone=&#8221;left&#8221; module_alignment_last_edited=&#8221;on|tablet&#8221; global_colors_info=&#8221;{}&#8221;]<\/p>\n<h3>AGENDAR UNA CITA<\/h3>\n<p>Acne, dermatitis, taques, ros\u00e0cia&#8230; Programa una consulta, deixa que els professionals t&#8217;aconsellin i resol els teus dubtes. Tamb\u00e9 existeix l&#8217;opci\u00f3 de <strong>consulta virtual de pagament<\/strong> per part d&#8217;un especialista dermatol\u00f2gic.<\/p>\n<p>&nbsp;<\/p>\n<p><a class=\"boton-inicio-reserva\" href=\"https:\/\/inederm.simplybook.it\/v2\/#book\/count\/1\/\" target=\"_blank\" rel=\"noopener\">Demanar Cita Pr\u00e8via<\/a><\/p>\n<p>[\/et_pb_text][\/et_pb_column][et_pb_column type=&#8221;3_5&#8243; _builder_version=&#8221;4.17.0&#8243; _module_preset=&#8221;default&#8221; global_colors_info=&#8221;{}&#8221; custom_css_main_element_last_edited=&#8221;on|tablet&#8221; custom_css_main_element_tablet=&#8221;width:100% !important;&#8221; custom_css_main_element_phone=&#8221;width:100% !important;&#8221;][et_pb_image src=&#8221;http:\/\/www.inederm.com\/wp-content\/uploads\/2022\/04\/reserva-24-7-1.jpg&#8221; title_text=&#8221;reserva 24-7&#8243; force_fullwidth=&#8221;on&#8221; _builder_version=&#8221;4.17.0&#8243; _module_preset=&#8221;default&#8221; global_colors_info=&#8221;{}&#8221;][\/et_pb_image][\/et_pb_column][\/et_pb_row][\/et_pb_section]<\/p>\n","protected":false},"excerpt":{"rendered":"<p>Mycoplasma I Dermatologia Venereol\u00f2gica &nbsp; Qu\u00e8 \u00e9s el mycoplasma? El mycoplasma genital \u00e9s un bacteri que provoca una infecci\u00f3 en l\u2019aparell reproductor femen\u00ed i\/o mascul\u00ed. Es tracta d\u2019una malaltia de transmissi\u00f3 sexual poc coneguda que presenta una simptomatologia diferent en homes i dones: en el primer cas, es pot donar una inflamaci\u00f3 de la uretra [&hellip;]<\/p>\n","protected":false},"author":1,"featured_media":0,"parent":0,"menu_order":0,"comment_status":"closed","ping_status":"closed","template":"","meta":{"_et_pb_use_builder":"on","_et_pb_old_content":"","_et_gb_content_width":"","inline_featured_image":false,"footnotes":""},"class_list":["post-3170","page","type-page","status-publish","hentry"],"_links":{"self":[{"href":"https:\/\/www.inederm.com\/en\/wp-json\/wp\/v2\/pages\/3170","targetHints":{"allow":["GET"]}}],"collection":[{"href":"https:\/\/www.inederm.com\/en\/wp-json\/wp\/v2\/pages"}],"about":[{"href":"https:\/\/www.inederm.com\/en\/wp-json\/wp\/v2\/types\/page"}],"author":[{"embeddable":true,"href":"https:\/\/www.inederm.com\/en\/wp-json\/wp\/v2\/users\/1"}],"replies":[{"embeddable":true,"href":"https:\/\/www.inederm.com\/en\/wp-json\/wp\/v2\/comments?post=3170"}],"version-history":[{"count":6,"href":"https:\/\/www.inederm.com\/en\/wp-json\/wp\/v2\/pages\/3170\/revisions"}],"predecessor-version":[{"id":3990,"href":"https:\/\/www.inederm.com\/en\/wp-json\/wp\/v2\/pages\/3170\/revisions\/3990"}],"wp:attachment":[{"href":"https:\/\/www.inederm.com\/en\/wp-json\/wp\/v2\/media?parent=3170"}],"curies":[{"name":"wp","href":"https:\/\/api.w.org\/{rel}","templated":true}]}}