{"id":2948,"date":"2022-08-22T16:26:13","date_gmt":"2022-08-22T14:26:13","guid":{"rendered":"https:\/\/www.inederm.com\/?page_id=2948"},"modified":"2024-12-10T08:59:45","modified_gmt":"2024-12-10T07:59:45","slug":"reconstruccio-lobuls-esquincats","status":"publish","type":"page","link":"https:\/\/www.inederm.com\/en\/reconstruccio-lobuls-esquincats\/","title":{"rendered":"Reconstrucci\u00f3 de l\u00f2buls esquin\u00e7ats I Cirurgia dermatol\u00f2gica i tractament"},"content":{"rendered":"<p>[et_pb_section fb_built=&#8221;1&#8243; _builder_version=&#8221;4.17.0&#8243; _module_preset=&#8221;default&#8221; custom_padding=&#8221;30px||0px||false|false&#8221; global_colors_info=&#8221;{}&#8221;][et_pb_row column_structure=&#8221;1_3,1_3,1_3&#8243; use_custom_gutter=&#8221;on&#8221; gutter_width=&#8221;4&#8243; make_equal=&#8221;on&#8221; _builder_version=&#8221;4.17.0&#8243; _module_preset=&#8221;default&#8221; global_colors_info=&#8221;{}&#8221;][et_pb_column type=&#8221;1_3&#8243; _builder_version=&#8221;4.17.0&#8243; _module_preset=&#8221;default&#8221; global_colors_info=&#8221;{}&#8221;][et_pb_text _builder_version=&#8221;4.17.0&#8243; _module_preset=&#8221;default&#8221; text_font=&#8221;Rubik|300|||||||&#8221; header_3_font=&#8221;||||||||&#8221; header_3_font_size=&#8221;34px&#8221; header_4_text_color=&#8221;#00BEBE&#8221; header_4_font_size=&#8221;24px&#8221; custom_padding=&#8221;30px||||false|false&#8221; border_width_top=&#8221;3px&#8221; border_color_top=&#8221;#00BEBE&#8221; global_colors_info=&#8221;{}&#8221;]<\/p>\n<h3 style=\"padding-bottom: 30px;\">Reconstrucci\u00f3 de l\u00f2buls esquin\u00e7ats I Cirurgia dermatol\u00f2gica i tractament<\/h3>\n<h4 style=\"background-color: #ffffff;\">Qu\u00e8 \u00e9s?<\/h4>\n<p>La reconstrucci\u00f3 de l\u00f2buls esquin\u00e7ats o lobulopl\u00e0stia \u00e9s el tractament idoni per reparar el l\u00f2bul de les orelles a causa de diferents factors que acaben danyant la zona. En moltes ocasions, l\u2019\u00fas d\u2019arracades pesants, expansors o p\u00edrcings poden afavorir a la deformaci\u00f3 del l\u00f2bul de l\u2019orella i \u00e9s molt freq\u00fcent realitzar-se una cirurgia per solucionar aquests problemes est\u00e8tics de forma r\u00e0pida i senzilla.<\/p>\n<p>[\/et_pb_text][\/et_pb_column][et_pb_column type=&#8221;1_3&#8243; _builder_version=&#8221;4.17.0&#8243; _module_preset=&#8221;default&#8221; global_colors_info=&#8221;{}&#8221;][et_pb_text _builder_version=&#8221;4.17.0&#8243; _module_preset=&#8221;default&#8221; text_font=&#8221;Rubik|300|||||||&#8221; header_3_font=&#8221;||||||||&#8221; header_3_font_size=&#8221;34px&#8221; header_4_text_color=&#8221;#00BEBE&#8221; header_4_font_size=&#8221;24px&#8221; custom_padding=&#8221;30px||||false|false&#8221; hover_enabled=&#8221;0&#8243; border_width_top=&#8221;3px&#8221; border_color_top=&#8221;#00BEBE&#8221; global_colors_info=&#8221;{}&#8221; sticky_enabled=&#8221;0&#8243;]<\/p>\n<h4>Procediment<\/h4>\n<p>Segons el tipus de ruptura que s\u2019ha produ\u00eft al l\u00f2bul es dur\u00e0 a terme un m\u00e8tode d\u2019intervenci\u00f3 o un altre, per\u00f2 en ambd\u00f3s casos ser\u00e0 necess\u00e0ria anest\u00e8sia local. El fet que es tracti d\u2019una intervenci\u00f3 molt senzilla, de menys d\u2019una hora, fa que el pacient no necessiti hospitalitzaci\u00f3 i pugui continuar amb les tasques di\u00e0ries despr\u00e9s de la cirurgia.<\/p>\n<h4>Resultats i recuperaci\u00f3<\/h4>\n<p>En un termini d\u2019entre una i dues setmanes, el pacient podr\u00e0 observar els resultats, sempre que hagi seguit correctament els consells m\u00e8dics. A m\u00e9s, la cicatriu \u00e9s gaireb\u00e9 invisible i es dissimula amb els plecs de les orelles. Algunes setmanes despr\u00e9s, el pacient podr\u00e0 tornar a posar-se arracades amb normalitat, tenint en compte que el nou forat no coincideixi amb les cicatrius de la cirurgia, de manera que s\u2019evitar\u00e0 reobrir les ferides.<\/p>\n<p>[\/et_pb_text][\/et_pb_column][et_pb_column type=&#8221;1_3&#8243; _builder_version=&#8221;4.17.0&#8243; _module_preset=&#8221;default&#8221; global_colors_info=&#8221;{}&#8221;][et_pb_image src=&#8221;http:\/\/www.inederm.com\/wp-content\/uploads\/2022\/08\/Inederm-Reconstruccio-lobuls.jpg&#8221; title_text=&#8221;Inederm-Reconstruccio-lobuls&#8221; _builder_version=&#8221;4.17.0&#8243; _module_preset=&#8221;default&#8221; custom_margin=&#8221;||29px|||&#8221; border_width_top=&#8221;3px&#8221; border_color_top=&#8221;#00BEBE&#8221; global_colors_info=&#8221;{}&#8221;][\/et_pb_image][\/et_pb_column][\/et_pb_row][\/et_pb_section][et_pb_section fb_built=&#8221;1&#8243; _builder_version=&#8221;4.17.0&#8243; _module_preset=&#8221;default&#8221; custom_margin=&#8221;60px||||false|false&#8221; custom_padding=&#8221;0px||||false|false&#8221; locked=&#8221;off&#8221; global_colors_info=&#8221;{}&#8221;][et_pb_row column_structure=&#8221;2_5,3_5&#8243; _builder_version=&#8221;4.17.0&#8243; _module_preset=&#8221;default&#8221; max_width=&#8221;100%&#8221; custom_margin=&#8221;0px|0px|0px|0px|false|true&#8221; custom_padding=&#8221;0px|0px|0px|0px|true|true&#8221; custom_css_main_element=&#8221;display:flex;||align-items: center;&#8221; global_colors_info=&#8221;{}&#8221; custom_css_main_element_last_edited=&#8221;on|tablet&#8221; custom_css_main_element_tablet=&#8221;display:block;&#8221; custom_css_main_element_phone=&#8221;display:block;&#8221;][et_pb_column type=&#8221;2_5&#8243; _builder_version=&#8221;4.17.0&#8243; _module_preset=&#8221;default&#8221; custom_padding=&#8221;10px|10px|10px|10px|true|true&#8221; global_colors_info=&#8221;{}&#8221; custom_css_main_element_last_edited=&#8221;on|tablet&#8221; custom_css_main_element_tablet=&#8221;width:100% !important;&#8221; custom_css_main_element_phone=&#8221;width:100% !important;&#8221;][et_pb_text _builder_version=&#8221;4.17.0&#8243; _module_preset=&#8221;default&#8221; text_font=&#8221;Rubik|300|||||||&#8221; link_text_color=&#8221;#00BEBE&#8221; header_3_font=&#8221;|600||on|||||&#8221; header_3_font_size=&#8221;32px&#8221; header_3_line_height=&#8221;1.1em&#8221; max_width=&#8221;400px&#8221; module_alignment=&#8221;right&#8221; module_alignment_tablet=&#8221;left&#8221; module_alignment_phone=&#8221;left&#8221; module_alignment_last_edited=&#8221;on|tablet&#8221; global_colors_info=&#8221;{}&#8221;]<\/p>\n<h3>AGENDAR UNA CITA<\/h3>\n<p>Acne, dermatitis, taques, ros\u00e0cia&#8230; Programa una consulta, deixa que els professionals t&#8217;aconsellin i resol els teus dubtes. Tamb\u00e9 existeix l&#8217;opci\u00f3 de <strong>consulta virtual de pagament<\/strong> per part d&#8217;un especialista dermatol\u00f2gic.<\/p>\n<p>&nbsp;<\/p>\n<p><a class=\"boton-inicio-reserva\" href=\"https:\/\/inederm.simplybook.it\/v2\/#book\/count\/1\/\" target=\"_blank\" rel=\"noopener\">Demanar Cita Pr\u00e8via<\/a><\/p>\n<p>[\/et_pb_text][\/et_pb_column][et_pb_column type=&#8221;3_5&#8243; _builder_version=&#8221;4.17.0&#8243; _module_preset=&#8221;default&#8221; global_colors_info=&#8221;{}&#8221; custom_css_main_element_last_edited=&#8221;on|tablet&#8221; custom_css_main_element_tablet=&#8221;width:100% !important;&#8221; custom_css_main_element_phone=&#8221;width:100% !important;&#8221;][et_pb_image src=&#8221;http:\/\/www.inederm.com\/wp-content\/uploads\/2022\/04\/reserva-24-7-1.jpg&#8221; title_text=&#8221;reserva 24-7&#8243; force_fullwidth=&#8221;on&#8221; _builder_version=&#8221;4.17.0&#8243; _module_preset=&#8221;default&#8221; global_colors_info=&#8221;{}&#8221;][\/et_pb_image][\/et_pb_column][\/et_pb_row][\/et_pb_section]<\/p>\n","protected":false},"excerpt":{"rendered":"<p>Reconstrucci\u00f3 de l\u00f2buls esquin\u00e7ats I Cirurgia dermatol\u00f2gica i tractament Qu\u00e8 \u00e9s? La reconstrucci\u00f3 de l\u00f2buls esquin\u00e7ats o lobulopl\u00e0stia \u00e9s el tractament idoni per reparar el l\u00f2bul de les orelles a causa de diferents factors que acaben danyant la zona. En moltes ocasions, l\u2019\u00fas d\u2019arracades pesants, expansors o p\u00edrcings poden afavorir a la deformaci\u00f3 del l\u00f2bul [&hellip;]<\/p>\n","protected":false},"author":1,"featured_media":0,"parent":0,"menu_order":0,"comment_status":"closed","ping_status":"closed","template":"","meta":{"_et_pb_use_builder":"on","_et_pb_old_content":"","_et_gb_content_width":"","inline_featured_image":false,"footnotes":""},"class_list":["post-2948","page","type-page","status-publish","hentry"],"_links":{"self":[{"href":"https:\/\/www.inederm.com\/en\/wp-json\/wp\/v2\/pages\/2948","targetHints":{"allow":["GET"]}}],"collection":[{"href":"https:\/\/www.inederm.com\/en\/wp-json\/wp\/v2\/pages"}],"about":[{"href":"https:\/\/www.inederm.com\/en\/wp-json\/wp\/v2\/types\/page"}],"author":[{"embeddable":true,"href":"https:\/\/www.inederm.com\/en\/wp-json\/wp\/v2\/users\/1"}],"replies":[{"embeddable":true,"href":"https:\/\/www.inederm.com\/en\/wp-json\/wp\/v2\/comments?post=2948"}],"version-history":[{"count":8,"href":"https:\/\/www.inederm.com\/en\/wp-json\/wp\/v2\/pages\/2948\/revisions"}],"predecessor-version":[{"id":5277,"href":"https:\/\/www.inederm.com\/en\/wp-json\/wp\/v2\/pages\/2948\/revisions\/5277"}],"wp:attachment":[{"href":"https:\/\/www.inederm.com\/en\/wp-json\/wp\/v2\/media?parent=2948"}],"curies":[{"name":"wp","href":"https:\/\/api.w.org\/{rel}","templated":true}]}}