{"id":2617,"date":"2022-07-29T11:06:58","date_gmt":"2022-07-29T11:06:58","guid":{"rendered":"https:\/\/www.inederm.com\/?page_id=2617"},"modified":"2024-12-10T08:08:53","modified_gmt":"2024-12-10T07:08:53","slug":"dermatologia-estetica-i-telengiactesia-i-cuperosi","status":"publish","type":"page","link":"https:\/\/www.inederm.com\/en\/dermatologia-estetica-i-telengiactesia-i-cuperosi\/","title":{"rendered":"Dermatologia est\u00e8tica I Telengiact\u00e8sia i cuperosi"},"content":{"rendered":"<p>[et_pb_section fb_built=&#8221;1&#8243; _builder_version=&#8221;4.17.0&#8243; _module_preset=&#8221;default&#8221; custom_padding=&#8221;30px||0px||false|false&#8221; global_colors_info=&#8221;{}&#8221;][et_pb_row column_structure=&#8221;1_3,1_3,1_3&#8243; use_custom_gutter=&#8221;on&#8221; gutter_width=&#8221;4&#8243; make_equal=&#8221;on&#8221; _builder_version=&#8221;4.17.0&#8243; _module_preset=&#8221;default&#8221; global_colors_info=&#8221;{}&#8221;][et_pb_column type=&#8221;1_3&#8243; _builder_version=&#8221;4.17.0&#8243; _module_preset=&#8221;default&#8221; global_colors_info=&#8221;{}&#8221;][et_pb_text _builder_version=&#8221;4.17.0&#8243; _module_preset=&#8221;default&#8221; text_font=&#8221;Rubik|300|||||||&#8221; header_3_font=&#8221;||||||||&#8221; header_3_font_size=&#8221;34px&#8221; header_4_text_color=&#8221;#00BEBE&#8221; header_4_font_size=&#8221;24px&#8221; custom_padding=&#8221;30px||||false|false&#8221; border_width_top=&#8221;3px&#8221; border_color_top=&#8221;#00BEBE&#8221; global_colors_info=&#8221;{}&#8221;]<\/p>\n<h3 style=\"padding-bottom: 30px;\">Telangiectasia i cuperosi I Dermatologia est\u00e8tica<\/h3>\n<h4><strong>Qu\u00e8 \u00e9s la Telangiectasia i cuperosi?<\/strong><\/h4>\n<p>La pell \u00e9s un reflex de l\u2019estat de salut de cadasc\u00fa i es veu exposada a molts factors que afavoreixen l\u2019aparici\u00f3 d\u2019afeccions dermatol\u00f2giques. La telangiectasia i cuperosi s\u00f3n un exemple d\u2019aix\u00f2, ja que es desenvolupen en forma vermellosa, sobretot a les aletes nasals o les galtes, a causa dels canvis de temperatura, motius gen\u00e8tics, medicaments espec\u00edfics, etc. En aquest cas, es dilaten els vasos sanguinis de l\u2019epidermis i canvien el color de la zona afectada, donant lloc a petites l\u00ednies vermelloses permanents.<\/p>\n<p>[\/et_pb_text][\/et_pb_column][et_pb_column type=&#8221;1_3&#8243; _builder_version=&#8221;4.17.0&#8243; _module_preset=&#8221;default&#8221; global_colors_info=&#8221;{}&#8221;][et_pb_text _builder_version=&#8221;4.17.0&#8243; _module_preset=&#8221;default&#8221; text_font=&#8221;Rubik|300|||||||&#8221; header_3_font=&#8221;||||||||&#8221; header_3_font_size=&#8221;34px&#8221; header_4_text_color=&#8221;#00BEBE&#8221; header_4_font_size=&#8221;24px&#8221; custom_padding=&#8221;30px||||false|false&#8221; border_width_top=&#8221;3px&#8221; border_color_top=&#8221;#00BEBE&#8221; global_colors_info=&#8221;{}&#8221;]<\/p>\n<h4>Tractament<\/h4>\n<p>El l\u00e0ser IPL (Intense Pulsed Light) \u00e9s el m\u00e8tode m\u00e9s efica\u00e7 per eliminar la telengiact\u00e8sia i cuperosi, ja que, sense danyar la pell, la llum es dirigeix directament als vasos sanguinis que han provocat l\u2019afecci\u00f3, fent que l\u2019hemoglobina absorbeixi i coaguli els capil\u00b7lars dilatats. L\u2019organisme aconsegueix reabsorbir els co\u00e0guls de manera que les venes i vermellors vagin desapareixent. El tractament es realitza a la mateixa consulta i t\u00e9 una duraci\u00f3 m\u00e9s o menys extensa segons la quantitat de vasos sanguinis que s\u2019hagin d\u2019eliminar.<\/p>\n<h4>Resultats i recuperaci\u00f3<\/h4>\n<p>Els resultats es poden observar de manera immediata, per\u00f2 al cap d\u2019uns dies, quan l\u2019organisme hagi absorbit del tot els vasos sanguinis, el pacient podr\u00e0 apreciar els canvis definitius. En aquest cas, \u00e9s possible que apareguin algunes vermellors lleugeres a la zona afectada, per\u00f2, no obstant aix\u00f2, el pacient podr\u00e0 retornar a les activitats di\u00e0ries tan bon punt hagi finalitzat la sessi\u00f3. \u00c9s important seguir els consells m\u00e8dics, ja que, per exemple, l\u2019exposici\u00f3 al sol abans i despr\u00e9s de la intervenci\u00f3 podria perjudicar el tractament.<\/p>\n<p>[\/et_pb_text][\/et_pb_column][et_pb_column type=&#8221;1_3&#8243; _builder_version=&#8221;4.17.0&#8243; _module_preset=&#8221;default&#8221; global_colors_info=&#8221;{}&#8221;][et_pb_image src=&#8221;http:\/\/www.inederm.com\/wp-content\/uploads\/2022\/07\/telengiactesia-cuperosi-inederm.png&#8221; title_text=&#8221;telengiactesia-cuperosi-inederm&#8221; _builder_version=&#8221;4.17.0&#8243; _module_preset=&#8221;default&#8221; custom_margin=&#8221;||29px|||&#8221; border_width_top=&#8221;3px&#8221; border_color_top=&#8221;#00BEBE&#8221; global_colors_info=&#8221;{}&#8221;][\/et_pb_image][\/et_pb_column][\/et_pb_row][\/et_pb_section][et_pb_section fb_built=&#8221;1&#8243; _builder_version=&#8221;4.17.0&#8243; _module_preset=&#8221;default&#8221; custom_margin=&#8221;60px||||false|false&#8221; custom_padding=&#8221;0px||||false|false&#8221; locked=&#8221;off&#8221; global_colors_info=&#8221;{}&#8221;][et_pb_row column_structure=&#8221;2_5,3_5&#8243; _builder_version=&#8221;4.17.0&#8243; _module_preset=&#8221;default&#8221; max_width=&#8221;100%&#8221; custom_margin=&#8221;0px|0px|0px|0px|false|true&#8221; custom_padding=&#8221;0px|0px|0px|0px|true|true&#8221; custom_css_main_element=&#8221;display:flex;||align-items: center;&#8221; global_colors_info=&#8221;{}&#8221; custom_css_main_element_last_edited=&#8221;on|tablet&#8221; custom_css_main_element_tablet=&#8221;display:block;&#8221; custom_css_main_element_phone=&#8221;display:block;&#8221;][et_pb_column type=&#8221;2_5&#8243; _builder_version=&#8221;4.17.0&#8243; _module_preset=&#8221;default&#8221; custom_padding=&#8221;10px|10px|10px|10px|true|true&#8221; global_colors_info=&#8221;{}&#8221; custom_css_main_element_last_edited=&#8221;on|tablet&#8221; custom_css_main_element_tablet=&#8221;width:100% !important;&#8221; custom_css_main_element_phone=&#8221;width:100% !important;&#8221;][et_pb_text _builder_version=&#8221;4.17.0&#8243; _module_preset=&#8221;default&#8221; text_font=&#8221;Rubik|300|||||||&#8221; link_text_color=&#8221;#00BEBE&#8221; header_3_font=&#8221;|600||on|||||&#8221; header_3_font_size=&#8221;32px&#8221; header_3_line_height=&#8221;1.1em&#8221; max_width=&#8221;400px&#8221; module_alignment=&#8221;right&#8221; module_alignment_tablet=&#8221;left&#8221; module_alignment_phone=&#8221;left&#8221; module_alignment_last_edited=&#8221;on|tablet&#8221; global_colors_info=&#8221;{}&#8221;]<\/p>\n<h3>AGENDAR UNA CITA<\/h3>\n<p>Acne, dermatitis, taques, ros\u00e0cia&#8230; Programa una consulta, deixa que els professionals t&#8217;aconsellin i resol els teus dubtes. Tamb\u00e9 existeix l&#8217;opci\u00f3 de <strong>consulta virtual de pagament<\/strong> per part d&#8217;un especialista dermatol\u00f2gic.<\/p>\n<p>&nbsp;<\/p>\n<p><a class=\"boton-inicio-reserva\" href=\"https:\/\/inederm.simplybook.it\/v2\/#book\/count\/1\/\" target=\"_blank\" rel=\"noopener\">Demanar Cita Pr\u00e8via<\/a><\/p>\n<p>[\/et_pb_text][\/et_pb_column][et_pb_column type=&#8221;3_5&#8243; _builder_version=&#8221;4.17.0&#8243; _module_preset=&#8221;default&#8221; global_colors_info=&#8221;{}&#8221; custom_css_main_element_last_edited=&#8221;on|tablet&#8221; custom_css_main_element_tablet=&#8221;width:100% !important;&#8221; custom_css_main_element_phone=&#8221;width:100% !important;&#8221;][et_pb_image src=&#8221;http:\/\/www.inederm.com\/wp-content\/uploads\/2022\/04\/reserva-24-7-1.jpg&#8221; title_text=&#8221;reserva 24-7&#8243; force_fullwidth=&#8221;on&#8221; _builder_version=&#8221;4.17.0&#8243; _module_preset=&#8221;default&#8221; global_colors_info=&#8221;{}&#8221;][\/et_pb_image][\/et_pb_column][\/et_pb_row][\/et_pb_section]<\/p>\n","protected":false},"excerpt":{"rendered":"<p>Telangiectasia i cuperosi I Dermatologia est\u00e8tica Qu\u00e8 \u00e9s la Telangiectasia i cuperosi? La pell \u00e9s un reflex de l\u2019estat de salut de cadasc\u00fa i es veu exposada a molts factors que afavoreixen l\u2019aparici\u00f3 d\u2019afeccions dermatol\u00f2giques. La telangiectasia i cuperosi s\u00f3n un exemple d\u2019aix\u00f2, ja que es desenvolupen en forma vermellosa, sobretot a les aletes nasals [&hellip;]<\/p>\n","protected":false},"author":1,"featured_media":0,"parent":0,"menu_order":0,"comment_status":"closed","ping_status":"closed","template":"","meta":{"_et_pb_use_builder":"on","_et_pb_old_content":"","_et_gb_content_width":"","inline_featured_image":false,"footnotes":""},"class_list":["post-2617","page","type-page","status-publish","hentry"],"_links":{"self":[{"href":"https:\/\/www.inederm.com\/en\/wp-json\/wp\/v2\/pages\/2617","targetHints":{"allow":["GET"]}}],"collection":[{"href":"https:\/\/www.inederm.com\/en\/wp-json\/wp\/v2\/pages"}],"about":[{"href":"https:\/\/www.inederm.com\/en\/wp-json\/wp\/v2\/types\/page"}],"author":[{"embeddable":true,"href":"https:\/\/www.inederm.com\/en\/wp-json\/wp\/v2\/users\/1"}],"replies":[{"embeddable":true,"href":"https:\/\/www.inederm.com\/en\/wp-json\/wp\/v2\/comments?post=2617"}],"version-history":[{"count":8,"href":"https:\/\/www.inederm.com\/en\/wp-json\/wp\/v2\/pages\/2617\/revisions"}],"predecessor-version":[{"id":5236,"href":"https:\/\/www.inederm.com\/en\/wp-json\/wp\/v2\/pages\/2617\/revisions\/5236"}],"wp:attachment":[{"href":"https:\/\/www.inederm.com\/en\/wp-json\/wp\/v2\/media?parent=2617"}],"curies":[{"name":"wp","href":"https:\/\/api.w.org\/{rel}","templated":true}]}}