{"id":1952,"date":"2022-07-21T09:17:48","date_gmt":"2022-07-21T09:17:48","guid":{"rendered":"https:\/\/www.inederm.com\/?page_id=1952"},"modified":"2022-09-14T10:48:21","modified_gmt":"2022-09-14T10:48:21","slug":"dermatologia-general-i-allergies-cutanies","status":"publish","type":"page","link":"https:\/\/www.inederm.com\/en\/dermatologia-general-i-allergies-cutanies\/","title":{"rendered":"Dermatologia general I Al\u00b7l\u00e8rgies cut\u00e0nies"},"content":{"rendered":"<p>[et_pb_section fb_built=&#8221;1&#8243; _builder_version=&#8221;4.17.0&#8243; _module_preset=&#8221;default&#8221; custom_padding=&#8221;30px||0px||false|false&#8221; global_colors_info=&#8221;{}&#8221;][et_pb_row column_structure=&#8221;1_3,1_3,1_3&#8243; use_custom_gutter=&#8221;on&#8221; gutter_width=&#8221;4&#8243; make_equal=&#8221;on&#8221; _builder_version=&#8221;4.17.0&#8243; _module_preset=&#8221;default&#8221; global_colors_info=&#8221;{}&#8221;][et_pb_column type=&#8221;1_3&#8243; _builder_version=&#8221;4.17.0&#8243; _module_preset=&#8221;default&#8221; global_colors_info=&#8221;{}&#8221;][et_pb_text _builder_version=&#8221;4.17.0&#8243; _module_preset=&#8221;default&#8221; text_font=&#8221;Rubik|300|||||||&#8221; header_3_font=&#8221;||||||||&#8221; header_3_font_size=&#8221;34px&#8221; header_4_text_color=&#8221;#00BEBE&#8221; header_4_font_size=&#8221;24px&#8221; custom_padding=&#8221;30px||||false|false&#8221; border_width_top=&#8221;3px&#8221; border_color_top=&#8221;#00BEBE&#8221; global_colors_info=&#8221;{}&#8221;]<\/p>\n<h3 style=\"padding-bottom: 30px;\">Al\u00b7l\u00e8rgies cut\u00e0nies I Dermatologia general\u00a0<\/h3>\n<h4>Qu\u00e8 s\u00f3n les al\u00b7l\u00e8rgies cut\u00e0nies?<\/h4>\n<p>Les al\u00b7l\u00e8rgies cut\u00e0nies s\u00f3n les diferents reaccions immunes de l\u2019organisme que es produeixen com a resultat pel contacte amb subst\u00e0ncies naturals i artificials que es conceben com estranyes. \u00c9s una resposta de la pell que actua en defensa pr\u00f2pia i es pot desenvolupar en m\u00faltiples formes: picor, dolor, inflamaci\u00f3, irritaci\u00f3 i d\u2019altres s\u00edmptomes m\u00e9s greus. Hi ha diversos tipus d\u2019al\u00b7l\u00e8rgies cut\u00e0nies, per\u00f2 les m\u00e9s freq\u00fcents s\u00f3n la urtic\u00e0ria o els \u00e8czemes.<\/p>\n<p>[\/et_pb_text][\/et_pb_column][et_pb_column type=&#8221;1_3&#8243; _builder_version=&#8221;4.17.0&#8243; _module_preset=&#8221;default&#8221; global_colors_info=&#8221;{}&#8221;][et_pb_text _builder_version=&#8221;4.17.0&#8243; _module_preset=&#8221;default&#8221; text_font=&#8221;Rubik|300|||||||&#8221; header_3_font=&#8221;||||||||&#8221; header_3_font_size=&#8221;34px&#8221; header_4_text_color=&#8221;#00BEBE&#8221; header_4_font_size=&#8221;24px&#8221; custom_padding=&#8221;30px||||false|false&#8221; border_width_top=&#8221;3px&#8221; border_color_top=&#8221;#00BEBE&#8221; global_colors_info=&#8221;{}&#8221;]<\/p>\n<h4>Tractament<\/h4>\n<p>Si en algun moment el pacient pateix alguna simptomatologia semblant a les anteriors mencionades, \u00e9s important que consulti a un dermat\u00f2leg per identificar el tipus de malaltia. D\u2019aquesta manera, un cop verificat el tipus d\u2019al\u00b7l\u00e8rgia, el metge especialista receptar\u00e0 uns medicaments antihistam\u00ednics segons la intensitat dels s\u00edmptomes. En casos m\u00e9s greus, \u00e9s possible que recomani l\u2019\u00fas de f\u00e0rmacs t\u00f2pics que alleugin la picor o vermellor. <\/p>\n<h4>Resultats i recuperaci\u00f3<\/h4>\n<p>Els resultats s\u2019observaran en el moment que el pacient pugui tornar a patir la simptomatologia causada per l\u2019agent extern. D\u2019aquesta manera, els medicaments antihistam\u00ednics faran el seu efecte una vegada la pell estigui en contacte amb la subst\u00e0ncia que provoca l\u2019al\u00b7l\u00e8rgia.<\/p>\n<p>[\/et_pb_text][\/et_pb_column][et_pb_column type=&#8221;1_3&#8243; _builder_version=&#8221;4.17.0&#8243; _module_preset=&#8221;default&#8221; global_colors_info=&#8221;{}&#8221;][et_pb_image src=&#8221;http:\/\/www.inederm.com\/wp-content\/uploads\/2022\/07\/alergies-cutanies-inederm.png&#8221; title_text=&#8221;alergies-cutanies-inederm&#8221; _builder_version=&#8221;4.17.0&#8243; _module_preset=&#8221;default&#8221; custom_margin=&#8221;||29px|||&#8221; border_width_top=&#8221;3px&#8221; border_color_top=&#8221;#00BEBE&#8221; global_colors_info=&#8221;{}&#8221;][\/et_pb_image][\/et_pb_column][\/et_pb_row][\/et_pb_section][et_pb_section fb_built=&#8221;1&#8243; _builder_version=&#8221;4.17.0&#8243; _module_preset=&#8221;default&#8221; custom_margin=&#8221;60px||||false|false&#8221; custom_padding=&#8221;0px||||false|false&#8221; locked=&#8221;off&#8221; global_colors_info=&#8221;{}&#8221;][et_pb_row column_structure=&#8221;2_5,3_5&#8243; _builder_version=&#8221;4.17.0&#8243; _module_preset=&#8221;default&#8221; max_width=&#8221;100%&#8221; custom_margin=&#8221;0px|0px|0px|0px|false|true&#8221; custom_padding=&#8221;0px|0px|0px|0px|true|true&#8221; custom_css_main_element=&#8221;display:flex;||align-items: center;&#8221; global_colors_info=&#8221;{}&#8221; custom_css_main_element_last_edited=&#8221;on|tablet&#8221; custom_css_main_element_tablet=&#8221;display:block;&#8221; custom_css_main_element_phone=&#8221;display:block;&#8221;][et_pb_column type=&#8221;2_5&#8243; _builder_version=&#8221;4.17.0&#8243; _module_preset=&#8221;default&#8221; custom_padding=&#8221;10px|10px|10px|10px|true|true&#8221; global_colors_info=&#8221;{}&#8221; custom_css_main_element_last_edited=&#8221;on|tablet&#8221; custom_css_main_element_tablet=&#8221;width:100% !important;&#8221; custom_css_main_element_phone=&#8221;width:100% !important;&#8221;][et_pb_text _builder_version=&#8221;4.17.0&#8243; _module_preset=&#8221;default&#8221; text_font=&#8221;Rubik|300|||||||&#8221; link_text_color=&#8221;#00BEBE&#8221; header_3_font=&#8221;|600||on|||||&#8221; header_3_font_size=&#8221;32px&#8221; header_3_line_height=&#8221;1.1em&#8221; max_width=&#8221;400px&#8221; module_alignment=&#8221;right&#8221; hover_enabled=&#8221;0&#8243; module_alignment_tablet=&#8221;left&#8221; module_alignment_phone=&#8221;left&#8221; module_alignment_last_edited=&#8221;on|tablet&#8221; global_colors_info=&#8221;{}&#8221; sticky_enabled=&#8221;0&#8243;]<\/p>\n<h3>AGENDAR UNA CITA<\/h3>\n<p>Acne, dermatitis, taques, ros\u00e0cia&#8230; Programa una consulta, deixa que els professionals t&#8217;aconsellin i resol els teus dubtes. Tamb\u00e9 existeix l&#8217;opci\u00f3 de <strong>consulta virtual de pagament<\/strong> per part d&#8217;un especialista dermatol\u00f2gic.<\/p>\n<p>&nbsp;<\/p>\n<p><a class=\"boton-inicio-reserva\" href=\"https:\/\/inederm.simplybook.it\/v2\/#book\/count\/1\/\" target=\"_blank\" rel=\"noopener\">Demanar Cita Pr\u00e8via<\/a><\/p>\n<p>[\/et_pb_text][\/et_pb_column][et_pb_column type=&#8221;3_5&#8243; _builder_version=&#8221;4.17.0&#8243; _module_preset=&#8221;default&#8221; global_colors_info=&#8221;{}&#8221; custom_css_main_element_last_edited=&#8221;on|tablet&#8221; custom_css_main_element_tablet=&#8221;width:100% !important;&#8221; custom_css_main_element_phone=&#8221;width:100% !important;&#8221;][et_pb_image src=&#8221;http:\/\/www.inederm.com\/wp-content\/uploads\/2022\/04\/reserva-24-7-1.jpg&#8221; title_text=&#8221;reserva 24-7&#8243; force_fullwidth=&#8221;on&#8221; _builder_version=&#8221;4.17.0&#8243; _module_preset=&#8221;default&#8221; global_colors_info=&#8221;{}&#8221;][\/et_pb_image][\/et_pb_column][\/et_pb_row][\/et_pb_section]<\/p>\n","protected":false},"excerpt":{"rendered":"<p>Al\u00b7l\u00e8rgies cut\u00e0nies I Dermatologia general\u00a0 Qu\u00e8 s\u00f3n les al\u00b7l\u00e8rgies cut\u00e0nies? Les al\u00b7l\u00e8rgies cut\u00e0nies s\u00f3n les diferents reaccions immunes de l\u2019organisme que es produeixen com a resultat pel contacte amb subst\u00e0ncies naturals i artificials que es conceben com estranyes. \u00c9s una resposta de la pell que actua en defensa pr\u00f2pia i es pot desenvolupar en m\u00faltiples [&hellip;]<\/p>\n","protected":false},"author":1,"featured_media":0,"parent":0,"menu_order":0,"comment_status":"closed","ping_status":"closed","template":"","meta":{"_et_pb_use_builder":"on","_et_pb_old_content":"","_et_gb_content_width":"","inline_featured_image":false,"footnotes":""},"class_list":["post-1952","page","type-page","status-publish","hentry"],"_links":{"self":[{"href":"https:\/\/www.inederm.com\/en\/wp-json\/wp\/v2\/pages\/1952","targetHints":{"allow":["GET"]}}],"collection":[{"href":"https:\/\/www.inederm.com\/en\/wp-json\/wp\/v2\/pages"}],"about":[{"href":"https:\/\/www.inederm.com\/en\/wp-json\/wp\/v2\/types\/page"}],"author":[{"embeddable":true,"href":"https:\/\/www.inederm.com\/en\/wp-json\/wp\/v2\/users\/1"}],"replies":[{"embeddable":true,"href":"https:\/\/www.inederm.com\/en\/wp-json\/wp\/v2\/comments?post=1952"}],"version-history":[{"count":6,"href":"https:\/\/www.inederm.com\/en\/wp-json\/wp\/v2\/pages\/1952\/revisions"}],"predecessor-version":[{"id":3351,"href":"https:\/\/www.inederm.com\/en\/wp-json\/wp\/v2\/pages\/1952\/revisions\/3351"}],"wp:attachment":[{"href":"https:\/\/www.inederm.com\/en\/wp-json\/wp\/v2\/media?parent=1952"}],"curies":[{"name":"wp","href":"https:\/\/api.w.org\/{rel}","templated":true}]}}