{"id":1052,"date":"2022-06-08T12:15:31","date_gmt":"2022-06-08T12:15:31","guid":{"rendered":"https:\/\/www.inederm.com\/?page_id=1052"},"modified":"2024-12-11T08:37:00","modified_gmt":"2024-12-11T07:37:00","slug":"politica-de-cookies","status":"publish","type":"page","link":"https:\/\/www.inederm.com\/en\/politica-de-cookies\/","title":{"rendered":"Pol\u00edtica de Cookies"},"content":{"rendered":"<p>[et_pb_section fb_built=&#8221;1&#8243; _builder_version=&#8221;4.17.0&#8243; _module_preset=&#8221;default&#8221; custom_padding=&#8221;30px||0px||false|false&#8221; global_colors_info=&#8221;{}&#8221;][et_pb_row use_custom_gutter=&#8221;on&#8221; gutter_width=&#8221;4&#8243; make_equal=&#8221;on&#8221; _builder_version=&#8221;4.17.0&#8243; _module_preset=&#8221;default&#8221; global_colors_info=&#8221;{}&#8221;][et_pb_column type=&#8221;4_4&#8243; _builder_version=&#8221;4.17.0&#8243; _module_preset=&#8221;default&#8221; global_colors_info=&#8221;{}&#8221;][et_pb_text _builder_version=&#8221;4.27.4&#8243; _module_preset=&#8221;default&#8221; text_font=&#8221;Rubik|300|||||||&#8221; header_3_font=&#8221;||||||||&#8221; header_3_font_size=&#8221;34px&#8221; header_4_text_color=&#8221;#00BEBE&#8221; header_4_font_size=&#8221;24px&#8221; custom_padding=&#8221;30px||||false|false&#8221; border_width_top=&#8221;3px&#8221; border_color_top=&#8221;#00BEBE&#8221; global_colors_info=&#8221;{}&#8221;]<\/p>\n<h3>Pol\u00edtica de Cookies<\/h3>\n<h4><span><strong>\u00bfQu\u00e9 son las cookies?<\/strong><\/span><\/h4>\n<p><span>Una cookie es un fichero que se descarga en su ordenador al acceder a determinadas p\u00e1ginas web. Las cookies permiten a una p\u00e1gina web, entre otras cosas, almacenar y recuperar informaci\u00f3n sobre h\u00e1bitos de navegaci\u00f3n de un usuario o de su equipo y, dependiendo de la informaci\u00f3n que contengan y de la forma que utilice su equipo, pueden utilizarse para reconocer al usuario.<\/span><\/p>\n<h4><span><strong>\u00bfPara qu\u00e9 se utilizan las cookies y cu\u00e1les son?<\/strong><\/span><\/h4>\n<p><span>Los tipos de cookies existentes son varios, y se pueden utilizar para una serie de finalidades distintas. Las principales son:<\/span><\/p>\n<ul>\n<li><span> Cookies t\u00e9cnicas: Son aqu\u00e9llas que permiten al usuario la navegaci\u00f3n a trav\u00e9s de la p\u00e1gina web o aplicaci\u00f3n y la utilizaci\u00f3n de las diferentes opciones o servicios que en ella existen. Por ejemplo, controlar el tr\u00e1fico y la comunicaci\u00f3n de datos, identificar la sesi\u00f3n, acceder a las partes web de acceso restringido, recordar los elementos que integran un pedido, realizar la solicitud de inscripci\u00f3n o participaci\u00f3n en un evento, utilizar elementos de seguridad durante la navegaci\u00f3n y almacenar contenidos para la difusi\u00f3n de videos o sonido.<\/span><\/li>\n<\/ul>\n<p>Tambi\u00e9n pertenecen a esta categor\u00eda, por su naturaleza t\u00e9cnica, aquellas cookies que permiten la gesti\u00f3n, de la forma m\u00e1s eficaz posible, de los espacios publicitarios que, como un elemento m\u00e1s de dise\u00f1o o \u201cmaquetaci\u00f3n\u201d del servicio ofrecido al usuario, el editor haya incluido en una p\u00e1gina web, aplicaci\u00f3n o plataforma en base a criterios como el contenido editado, sin que se recopile informaci\u00f3n de los usuarios con fines distintos, como puede ser personalizar ese contenido publicitario u otros contenidos.<\/p>\n<ul>\n<li><span> Cookies de preferencias o personalizaci\u00f3n: Son aqu\u00e9llas que permiten al usuario acceder al servicio con algunas caracter\u00edsticas de car\u00e1cter general predefinidas en su terminal o que el propio usuario defina. Por ejemplo, el idioma, el tipo de navegador a trav\u00e9s del cual accede al servicio, el dise\u00f1o de contenidos seleccionado, geolocalizaci\u00f3n del terminal y la configuraci\u00f3n regional desde donde se accede al servicio.<\/span><\/li>\n<\/ul>\n<ul>\n<li><span> Cookies de an\u00e1lisis: son aquellas cookies que bien, tratadas por nosotros o por terceros, nos permiten cuantificar el n\u00famero de usuarios y as\u00ed realizar la medici\u00f3n y an\u00e1lisis estad\u00edstico de la utilizaci\u00f3n que hacen los usuarios del servicio. Para ello se analiza la navegaci\u00f3n y comportamiento de un usuario en la p\u00e1gina web <\/span>con el fin de introducir mejoras en funci\u00f3n del an\u00e1lisis de los datos de uso que hacen los usuarios del servicio<span>.<\/span><\/li>\n<\/ul>\n<ul>\n<li><span> Cookies de publicidad comportamental: <\/span>son aquellas que almacenan informaci\u00f3n del comportamiento de los usuarios obtenida a trav\u00e9s de la observaci\u00f3n continuada de sus h\u00e1bitos de navegaci\u00f3n, lo que permite desarrollar un perfil espec\u00edfico para mostrar publicidad en funci\u00f3n del mismo.<\/li>\n<\/ul>\n<ul>\n<li>En funci\u00f3n de su durabilidad pueden ser:<\/li>\n<li>Cookies de sesi\u00f3n: Su vigencia expira al cerrar el navegador<\/li>\n<li><span> <\/span>Cookies persistentes: Su vigencia puede ser variable, pues los datos siguen almacenados en el terminal y pueden ser accedidos y tratados durante un periodo definido por el responsable de la cookie. Estas desaparecen una vez que han cumplido el objetivo que motiv\u00f3 su instalaci\u00f3n o cuando el usuario procede a su borrado manual.<\/li>\n<\/ul>\n<p><span>Adem\u00e1s, estas cookies podr\u00e1n ser propias o de terceros. <\/span>Las cookies de tipo &#8220;Propias&#8221; son utilizadas s\u00f3lo por el propietario de esta web. Es decir, se env\u00edan al equipo terminal del usuario desde un equipo o dominio gestionado por el propio editor y desde el que se presta el servicio solicitado por el usuario. Las cookies &#8220;De terceros&#8221;, en cambio, son aquellas que se env\u00edan al equipo terminal del usuario desde un equipo o dominio que no es gestionado por el editor, sino por otra entidad que trata los datos obtenidos trav\u00e9s de las cookies. Un ejemplo de ello son los servicios estad\u00edsticos de Google Analytics y Comscore.<\/p>\n<p><strong><em><\/em><\/strong><\/p>\n<p><strong><em><\/em><\/strong><\/p>\n<h4><span><strong><em>Detalle de las cookies utilizadas en esta p\u00e1gina web<\/em><\/strong><\/span><\/h4>\n<p><span>En nuestra p\u00e1gina web el usuario podr\u00e1 encontrar algunas de las cookies descritas anteriormente. Sin perjuicio de su derecho a limitar y \/ o rechazar estas cookies libremente (todas o algunas de ellas), le informamos que el detalle de las cookies utilizadas en esta p\u00e1gina web es el siguiente:<\/span><\/p>\n<table>\n<tbody>\n<tr>\n<td width=\"174\">\n<p><strong>Nombre<\/strong><\/p>\n<\/td>\n<td width=\"60\">\n<p><strong>Tipo<\/strong><\/p>\n<\/td>\n<td width=\"306\">\n<p><strong>Proveedor<\/strong><\/p>\n<\/td>\n<td width=\"69\">\n<p><strong>Duraci\u00f3n<\/strong><\/p>\n<\/td>\n<td width=\"108\">\n<p><strong>Prop\u00f3sito<\/strong><\/p>\n<\/td>\n<\/tr>\n<tr>\n<td width=\"174\">\n<p>cmplz_banner-status<\/p>\n<\/td>\n<td width=\"60\">\n<p>Propia<\/p>\n<\/td>\n<td width=\"306\">\n<p>&#8211;<\/p>\n<\/td>\n<td width=\"69\">\n<p>1 a\u00f1o<\/p>\n<\/td>\n<td width=\"108\">\n<p>Funcional. Para almacenar las preferencias de consentimiento de cookies.<\/p>\n<\/td>\n<\/tr>\n<tr>\n<td width=\"174\">\n<p>cmplz_consented_services<\/p>\n<\/td>\n<td width=\"60\">\n<p>Propia<\/p>\n<\/td>\n<td width=\"306\">\n<p>&#8211;<\/p>\n<\/td>\n<td width=\"69\">\n<p>1 a\u00f1o<\/p>\n<\/td>\n<td width=\"108\">\n<p>Funcional. Para almacenar las preferencias de consentimiento de cookies.<\/p>\n<\/td>\n<\/tr>\n<tr>\n<td width=\"174\">\n<p>cmplz_functional<\/p>\n<\/td>\n<td width=\"60\">\n<p>Propia<\/p>\n<\/td>\n<td width=\"306\">\n<p>&#8211;<\/p>\n<\/td>\n<td width=\"69\">\n<p>1 a\u00f1o<\/p>\n<\/td>\n<td width=\"108\">\n<p>Funcional. Para almacenar las preferencias de consentimiento de cookies.<\/p>\n<\/td>\n<\/tr>\n<tr>\n<td width=\"174\">\n<p>cmplz_marketing<\/p>\n<\/td>\n<td width=\"60\">\n<p>Propia<\/p>\n<\/td>\n<td width=\"306\">\n<p>&#8211;<\/p>\n<\/td>\n<td width=\"69\">\n<p>1 a\u00f1o<\/p>\n<\/td>\n<td width=\"108\">\n<p>Funcional. Para almacenar las preferencias de consentimiento de cookies.<\/p>\n<\/td>\n<\/tr>\n<tr>\n<td width=\"174\">\n<p>cmplz_policy_id<\/p>\n<\/td>\n<td width=\"60\">\n<p>Propia<\/p>\n<\/td>\n<td width=\"306\">\n<p>&#8211;<\/p>\n<\/td>\n<td width=\"69\">\n<p>1 a\u00f1o<\/p>\n<\/td>\n<td width=\"108\">\n<p>Funcional. Para almacenar las preferencias de consentimiento de cookies.<\/p>\n<\/td>\n<\/tr>\n<tr>\n<td width=\"174\">\n<p>cmplz_preferences<\/p>\n<\/td>\n<td width=\"60\">\n<p>Propia<\/p>\n<\/td>\n<td width=\"306\">\n<p>&#8211;<\/p>\n<\/td>\n<td width=\"69\">\n<p>1 a\u00f1o<\/p>\n<\/td>\n<td width=\"108\">\n<p>Funcional. Para almacenar las preferencias de consentimiento de cookies.<\/p>\n<\/td>\n<\/tr>\n<tr>\n<td width=\"174\">\n<p>cmplz_statistics<\/p>\n<\/td>\n<td width=\"60\">\n<p>Propia<\/p>\n<\/td>\n<td width=\"306\">\n<p>&#8211;<\/p>\n<\/td>\n<td width=\"69\">\n<p>1 a\u00f1o<\/p>\n<\/td>\n<td width=\"108\">\n<p>Funcional. Para almacenar las preferencias de consentimiento de cookies.<\/p>\n<\/td>\n<\/tr>\n<tr>\n<td width=\"174\">\n<p>wp-wpml_current_language<\/p>\n<\/td>\n<td width=\"60\">\n<p>Propia<\/p>\n<\/td>\n<td width=\"306\">\n<p>&#8211;<\/p>\n<\/td>\n<td width=\"69\">\n<p>Sesi\u00f3n<\/p>\n<\/td>\n<td width=\"108\">\n<p>Funcional. Para almacenar las preferencias de consentimiento de cookies.<\/p>\n<\/td>\n<\/tr>\n<tr>\n<td width=\"174\">\n<p>_ga<\/p>\n<\/td>\n<td width=\"60\">\n<p>Tercero<\/p>\n<\/td>\n<td width=\"306\">\n<p><span>Google. Puede consultar m\u00e1s informaci\u00f3n en su pol\u00edtica propia: <\/span><a href=\"https:\/\/policies.google.com\/technologies\/types?hl=es\" target=\"_blank\" rel=\"noopener\">https:\/\/policies.google.com\/technologies\/types?hl=es<\/a><\/p>\n<\/td>\n<td width=\"69\">\n<p>2 a\u00f1os<\/p>\n<\/td>\n<td width=\"108\">\n<p>Anal\u00edtica. Se usa para distinguir a los usuarios.<\/p>\n<\/td>\n<\/tr>\n<tr>\n<td width=\"174\">\n<p>_gat_UA-180673860-1<\/p>\n<\/td>\n<td width=\"60\">\n<p>Tercero<\/p>\n<\/td>\n<td width=\"306\">\n<p><span>Google. Puede consultar m\u00e1s informaci\u00f3n en su pol\u00edtica propia<\/span><\/p>\n<\/td>\n<td width=\"69\">\n<p>2 a\u00f1os<\/p>\n<\/td>\n<td width=\"108\">\n<p>Anal\u00edtica. Se usa para limitar el porcentaje de solicitudes.<\/p>\n<\/td>\n<\/tr>\n<tr>\n<td width=\"174\">\n<p>_gid<\/p>\n<\/td>\n<td width=\"60\">\n<p>Tercero<\/p>\n<\/td>\n<td width=\"306\">\n<p><span>Google. Puede consultar m\u00e1s informaci\u00f3n en su pol\u00edtica propia<\/span><\/p>\n<\/td>\n<td width=\"69\">\n<p>24 horas<\/p>\n<\/td>\n<td width=\"108\">\n<p>Anal\u00edtica. Se usa para distinguir a los usuarios.<\/p>\n<\/td>\n<\/tr>\n<\/tbody>\n<\/table>\n<p>&nbsp;<\/p>\n<p>El responsable de los datos recopilados por las <u>cookies propias<\/u> ser\u00e1 el editor de la web. Puede consultar informaci\u00f3n sobre el mismo y sobre los tratamientos de datos que realiza en la <u>Pol\u00edtica de Privacidad<\/u> de esta misma web. Los datos recopilados por nuestras cookies se conservaran mientras el interesado no solicite su supresi\u00f3n, sin perjuicio del cumplimiento de las obligaciones legales al respecto. Usted tendr\u00e1 derecho a derecho a solicitar el <strong>acceso<\/strong> a los datos personales recopilados, a su <strong>rectificaci\u00f3n<\/strong> o <strong>supresi\u00f3n<\/strong>, a la <strong>limitaci\u00f3n<\/strong> de su tratamiento, o a <strong>oponerse<\/strong> al tratamiento, as\u00ed como el derecho a la <strong>portabilidad<\/strong> de los datos. Adem\u00e1s, tambi\u00e9n tiene el derecho a <strong>retirar el consentimiento en cualquier momento<\/strong>, sin que ello afecte a la licitud del tratamiento basado en el consentimiento previo a su retirada. Estos datos no ser\u00e1n cedidos a terceros ni se realizaran transferencias internacionales de los mismos.<\/p>\n<p>En el caso de aceptaci\u00f3n de <u>cookies de terceros<\/u>, los datos ser\u00e1n de uso de la entidad que env\u00eda y gestiona dichas cookies. Puede consultar m\u00e1s informaci\u00f3n al respecto en las Pol\u00edticas propias de estos terceros, a las que puede acceder haciendo click en los enlaces indicados en el cuadro anterior. Tenga en cuenta que, si acepta las cookies de terceros, deber\u00e1 eliminarlas desde las opciones del navegador o desde el sistema ofrecido por el propio tercero. Puedes informarte de las cesiones de datos y transferencias a terceros pa\u00edses que, en su caso, realizan los terceros identificados en esta pol\u00edtica de cookies en sus correspondientes pol\u00edticas.<\/p>\n<p>En caso de que sienta vulnerados sus derechos en lo concerniente a la protecci\u00f3n de sus datos personales, especialmente cuando no haya obtenido satisfacci\u00f3n en el ejercicio de sus derechos, puede presentar una reclamaci\u00f3n ante la Autoridad de Control en materia de Protecci\u00f3n de Datos competente a trav\u00e9s de su sitio web: <a href=\"http:\/\/www.aepd.es\" target=\"_blank\" rel=\"noopener\">www.aepd.es<\/a>.<\/p>\n<h4><strong>\u00bf<u>C\u00f3mo puedo desactivar o eliminar las cookies de terceros?<\/u><\/strong><\/h4>\n<p><span>Puede usted permitir, bloquear o eliminar las cookies instaladas en su equipo mediante la configuraci\u00f3n de las opciones del navegador instalado en su ordenador:<\/span><\/p>\n<p><a href=\"http:\/\/support.mozilla.org\/es\/kb\/habilitar-y-deshabilitar-cookies-que-los-sitios-we\" target=\"_blank\" rel=\"noopener\"><span>Firefox<\/span><\/a><\/p>\n<p><a href=\"http:\/\/support.google.com\/chrome\/bin\/answer.py?hl=es&amp;answer=95647%20\u00a0\" target=\"_blank\" rel=\"noopener\"><span>Chrome<\/span><\/a><\/p>\n<p><a href=\"http:\/\/windows.microsoft.com\/es-es\/windows7\/how-to-manage-cookies-in-internet-exp%20lorer-9\" target=\"_blank\" rel=\"noopener\"><span>Explorer<\/span><\/a><\/p>\n<p><a href=\"http:\/\/support.apple.com\/kb\/ph5042\" target=\"_blank\" rel=\"noopener\"><span>Safari<\/span><\/a><\/p>\n<p><a href=\"http:\/\/help.opera.com\/Windows\/11.50\/es-ES\/cookies.html\" target=\"_blank\" rel=\"noopener\"><span>Opera<\/span><\/a><\/p>\n<p><span>Otros navegadores<\/span><\/p>\n<p><span>\u00a0<\/span><\/p>\n<p><span>Consulte la documentaci\u00f3n del navegador que tenga instalado.<\/span><\/p>\n<p><span>Complemento de inhabilitaci\u00f3n para navegadores de Google Analytics<\/span><\/p>\n<p><span>Si desea rechazar las cookies anal\u00edticas de Google Analytics en todos los navegadores, de forma que no se env\u00ede informaci\u00f3n suya a Google Analytics, puede descargar un complemento que realiza esta funci\u00f3n desde este enlace: <\/span><a href=\"https:\/\/tools.google.com\/dlpage\/gaoptout\" target=\"_blank\" rel=\"noopener\">https:\/\/tools.google.com\/dlpage\/gaoptout<\/a><span>.<\/span><\/p>\n<p>[\/et_pb_text][\/et_pb_column][\/et_pb_row][\/et_pb_section]<\/p>\n","protected":false},"excerpt":{"rendered":"<p>Pol\u00edtica de Cookies \u00bfQu\u00e9 son las cookies? Una cookie es un fichero que se descarga en su ordenador al acceder a determinadas p\u00e1ginas web. Las cookies permiten a una p\u00e1gina web, entre otras cosas, almacenar y recuperar informaci\u00f3n sobre h\u00e1bitos de navegaci\u00f3n de un usuario o de su equipo y, dependiendo de la informaci\u00f3n que [&hellip;]<\/p>\n","protected":false},"author":1,"featured_media":0,"parent":0,"menu_order":0,"comment_status":"closed","ping_status":"closed","template":"","meta":{"_et_pb_use_builder":"on","_et_pb_old_content":"","_et_gb_content_width":"","inline_featured_image":false,"footnotes":""},"class_list":["post-1052","page","type-page","status-publish","hentry"],"_links":{"self":[{"href":"https:\/\/www.inederm.com\/en\/wp-json\/wp\/v2\/pages\/1052","targetHints":{"allow":["GET"]}}],"collection":[{"href":"https:\/\/www.inederm.com\/en\/wp-json\/wp\/v2\/pages"}],"about":[{"href":"https:\/\/www.inederm.com\/en\/wp-json\/wp\/v2\/types\/page"}],"author":[{"embeddable":true,"href":"https:\/\/www.inederm.com\/en\/wp-json\/wp\/v2\/users\/1"}],"replies":[{"embeddable":true,"href":"https:\/\/www.inederm.com\/en\/wp-json\/wp\/v2\/comments?post=1052"}],"version-history":[{"count":9,"href":"https:\/\/www.inederm.com\/en\/wp-json\/wp\/v2\/pages\/1052\/revisions"}],"predecessor-version":[{"id":5607,"href":"https:\/\/www.inederm.com\/en\/wp-json\/wp\/v2\/pages\/1052\/revisions\/5607"}],"wp:attachment":[{"href":"https:\/\/www.inederm.com\/en\/wp-json\/wp\/v2\/media?parent=1052"}],"curies":[{"name":"wp","href":"https:\/\/api.w.org\/{rel}","templated":true}]}}