{"id":971,"date":"2022-06-08T09:47:45","date_gmt":"2022-06-08T09:47:45","guid":{"rendered":"https:\/\/www.inederm.com\/?page_id=971"},"modified":"2022-09-21T09:15:27","modified_gmt":"2022-09-21T09:15:27","slug":"dermatologia-venereologica-i-herpes-genital","status":"publish","type":"page","link":"https:\/\/www.inederm.com\/de\/dermatologia-venereologica-i-herpes-genital\/","title":{"rendered":"Dermatologia Venereol\u00f2gica I Herpes genital"},"content":{"rendered":"<p>[et_pb_section fb_built=&#8221;1&#8243; _builder_version=&#8221;4.17.0&#8243; _module_preset=&#8221;default&#8221; custom_padding=&#8221;30px||0px||false|false&#8221; global_colors_info=&#8221;{}&#8221;][et_pb_row column_structure=&#8221;1_3,1_3,1_3&#8243; use_custom_gutter=&#8221;on&#8221; gutter_width=&#8221;4&#8243; make_equal=&#8221;on&#8221; _builder_version=&#8221;4.17.0&#8243; _module_preset=&#8221;default&#8221; global_colors_info=&#8221;{}&#8221;][et_pb_column type=&#8221;1_3&#8243; _builder_version=&#8221;4.17.0&#8243; _module_preset=&#8221;default&#8221; global_colors_info=&#8221;{}&#8221;][et_pb_text _builder_version=&#8221;4.17.0&#8243; _module_preset=&#8221;default&#8221; text_font=&#8221;Rubik|300|||||||&#8221; header_3_font=&#8221;||||||||&#8221; header_3_font_size=&#8221;34px&#8221; header_4_text_color=&#8221;#00BEBE&#8221; header_4_font_size=&#8221;24px&#8221; custom_padding=&#8221;30px||||false|false&#8221; border_width_top=&#8221;3px&#8221; border_color_top=&#8221;#00BEBE&#8221; global_colors_info=&#8221;{}&#8221;]<\/p>\n<h3 style=\"padding-bottom: 30px;\">Herpes genital I Dermatologia venereol\u00f2gica\u00a0<\/h3>\n<h4>Qu\u00e8 \u00e9s l\u2019herpes genital?<\/h4>\n<p>L\u2019herpes genital \u00e9s una malaltia de transmissi\u00f3 sexual que pot ser causada per dos tipus de virus:<br \/>\u2022 virus de l\u2019herpes simple tipus 1<br \/>\u2022 virus de l\u2019herpes simple tipus 2.<br \/>La principal via de propagaci\u00f3 d\u2019aquesta malaltia \u00e9s mitjan\u00e7ant el contacte sexual directe, sense protecci\u00f3. En molts casos, no presenta cap simptomatologia f\u00edsica, cosa que pot arribar a ser perillosa perqu\u00e8 no s\u2019\u00e9s conscient de l\u2019exist\u00e8ncia del virus en el cos; en d\u2019altres, es presenta en forma de llagues, picor i\/o dolor. En les dos vessants, es pot contagiar a altres persones si no es tenen les precaucions necess\u00e0ries.<\/p>\n<p>[\/et_pb_text][\/et_pb_column][et_pb_column type=&#8221;1_3&#8243; _builder_version=&#8221;4.17.0&#8243; _module_preset=&#8221;default&#8221; global_colors_info=&#8221;{}&#8221;][et_pb_text _builder_version=&#8221;4.17.0&#8243; _module_preset=&#8221;default&#8221; text_font=&#8221;Rubik|300|||||||&#8221; header_3_font=&#8221;||||||||&#8221; header_3_font_size=&#8221;34px&#8221; header_4_text_color=&#8221;#00BEBE&#8221; header_4_font_size=&#8221;24px&#8221; custom_padding=&#8221;30px||||false|false&#8221; border_width_top=&#8221;3px&#8221; border_color_top=&#8221;#00BEBE&#8221; global_colors_info=&#8221;{}&#8221;]<\/p>\n<h4>Tractament<\/h4>\n<p>S\u2019ha de tenir en compte que no existeix cap tractament que elimini per complet el virus, per\u00f2 s\u00ed que hi ha diverses maneres de reduir les mol\u00e8sties o disminuir la duraci\u00f3 dels brots. \u00c9s important saber que algunes persones experimenten diversos episodis durant els anys i en d\u2019altres no \u00e9s tan freq\u00fcent. En ambd\u00f3s casos, per\u00f2, s\u2019ha d\u2019acudir a un dermat\u00f2leg especialista que diagnosticar\u00e0 el tractament necessari per a cada pacient. Majorit\u00e0riament, el metge recepta la ingesta de medicaments antivirals, per\u00f2 la duraci\u00f3 dependr\u00e0 de cada cas.<\/p>\n<h4>Resultats i recuperaci\u00f3<\/h4>\n<p>No hi ha una cura pel virus, sin\u00f3 que els tractaments que s\u2019ofereixen ajuden a reduir el dolor i disminuir la freq\u00fc\u00e8ncia dels episodis. Els medicaments triguen, aproximadament, entre una i dues setmanes en fer efecte complet, per\u00f2 les mol\u00e8sties aniran disminuint de forma progressiva en aquest per\u00edode de temps.<\/p>\n<p>[\/et_pb_text][\/et_pb_column][et_pb_column type=&#8221;1_3&#8243; _builder_version=&#8221;4.17.0&#8243; _module_preset=&#8221;default&#8221; global_colors_info=&#8221;{}&#8221;][et_pb_image src=&#8221;http:\/\/www.inederm.com\/wp-content\/uploads\/2022\/08\/inederm-dermatologia-venereologica-herpes-genital.jpg&#8221; title_text=&#8221;inederm-dermatologia-venereologica-herpes-genital&#8221; _builder_version=&#8221;4.17.0&#8243; _module_preset=&#8221;default&#8221; custom_margin=&#8221;||29px|||&#8221; border_width_top=&#8221;3px&#8221; border_color_top=&#8221;#00BEBE&#8221; global_colors_info=&#8221;{}&#8221;][\/et_pb_image][\/et_pb_column][\/et_pb_row][\/et_pb_section][et_pb_section fb_built=&#8221;1&#8243; _builder_version=&#8221;4.17.0&#8243; _module_preset=&#8221;default&#8221; custom_margin=&#8221;60px||||false|false&#8221; custom_padding=&#8221;0px||||false|false&#8221; locked=&#8221;off&#8221; global_colors_info=&#8221;{}&#8221;][et_pb_row column_structure=&#8221;2_5,3_5&#8243; _builder_version=&#8221;4.17.0&#8243; _module_preset=&#8221;default&#8221; max_width=&#8221;100%&#8221; custom_margin=&#8221;0px|0px|0px|0px|false|true&#8221; custom_padding=&#8221;0px|0px|0px|0px|true|true&#8221; custom_css_main_element=&#8221;display:flex;||align-items: center;&#8221; global_colors_info=&#8221;{}&#8221; custom_css_main_element_last_edited=&#8221;on|tablet&#8221; custom_css_main_element_tablet=&#8221;display:block;&#8221; custom_css_main_element_phone=&#8221;display:block;&#8221;][et_pb_column type=&#8221;2_5&#8243; _builder_version=&#8221;4.17.0&#8243; _module_preset=&#8221;default&#8221; custom_padding=&#8221;10px|10px|10px|10px|true|true&#8221; global_colors_info=&#8221;{}&#8221; custom_css_main_element_last_edited=&#8221;on|tablet&#8221; custom_css_main_element_tablet=&#8221;width:100% !important;&#8221; custom_css_main_element_phone=&#8221;width:100% !important;&#8221;][et_pb_text _builder_version=&#8221;4.17.0&#8243; _module_preset=&#8221;default&#8221; text_font=&#8221;Rubik|300|||||||&#8221; link_text_color=&#8221;#00BEBE&#8221; header_3_font=&#8221;|600||on|||||&#8221; header_3_font_size=&#8221;32px&#8221; header_3_line_height=&#8221;1.1em&#8221; max_width=&#8221;400px&#8221; module_alignment=&#8221;right&#8221; module_alignment_tablet=&#8221;left&#8221; module_alignment_phone=&#8221;left&#8221; module_alignment_last_edited=&#8221;on|tablet&#8221; global_colors_info=&#8221;{}&#8221;]<\/p>\n<h3>AGENDAR UNA CITA<\/h3>\n<p>Acne, dermatitis, taques, ros\u00e0cia&#8230; Programa una consulta, deixa que els professionals t&#8217;aconsellin i resol els teus dubtes. Tamb\u00e9 existeix l&#8217;opci\u00f3 de <strong>consulta virtual de pagament<\/strong> per part d&#8217;un especialista dermatol\u00f2gic.<\/p>\n<p>&nbsp;<\/p>\n<p><a class=\"boton-inicio-reserva\" href=\"https:\/\/inederm.simplybook.it\/v2\/#book\/count\/1\/\" target=\"_blank\" rel=\"noopener\">Demanar Cita Pr\u00e8via<\/a><\/p>\n<p>[\/et_pb_text][\/et_pb_column][et_pb_column type=&#8221;3_5&#8243; _builder_version=&#8221;4.17.0&#8243; _module_preset=&#8221;default&#8221; global_colors_info=&#8221;{}&#8221; custom_css_main_element_last_edited=&#8221;on|tablet&#8221; custom_css_main_element_tablet=&#8221;width:100% !important;&#8221; custom_css_main_element_phone=&#8221;width:100% !important;&#8221;][et_pb_image src=&#8221;http:\/\/www.inederm.com\/wp-content\/uploads\/2022\/04\/reserva-24-7-1.jpg&#8221; title_text=&#8221;reserva 24-7&#8243; force_fullwidth=&#8221;on&#8221; _builder_version=&#8221;4.17.0&#8243; _module_preset=&#8221;default&#8221; global_colors_info=&#8221;{}&#8221;][\/et_pb_image][\/et_pb_column][\/et_pb_row][\/et_pb_section]<\/p>\n","protected":false},"excerpt":{"rendered":"<p>Herpes genital I Dermatologia venereol\u00f2gica\u00a0 Qu\u00e8 \u00e9s l\u2019herpes genital? L\u2019herpes genital \u00e9s una malaltia de transmissi\u00f3 sexual que pot ser causada per dos tipus de virus:\u2022 virus de l\u2019herpes simple tipus 1\u2022 virus de l\u2019herpes simple tipus 2.La principal via de propagaci\u00f3 d\u2019aquesta malaltia \u00e9s mitjan\u00e7ant el contacte sexual directe, sense protecci\u00f3. En molts casos, [&hellip;]<\/p>\n","protected":false},"author":1,"featured_media":0,"parent":0,"menu_order":0,"comment_status":"closed","ping_status":"closed","template":"","meta":{"_et_pb_use_builder":"on","_et_pb_old_content":"","_et_gb_content_width":"","inline_featured_image":false,"footnotes":""},"class_list":["post-971","page","type-page","status-publish","hentry"],"_links":{"self":[{"href":"https:\/\/www.inederm.com\/de\/wp-json\/wp\/v2\/pages\/971","targetHints":{"allow":["GET"]}}],"collection":[{"href":"https:\/\/www.inederm.com\/de\/wp-json\/wp\/v2\/pages"}],"about":[{"href":"https:\/\/www.inederm.com\/de\/wp-json\/wp\/v2\/types\/page"}],"author":[{"embeddable":true,"href":"https:\/\/www.inederm.com\/de\/wp-json\/wp\/v2\/users\/1"}],"replies":[{"embeddable":true,"href":"https:\/\/www.inederm.com\/de\/wp-json\/wp\/v2\/comments?post=971"}],"version-history":[{"count":11,"href":"https:\/\/www.inederm.com\/de\/wp-json\/wp\/v2\/pages\/971\/revisions"}],"predecessor-version":[{"id":3594,"href":"https:\/\/www.inederm.com\/de\/wp-json\/wp\/v2\/pages\/971\/revisions\/3594"}],"wp:attachment":[{"href":"https:\/\/www.inederm.com\/de\/wp-json\/wp\/v2\/media?parent=971"}],"curies":[{"name":"wp","href":"https:\/\/api.w.org\/{rel}","templated":true}]}}