{"id":5402,"date":"2024-12-10T11:49:31","date_gmt":"2024-12-10T10:49:31","guid":{"rendered":"https:\/\/www.inederm.com\/rejoveniment-cutani\/"},"modified":"2025-01-15T11:07:23","modified_gmt":"2025-01-15T10:07:23","slug":"rejoveniment-cutani","status":"publish","type":"page","link":"https:\/\/www.inederm.com\/de\/rejoveniment-cutani\/","title":{"rendered":"Rejoveniment cutani | Plataforma L\u00e0ser"},"content":{"rendered":"<p>[et_pb_section fb_built=&#8221;1&#8243; _builder_version=&#8221;4.17.0&#8243; _module_preset=&#8221;default&#8221; custom_padding=&#8221;30px||0px||false|false&#8221; global_colors_info=&#8221;{}&#8221;][et_pb_row column_structure=&#8221;1_3,1_3,1_3&#8243; use_custom_gutter=&#8221;on&#8221; gutter_width=&#8221;4&#8243; make_equal=&#8221;on&#8221; _builder_version=&#8221;4.17.0&#8243; _module_preset=&#8221;default&#8221; global_colors_info=&#8221;{}&#8221;][et_pb_column type=&#8221;1_3&#8243; _builder_version=&#8221;4.17.0&#8243; _module_preset=&#8221;default&#8221; global_colors_info=&#8221;{}&#8221;][et_pb_text _builder_version=&#8221;4.27.4&#8243; _module_preset=&#8221;default&#8221; text_font=&#8221;Rubik|300|||||||&#8221; header_3_font=&#8221;||||||||&#8221; header_3_font_size=&#8221;34px&#8221; header_4_text_color=&#8221;#00BEBE&#8221; header_4_font_size=&#8221;24px&#8221; custom_padding=&#8221;30px||||false|false&#8221; hover_enabled=&#8221;0&#8243; border_width_top=&#8221;3px&#8221; border_color_top=&#8221;#00BEBE&#8221; global_colors_info=&#8221;{}&#8221; header_2_font_size=&#8221;34px&#8221; sticky_enabled=&#8221;0&#8243; header_font_size=&#8221;34px&#8221;]<\/p>\n<h1 style=\"padding-bottom: 30px;\">Rejoveniment cutani | L\u00e0ser <span>CO<\/span><sub>2<\/sub><\/h1>\n<h4>Qu\u00e8 \u00e9s?<\/h4>\n<p>El rejoveniment cutani amb l\u00e0ser CO2 \u00e9s una t\u00e8cnica que utilitza feixos de llum l\u00e0ser per estimular la regeneraci\u00f3 de la pell, millorant la textura, reduint les arrugues i eliminant les taques d\u2019envelliment. Actua penetrant de forma controlada a les capes m\u00e9s profundes de la pell, provocant una renovaci\u00f3 cel\u00b7lular induint la formaci\u00f3 de col\u00b7lagen aconseguint un efecte rejovenit en la pell.<\/p>\n<p>[\/et_pb_text][et_pb_image src=&#8221;https:\/\/www.inederm.com\/wp-content\/uploads\/2024\/12\/rejuvenecimiento-cutaneo-scaled.webp&#8221; alt=&#8221;Rejoveniment cutani&#8221; title_text=&#8221;rejuvenecimiento-cutaneo&#8221; _builder_version=&#8221;4.18.0&#8243; _module_preset=&#8221;default&#8221; global_colors_info=&#8221;{}&#8221;][\/et_pb_image][\/et_pb_column][et_pb_column type=&#8221;1_3&#8243; _builder_version=&#8221;4.17.0&#8243; _module_preset=&#8221;default&#8221; global_colors_info=&#8221;{}&#8221;][et_pb_text _builder_version=&#8221;4.18.0&#8243; _module_preset=&#8221;default&#8221; text_font=&#8221;Rubik|300|||||||&#8221; header_3_font=&#8221;||||||||&#8221; header_3_font_size=&#8221;34px&#8221; header_4_text_color=&#8221;#00BEBE&#8221; header_4_font_size=&#8221;24px&#8221; custom_padding=&#8221;30px||||false|false&#8221; border_width_top=&#8221;3px&#8221; border_color_top=&#8221;#00BEBE&#8221; global_colors_info=&#8221;{}&#8221;]<\/p>\n<h4>Tractament<\/h4>\n<p>El tractament es realitza aplicant el l\u00e0ser en la zona facial i\/o zona de pell afectada. Es fa sota anest\u00e8sia local per reduir les mol\u00e8sties i s\u2019ajusta la intensitat segons les necessitats de cada pacient. Despr\u00e9s del tractament, es recomana evitar el sol i seguir les indicacions de cura indicades per l\u2019especialista.<\/p>\n<h4>Resultats i recuperaci\u00f3<\/h4>\n<p>Els efectes s\u00f3n visibles despr\u00e9s d\u2019unes setmanes, amb una pell m\u00e9s llisa i uniforme. La recuperaci\u00f3 pot durar entre 7 i 10 dies, durant els quals la pell pot presentar enrogiment o lleu inflamaci\u00f3. Els resultats solen durar mesos o fins i tot anys amb un bon manteniment i protecci\u00f3 solar.<\/p>\n<p>[\/et_pb_text][\/et_pb_column][et_pb_column type=&#8221;1_3&#8243; _builder_version=&#8221;4.17.0&#8243; _module_preset=&#8221;default&#8221; global_colors_info=&#8221;{}&#8221;][et_pb_image src=&#8221;https:\/\/www.inederm.com\/wp-content\/uploads\/2024\/12\/rejuvenecimiento-cutaneo-inederm.webp&#8221; alt=&#8221;Rejoveniment cutani | Inederm &#8221; title_text=&#8221;rejuvenecimiento-cutaneo-inederm&#8221; _builder_version=&#8221;4.18.0&#8243; _module_preset=&#8221;default&#8221; custom_margin=&#8221;||29px|||&#8221; border_width_top=&#8221;3px&#8221; border_color_top=&#8221;#00BEBE&#8221; global_colors_info=&#8221;{}&#8221;][\/et_pb_image][\/et_pb_column][\/et_pb_row][\/et_pb_section][et_pb_section fb_built=&#8221;1&#8243; _builder_version=&#8221;4.17.0&#8243; _module_preset=&#8221;default&#8221; custom_margin=&#8221;60px||||false|false&#8221; custom_padding=&#8221;0px||||false|false&#8221; locked=&#8221;off&#8221; global_colors_info=&#8221;{}&#8221;][et_pb_row column_structure=&#8221;2_5,3_5&#8243; _builder_version=&#8221;4.17.0&#8243; _module_preset=&#8221;default&#8221; max_width=&#8221;100%&#8221; custom_margin=&#8221;0px|0px|0px|0px|false|true&#8221; custom_padding=&#8221;0px|0px|0px|0px|true|true&#8221; custom_css_main_element=&#8221;display:flex;||align-items: center;&#8221; global_colors_info=&#8221;{}&#8221; custom_css_main_element_last_edited=&#8221;on|tablet&#8221; custom_css_main_element_tablet=&#8221;display:block;&#8221; custom_css_main_element_phone=&#8221;display:block;&#8221;][et_pb_column type=&#8221;2_5&#8243; _builder_version=&#8221;4.17.0&#8243; _module_preset=&#8221;default&#8221; custom_padding=&#8221;10px|10px|10px|10px|true|true&#8221; global_colors_info=&#8221;{}&#8221; custom_css_main_element_last_edited=&#8221;on|tablet&#8221; custom_css_main_element_tablet=&#8221;width:100% !important;&#8221; custom_css_main_element_phone=&#8221;width:100% !important;&#8221;][et_pb_text _builder_version=&#8221;4.17.0&#8243; _module_preset=&#8221;default&#8221; text_font=&#8221;Rubik|300|||||||&#8221; link_text_color=&#8221;#00BEBE&#8221; header_3_font=&#8221;|600||on|||||&#8221; header_3_font_size=&#8221;32px&#8221; header_3_line_height=&#8221;1.1em&#8221; max_width=&#8221;400px&#8221; module_alignment=&#8221;right&#8221; module_alignment_tablet=&#8221;left&#8221; module_alignment_phone=&#8221;left&#8221; module_alignment_last_edited=&#8221;on|tablet&#8221; global_colors_info=&#8221;{}&#8221;]<\/p>\n<h3>AGENDAR UNA CITA<\/h3>\n<p>Acne, dermatitis, taques, ros\u00e0cia\u2026 Programa una consulta, deixa que els professionals t\u2019aconsellin i resol els teus dubtes. Tamb\u00e9 existeix l\u2019opci\u00f3 de <strong>consulta virtual<\/strong> de pagament per part d\u2019un especialista dermatol\u00f2gic.<\/p>\n<p>&nbsp;<\/p>\n<p><a class=\"boton-inicio-reserva\" href=\"https:\/\/inederm.simplybook.it\/v2\/#book\/count\/1\/\" target=\"_blank\" rel=\"noopener\">Pedir Cita Previa<\/a>[\/et_pb_text][\/et_pb_column][et_pb_column type=&#8221;3_5&#8243; _builder_version=&#8221;4.17.0&#8243; _module_preset=&#8221;default&#8221; global_colors_info=&#8221;{}&#8221; custom_css_main_element_last_edited=&#8221;on|tablet&#8221; custom_css_main_element_tablet=&#8221;width:100% !important;&#8221; custom_css_main_element_phone=&#8221;width:100% !important;&#8221;][et_pb_image src=&#8221;https:\/\/www.inederm.com\/wp-content\/uploads\/2022\/04\/reserva-24-7-1.jpg&#8221; title_text=&#8221;reserva 24-7&#8243; force_fullwidth=&#8221;on&#8221; _builder_version=&#8221;4.17.0&#8243; _module_preset=&#8221;default&#8221; global_colors_info=&#8221;{}&#8221;][\/et_pb_image][\/et_pb_column][\/et_pb_row][\/et_pb_section]<\/p>\n","protected":false},"excerpt":{"rendered":"<p>Rejoveniment cutani | L\u00e0ser CO2 Qu\u00e8 \u00e9s? El rejoveniment cutani amb l\u00e0ser CO2 \u00e9s una t\u00e8cnica que utilitza feixos de llum l\u00e0ser per estimular la regeneraci\u00f3 de la pell, millorant la textura, reduint les arrugues i eliminant les taques d\u2019envelliment. Actua penetrant de forma controlada a les capes m\u00e9s profundes de la pell, provocant una [&hellip;]<\/p>\n","protected":false},"author":1,"featured_media":0,"parent":0,"menu_order":0,"comment_status":"closed","ping_status":"closed","template":"","meta":{"_et_pb_use_builder":"on","_et_pb_old_content":"","_et_gb_content_width":"","inline_featured_image":false,"footnotes":""},"class_list":["post-5402","page","type-page","status-publish","hentry"],"_links":{"self":[{"href":"https:\/\/www.inederm.com\/de\/wp-json\/wp\/v2\/pages\/5402","targetHints":{"allow":["GET"]}}],"collection":[{"href":"https:\/\/www.inederm.com\/de\/wp-json\/wp\/v2\/pages"}],"about":[{"href":"https:\/\/www.inederm.com\/de\/wp-json\/wp\/v2\/types\/page"}],"author":[{"embeddable":true,"href":"https:\/\/www.inederm.com\/de\/wp-json\/wp\/v2\/users\/1"}],"replies":[{"embeddable":true,"href":"https:\/\/www.inederm.com\/de\/wp-json\/wp\/v2\/comments?post=5402"}],"version-history":[{"count":8,"href":"https:\/\/www.inederm.com\/de\/wp-json\/wp\/v2\/pages\/5402\/revisions"}],"predecessor-version":[{"id":5722,"href":"https:\/\/www.inederm.com\/de\/wp-json\/wp\/v2\/pages\/5402\/revisions\/5722"}],"wp:attachment":[{"href":"https:\/\/www.inederm.com\/de\/wp-json\/wp\/v2\/media?parent=5402"}],"curies":[{"name":"wp","href":"https:\/\/api.w.org\/{rel}","templated":true}]}}