{"id":4737,"date":"2022-06-27T09:49:49","date_gmt":"2022-06-27T07:49:49","guid":{"rendered":"https:\/\/www.inederm.com\/dermatologia-estetica\/"},"modified":"2022-11-16T17:17:37","modified_gmt":"2022-11-16T17:17:37","slug":"dermatologia-estetica","status":"publish","type":"page","link":"https:\/\/www.inederm.com\/de\/dermatologia-estetica\/","title":{"rendered":"\u00c4sthetische Dermatologie"},"content":{"rendered":"<p>[et_pb_section fb_built=&#8221;1&#8243; _builder_version=&#8221;4.17.0&#8243; _module_preset=&#8221;default&#8221; global_colors_info=&#8221;{}&#8221;][et_pb_row _builder_version=&#8221;4.17.0&#8243; _module_preset=&#8221;default&#8221; max_width=&#8221;100%&#8221; custom_padding=&#8221;|10px|0px|10px|false|true&#8221; locked=&#8221;off&#8221; global_colors_info=&#8221;{}&#8221;][et_pb_column type=&#8221;4_4&#8243; _builder_version=&#8221;4.17.0&#8243; _module_preset=&#8221;default&#8221; global_colors_info=&#8221;{}&#8221;][et_pb_text _builder_version=&#8221;4.17.0&#8243; _module_preset=&#8221;default&#8221; header_2_font=&#8221;Rubik|600||on|||||&#8221; header_2_font_size=&#8221;36px&#8221; text_orientation=&#8221;center&#8221; custom_margin=&#8221;||0px||false|false&#8221; custom_padding=&#8221;||0px||false|false&#8221; global_colors_info=&#8221;{}&#8221;]<\/p>\n<h2>\u00c4sthetische Dermatologie<\/h2>\n<p>[\/et_pb_text][et_pb_divider color=&#8221;#00BEBE&#8221; divider_weight=&#8221;2px&#8221; _builder_version=&#8221;4.17.0&#8243; _module_preset=&#8221;default&#8221; width=&#8221;60px&#8221; module_alignment=&#8221;center&#8221; custom_margin=&#8221;||6px||false|false&#8221; custom_padding=&#8221;10px||0px||false|false&#8221; global_colors_info=&#8221;{}&#8221;][\/et_pb_divider][\/et_pb_column][\/et_pb_row][et_pb_row _builder_version=&#8221;4.18.0&#8243; _module_preset=&#8221;default&#8221; background_image=&#8221;http:\/\/www.inederm.com\/wp-content\/uploads\/2022\/11\/inederm-dermatologia-estetica.png&#8221; background_size=&#8221;custom&#8221; background_image_width=&#8221;850px&#8221; background_position=&#8221;center_left&#8221; custom_padding=&#8221;77px|10px|77px|10px|true|true&#8221; global_colors_info=&#8221;{}&#8221;][et_pb_column type=&#8221;4_4&#8243; _builder_version=&#8221;4.17.0&#8243; _module_preset=&#8221;default&#8221; global_colors_info=&#8221;{}&#8221;][et_pb_code module_class=&#8221;cabecilla-servicio&#8221; _builder_version=&#8221;4.17.0&#8243; _module_preset=&#8221;default&#8221; background_color=&#8221;#FFFFFF&#8221; max_width=&#8221;500px&#8221; module_alignment=&#8221;right&#8221; custom_padding=&#8221;2em|2em|2em|2em|true|true&#8221; locked=&#8221;off&#8221; global_colors_info=&#8221;{}&#8221;]<pee><img decoding=\"async\" data-src=\"http:\/\/www.inederm.com\/wp-content\/uploads\/2022\/08\/inederm-dermatologia-estetica-icono.svg\" alt=\"\" width=\"64\" height=\"64\" src=\"data:image\/svg+xml;base64,PHN2ZyB3aWR0aD0iMSIgaGVpZ2h0PSIxIiB4bWxucz0iaHR0cDovL3d3dy53My5vcmcvMjAwMC9zdmciPjwvc3ZnPg==\" class=\"lazyload\" style=\"--smush-placeholder-width: 64px; --smush-placeholder-aspect-ratio: 64\/64;\" \/><\/pee><!-- [et_pb_line_break_holder] --><pee><!-- [et_pb_line_break_holder] --><\/pee><!-- [et_pb_line_break_holder] --><pee>Wir bieten Ihnen eine individuelle \u00e4sthetische Beratung in Kombination mit auf Ihre Bed\u00fcrfnisse abgestimmten Behandlungen.<\/pee>[\/et_pb_code][\/et_pb_column][\/et_pb_row][\/et_pb_section][et_pb_section fb_built=&#8221;1&#8243; _builder_version=&#8221;4.17.0&#8243; _module_preset=&#8221;default&#8221; custom_padding=&#8221;0px||0px|||&#8221; global_colors_info=&#8221;{}&#8221;][et_pb_row _builder_version=&#8221;4.17.0&#8243; _module_preset=&#8221;default&#8221; max_width=&#8221;100%&#8221; custom_padding=&#8221;|10px|0px|10px|false|true&#8221; locked=&#8221;off&#8221; global_colors_info=&#8221;{}&#8221;][et_pb_column type=&#8221;4_4&#8243; _builder_version=&#8221;4.17.0&#8243; _module_preset=&#8221;default&#8221; global_colors_info=&#8221;{}&#8221;][et_pb_text _builder_version=&#8221;4.17.0&#8243; _module_preset=&#8221;default&#8221; header_2_font=&#8221;Rubik|600||on|||||&#8221; header_2_font_size=&#8221;36px&#8221; header_3_font=&#8221;|600||on|||||&#8221; header_3_text_color=&#8221;#00BEBE&#8221; header_3_font_size=&#8221;26px&#8221; text_orientation=&#8221;center&#8221; custom_margin=&#8221;||0px||false|false&#8221; custom_padding=&#8221;||0px||false|false&#8221; global_colors_info=&#8221;{}&#8221;]<\/p>\n<h3>DERMATOLOGISCHE BEHANDLUNGEN<\/h3>\n<p>[\/et_pb_text][et_pb_divider color=&#8221;#434041&#8243; divider_weight=&#8221;2px&#8221; _builder_version=&#8221;4.17.0&#8243; _module_preset=&#8221;default&#8221; width=&#8221;60px&#8221; module_alignment=&#8221;center&#8221; custom_margin=&#8221;||6px||false|false&#8221; custom_padding=&#8221;10px||0px||false|false&#8221; global_colors_info=&#8221;{}&#8221;][\/et_pb_divider][\/et_pb_column][\/et_pb_row][et_pb_row column_structure=&#8221;1_3,1_3,1_3&#8243; _builder_version=&#8221;4.17.0&#8243; _module_preset=&#8221;default&#8221; global_colors_info=&#8221;{}&#8221;][et_pb_column type=&#8221;1_3&#8243; _builder_version=&#8221;4.17.0&#8243; _module_preset=&#8221;default&#8221; global_colors_info=&#8221;{}&#8221;][et_pb_text ul_type=&#8221;square&#8221; _builder_version=&#8221;4.17.0&#8243; _module_preset=&#8221;default&#8221; ul_text_color=&#8221;#00BEBE&#8221; global_colors_info=&#8221;{}&#8221;]<\/p>\n<ul class=\"lista-servi-solo\">\n<li><a href=\"#\">Faltenkorrektur <\/a><\/li>\n<li><a href=\"#\">Hautpeeling <\/a><\/li>\n<li><a href=\"#\">Melasma <\/a><\/li>\n<li><a href=\"#\">Behandlung von dunklen Augenringen <\/a><\/li>\n<li><a href=\"#\">Vergr\u00f6\u00dferung der Lippen <\/a><\/li>\n<li><a href=\"#\">Kinn-Augmentation <\/a><\/li>\n<\/ul>\n<p>[\/et_pb_text][\/et_pb_column][et_pb_column type=&#8221;1_3&#8243; _builder_version=&#8221;4.17.0&#8243; _module_preset=&#8221;default&#8221; global_colors_info=&#8221;{}&#8221;][et_pb_text ul_type=&#8221;square&#8221; _builder_version=&#8221;4.17.0&#8243; _module_preset=&#8221;default&#8221; text_font=&#8221;Rubik|300|||||||&#8221; link_font=&#8221;Rubik|500|||||||&#8221; ul_text_color=&#8221;#00BEBE&#8221; global_colors_info=&#8221;{}&#8221;]<\/p>\n<ul class=\"lista-servi-solo\">\n<li><a href=\"#\">Wangenknochen-Augmentation <\/a><\/li>\n<li><a href=\"#\">Teleangiektasien Erweiterte aderchen Derhaut <\/a><\/li>\n<li><a href=\"#\">Skinbooster <\/a><\/li>\n<li><a href=\"#\">Hautverj\u00fcngungskur <\/a><\/li>\n<li><a href=\"#\">Flecken <\/a><\/li>\n<li><a href=\"#\">Behandlung von vaskul\u00e4ren Hauterkrankungen mit Laser<\/a><\/li>\n<\/ul>\n<p>[\/et_pb_text][\/et_pb_column][et_pb_column type=&#8221;1_3&#8243; _builder_version=&#8221;4.17.0&#8243; _module_preset=&#8221;default&#8221; global_colors_info=&#8221;{}&#8221;][et_pb_text ul_type=&#8221;square&#8221; _builder_version=&#8221;4.18.0&#8243; _module_preset=&#8221;default&#8221; text_font=&#8221;Rubik|300|||||||&#8221; link_font=&#8221;Rubik|500|||||||&#8221; ul_text_color=&#8221;#00BEBE&#8221; global_colors_info=&#8221;{}&#8221;]<\/p>\n<ul class=\"lista-servi-solo\">\n<li><a href=\"#\">Axill\u00e4re, palmare und plantare Hyperhidrose<\/a><\/li>\n<li><a href=\"#\">Pl\u00e4ttchenreiches Plasma <\/a><\/li>\n<li><a href=\"#\">Dauerhafte Haarentfernung mit Laser <\/a><\/li>\n<li><a href=\"#\">Neugestaltung der Nase<\/a><\/li>\n<\/ul>\n<p>[\/et_pb_text][\/et_pb_column][\/et_pb_row][\/et_pb_section][et_pb_section fb_built=&#8221;1&#8243; _builder_version=&#8221;4.17.0&#8243; _module_preset=&#8221;default&#8221; custom_padding=&#8221;0px||||false|false&#8221; global_colors_info=&#8221;{}&#8221; locked=&#8221;off&#8221;][et_pb_row column_structure=&#8221;2_5,3_5&#8243; module_id=&#8221;reserva-cita-previa&#8221; _builder_version=&#8221;4.18.0&#8243; _module_preset=&#8221;default&#8221; max_width=&#8221;100%&#8221; custom_margin=&#8221;0px|0px|0px|0px|false|true&#8221; custom_padding=&#8221;0px|0px|0px|0px|true|true&#8221; custom_css_main_element=&#8221;display:flex;||align-items: center;&#8221; global_module=&#8221;4687&#8243; global_colors_info=&#8221;{}&#8221; custom_css_main_element_last_edited=&#8221;on|tablet&#8221; custom_css_main_element_tablet=&#8221;display:block;&#8221; custom_css_main_element_phone=&#8221;display:block;&#8221;][et_pb_column type=&#8221;2_5&#8243; _builder_version=&#8221;4.17.0&#8243; _module_preset=&#8221;default&#8221; custom_padding=&#8221;10px|10px|10px|10px|true|true&#8221; global_colors_info=&#8221;{}&#8221; custom_css_main_element_last_edited=&#8221;on|tablet&#8221; custom_css_main_element_tablet=&#8221;width:100% !important;&#8221; custom_css_main_element_phone=&#8221;width:100% !important;&#8221;][et_pb_text _builder_version=&#8221;4.17.0&#8243; _module_preset=&#8221;default&#8221; text_font=&#8221;Rubik|300|||||||&#8221; link_text_color=&#8221;#00BEBE&#8221; header_3_font=&#8221;|600||on|||||&#8221; header_3_font_size=&#8221;32px&#8221; header_3_line_height=&#8221;1.1em&#8221; max_width=&#8221;400px&#8221; module_alignment=&#8221;right&#8221; module_alignment_tablet=&#8221;left&#8221; module_alignment_phone=&#8221;left&#8221; module_alignment_last_edited=&#8221;on|tablet&#8221; global_colors_info=&#8221;{}&#8221;]<\/p>\n<h3>TERMINANFRAGE<\/h3>\n<p>Akne, Dermatitis, Hautunreinheiten, Rosacea&#8230; Vereinbaren Sie einen Beratungstermin, lassen Sie sich von unseren Fachleuten beraten und kl\u00e4ren Sie Ihre Zweifel. Es besteht auch die M\u00f6glichkeit zu einen <strong>virtuellen Kontakt<\/strong> mit einem Dermatologen. <a class=\"boton-inicio-reserva\" href=\"https:\/\/inederm.simplybook.it\/v2\/#book\/count\/1\/\" target=\"_blank\" rel=\"noopener\">TERMINANFRAGE<\/a><\/p>\n<p>[\/et_pb_text][\/et_pb_column][et_pb_column type=&#8221;3_5&#8243; _builder_version=&#8221;4.17.0&#8243; _module_preset=&#8221;default&#8221; global_colors_info=&#8221;{}&#8221; custom_css_main_element_last_edited=&#8221;on|tablet&#8221; custom_css_main_element_tablet=&#8221;width:100% !important;&#8221; custom_css_main_element_phone=&#8221;width:100% !important;&#8221;][et_pb_image src=&#8221;http:\/\/www.inederm.com\/wp-content\/uploads\/2022\/11\/reserva-24-7-AL.jpg&#8221; title_text=&#8221;reserva-24-7-AL&#8221; force_fullwidth=&#8221;on&#8221; _builder_version=&#8221;4.18.0&#8243; _module_preset=&#8221;default&#8221; global_colors_info=&#8221;{}&#8221;][\/et_pb_image][\/et_pb_column][\/et_pb_row][\/et_pb_section]<\/p>\n","protected":false},"excerpt":{"rendered":"<p>\u00c4sthetische DermatologieDERMATOLOGISCHE BEHANDLUNGEN Faltenkorrektur Hautpeeling Melasma Behandlung von dunklen Augenringen Vergr\u00f6\u00dferung der Lippen Kinn-Augmentation Wangenknochen-Augmentation Teleangiektasien Erweiterte aderchen Derhaut Skinbooster Hautverj\u00fcngungskur Flecken Behandlung von vaskul\u00e4ren Hauterkrankungen mit Laser Axill\u00e4re, palmare und plantare Hyperhidrose Pl\u00e4ttchenreiches Plasma Dauerhafte Haarentfernung mit Laser Neugestaltung der Nase TERMINANFRAGE Akne, Dermatitis, Hautunreinheiten, Rosacea&#8230; Vereinbaren Sie einen Beratungstermin, lassen Sie sich von [&hellip;]<\/p>\n","protected":false},"author":1,"featured_media":0,"parent":0,"menu_order":0,"comment_status":"closed","ping_status":"closed","template":"","meta":{"_et_pb_use_builder":"on","_et_pb_old_content":"","_et_gb_content_width":"","inline_featured_image":false,"footnotes":""},"class_list":["post-4737","page","type-page","status-publish","hentry"],"_links":{"self":[{"href":"https:\/\/www.inederm.com\/de\/wp-json\/wp\/v2\/pages\/4737","targetHints":{"allow":["GET"]}}],"collection":[{"href":"https:\/\/www.inederm.com\/de\/wp-json\/wp\/v2\/pages"}],"about":[{"href":"https:\/\/www.inederm.com\/de\/wp-json\/wp\/v2\/types\/page"}],"author":[{"embeddable":true,"href":"https:\/\/www.inederm.com\/de\/wp-json\/wp\/v2\/users\/1"}],"replies":[{"embeddable":true,"href":"https:\/\/www.inederm.com\/de\/wp-json\/wp\/v2\/comments?post=4737"}],"version-history":[{"count":7,"href":"https:\/\/www.inederm.com\/de\/wp-json\/wp\/v2\/pages\/4737\/revisions"}],"predecessor-version":[{"id":4911,"href":"https:\/\/www.inederm.com\/de\/wp-json\/wp\/v2\/pages\/4737\/revisions\/4911"}],"wp:attachment":[{"href":"https:\/\/www.inederm.com\/de\/wp-json\/wp\/v2\/media?parent=4737"}],"curies":[{"name":"wp","href":"https:\/\/api.w.org\/{rel}","templated":true}]}}