{"id":4711,"date":"2022-04-15T15:34:02","date_gmt":"2022-04-15T13:34:02","guid":{"rendered":"https:\/\/www.inederm.com\/serveis\/"},"modified":"2024-12-11T12:03:23","modified_gmt":"2024-12-11T11:03:23","slug":"serveis","status":"publish","type":"page","link":"https:\/\/www.inederm.com\/de\/serveis\/","title":{"rendered":"Angebote"},"content":{"rendered":"<p>[et_pb_section fb_built=&#8221;1&#8243; _builder_version=&#8221;4.17.0&#8243; _module_preset=&#8221;default&#8221; global_colors_info=&#8221;{}&#8221;][et_pb_row _builder_version=&#8221;4.17.0&#8243; _module_preset=&#8221;default&#8221; max_width=&#8221;100%&#8221; locked=&#8221;off&#8221; global_colors_info=&#8221;{}&#8221;][et_pb_column type=&#8221;4_4&#8243; _builder_version=&#8221;4.17.0&#8243; _module_preset=&#8221;default&#8221; global_colors_info=&#8221;{}&#8221;][et_pb_text _builder_version=&#8221;4.17.0&#8243; _module_preset=&#8221;default&#8221; header_2_font=&#8221;Rubik|600||on|||||&#8221; header_2_font_size=&#8221;36px&#8221; text_orientation=&#8221;center&#8221; custom_margin=&#8221;||0px||false|false&#8221; custom_padding=&#8221;||0px||false|false&#8221; global_colors_info=&#8221;{}&#8221;]<\/p>\n<h2>ANGEBOTE<\/h2>\n<p>[\/et_pb_text][et_pb_divider color=&#8221;#00BEBE&#8221; divider_weight=&#8221;2px&#8221; _builder_version=&#8221;4.17.0&#8243; _module_preset=&#8221;default&#8221; width=&#8221;60px&#8221; module_alignment=&#8221;center&#8221; custom_margin=&#8221;||6px||false|false&#8221; custom_padding=&#8221;10px||0px||false|false&#8221; global_colors_info=&#8221;{}&#8221;][\/et_pb_divider][et_pb_text _builder_version=&#8221;4.17.0&#8243; _module_preset=&#8221;default&#8221; text_font=&#8221;Rubik|300|||||||&#8221; text_font_size=&#8221;18px&#8221; text_orientation=&#8221;center&#8221; max_width=&#8221;550px&#8221; module_alignment=&#8221;center&#8221; global_colors_info=&#8221;{}&#8221;]<\/p>\n<p>Wir bieten Ihnen alle Arten von medizinischen Therapien zur Therapien verschiedener Pathologien und Hautkrankheiten.<\/p>\n<p>[\/et_pb_text][\/et_pb_column][\/et_pb_row][\/et_pb_section][et_pb_section fb_built=&#8221;1&#8243; _builder_version=&#8221;4.17.0&#8243; _module_preset=&#8221;default&#8221; custom_padding=&#8221;0px||0px||false|false&#8221; locked=&#8221;off&#8221; global_colors_info=&#8221;{}&#8221;][et_pb_row column_structure=&#8221;1_3,1_3,1_3&#8243; _builder_version=&#8221;4.17.0&#8243; _module_preset=&#8221;default&#8221; custom_padding=&#8221;|0px|0px|0px|false|true&#8221; global_colors_info=&#8221;{}&#8221;][et_pb_column type=&#8221;1_3&#8243; _builder_version=&#8221;4.17.0&#8243; _module_preset=&#8221;default&#8221; global_colors_info=&#8221;{}&#8221; custom_css_main_element_last_edited=&#8221;on|tablet&#8221; custom_css_main_element_tablet=&#8221;width:50%;&#8221; custom_css_main_element_phone=&#8221;width:49% !important;&#8221;][et_pb_text _builder_version=&#8221;4.17.0&#8243; _module_preset=&#8221;default&#8221; text_font=&#8221;Rubik|300|||||||&#8221; link_font=&#8221;|600||on|||||&#8221; link_text_color=&#8221;#00BEBE&#8221; link_option_url=&#8221;https:\/\/www.inederm.com\/dermatologia-general\/&#8221; global_colors_info=&#8221;{}&#8221;]<\/p>\n<p><img decoding=\"async\" data-src=\"https:\/\/www.inederm.com\/wp-content\/uploads\/2022\/04\/1-Dermatologia-general-1.jpg\" src=\"data:image\/svg+xml;base64,PHN2ZyB3aWR0aD0iMSIgaGVpZ2h0PSIxIiB4bWxucz0iaHR0cDovL3d3dy53My5vcmcvMjAwMC9zdmciPjwvc3ZnPg==\" class=\"lazyload\" style=\"--smush-placeholder-width: 515px; --smush-placeholder-aspect-ratio: 515\/426;\" \/><\/p>\n<h3>Allgemeine Dermatologie<\/h3>\n<p><a href=\"https:\/\/www.inederm.com\/de\/dermatologia-general\/\">+ Info<\/a><\/p>\n<p>[\/et_pb_text][\/et_pb_column][et_pb_column type=&#8221;1_3&#8243; _builder_version=&#8221;4.17.0&#8243; _module_preset=&#8221;default&#8221; global_colors_info=&#8221;{}&#8221; custom_css_main_element_last_edited=&#8221;on|tablet&#8221; custom_css_main_element_tablet=&#8221;width:50%;&#8221; custom_css_main_element_phone=&#8221;width:49% !important;&#8221;][et_pb_text _builder_version=&#8221;4.17.0&#8243; _module_preset=&#8221;default&#8221; text_font=&#8221;Rubik|300|||||||&#8221; link_font=&#8221;|600||on|||||&#8221; link_text_color=&#8221;#00BEBE&#8221; global_colors_info=&#8221;{}&#8221;]<\/p>\n<p><img decoding=\"async\" data-src=\"https:\/\/www.inederm.com\/wp-content\/uploads\/2022\/04\/2-Dermatologia-estetica.jpg\" src=\"data:image\/svg+xml;base64,PHN2ZyB3aWR0aD0iMSIgaGVpZ2h0PSIxIiB4bWxucz0iaHR0cDovL3d3dy53My5vcmcvMjAwMC9zdmciPjwvc3ZnPg==\" class=\"lazyload\" style=\"--smush-placeholder-width: 515px; --smush-placeholder-aspect-ratio: 515\/426;\" \/><\/p>\n<h3>\u00c4sthetische Dermatologie<\/h3>\n<p><a href=\"https:\/\/www.inederm.com\/de\/dermatologia-estetica\/\">+ Info<\/a><\/p>\n<p>[\/et_pb_text][\/et_pb_column][et_pb_column type=&#8221;1_3&#8243; disabled_on=&#8221;on|on|off&#8221; _builder_version=&#8221;4.17.0&#8243; _module_preset=&#8221;default&#8221; global_colors_info=&#8221;{}&#8221;][et_pb_text _builder_version=&#8221;4.17.0&#8243; _module_preset=&#8221;default&#8221; text_font=&#8221;Rubik|300|||||||&#8221; link_font=&#8221;|600||on|||||&#8221; link_text_color=&#8221;#00BEBE&#8221; global_colors_info=&#8221;{}&#8221;]<\/p>\n<p><img decoding=\"async\" data-src=\"https:\/\/www.inederm.com\/wp-content\/uploads\/2022\/04\/3-Dermatologia-pediatrica.jpg\" src=\"data:image\/svg+xml;base64,PHN2ZyB3aWR0aD0iMSIgaGVpZ2h0PSIxIiB4bWxucz0iaHR0cDovL3d3dy53My5vcmcvMjAwMC9zdmciPjwvc3ZnPg==\" class=\"lazyload\" style=\"--smush-placeholder-width: 515px; --smush-placeholder-aspect-ratio: 515\/426;\" \/><\/p>\n<h3>P\u00e4diatrische Dermatologie<\/h3>\n<p><a href=\"https:\/\/www.inederm.com\/de\/dermatologia-pediatrica\/\">+ Info<\/a><\/p>\n<p>[\/et_pb_text][\/et_pb_column][\/et_pb_row][et_pb_row column_structure=&#8221;1_3,1_3,1_3&#8243; _builder_version=&#8221;4.17.0&#8243; _module_preset=&#8221;default&#8221; custom_padding=&#8221;|0px|0px|0px|false|true&#8221; global_colors_info=&#8221;{}&#8221;][et_pb_column type=&#8221;1_3&#8243; _builder_version=&#8221;4.17.0&#8243; _module_preset=&#8221;default&#8221; global_colors_info=&#8221;{}&#8221; custom_css_main_element_last_edited=&#8221;on|tablet&#8221; custom_css_main_element_tablet=&#8221;width:50%;&#8221; custom_css_main_element_phone=&#8221;width:49% !important;&#8221;][et_pb_text _builder_version=&#8221;4.17.0&#8243; _module_preset=&#8221;default&#8221; text_font=&#8221;Rubik|300|||||||&#8221; link_font=&#8221;|600||on|||||&#8221; link_text_color=&#8221;#00BEBE&#8221; global_colors_info=&#8221;{}&#8221;]<\/p>\n<p><img decoding=\"async\" data-src=\"https:\/\/www.inederm.com\/wp-content\/uploads\/2022\/04\/venereologia-inederm.jpg\" src=\"data:image\/svg+xml;base64,PHN2ZyB3aWR0aD0iMSIgaGVpZ2h0PSIxIiB4bWxucz0iaHR0cDovL3d3dy53My5vcmcvMjAwMC9zdmciPjwvc3ZnPg==\" class=\"lazyload\" style=\"--smush-placeholder-width: 509px; --smush-placeholder-aspect-ratio: 509\/422;\" \/><\/p>\n<h3>Venerologie<\/h3>\n<p><a href=\"https:\/\/www.inederm.com\/de\/dermatologia-venereologica\/\">+ Info<\/a><\/p>\n<p>[\/et_pb_text][\/et_pb_column][et_pb_column type=&#8221;1_3&#8243; _builder_version=&#8221;4.17.0&#8243; _module_preset=&#8221;default&#8221; global_colors_info=&#8221;{}&#8221; custom_css_main_element_last_edited=&#8221;on|tablet&#8221; custom_css_main_element_tablet=&#8221;width:50%;&#8221; custom_css_main_element_phone=&#8221;width:49% !important;&#8221;][et_pb_text _builder_version=&#8221;4.17.0&#8243; _module_preset=&#8221;default&#8221; text_font=&#8221;Rubik|300|||||||&#8221; link_font=&#8221;|600||on|||||&#8221; link_text_color=&#8221;#00BEBE&#8221; global_colors_info=&#8221;{}&#8221;]<\/p>\n<p><img decoding=\"async\" data-src=\"https:\/\/www.inederm.com\/wp-content\/uploads\/2022\/04\/4-Cirugia-dermatologica.jpg\" src=\"data:image\/svg+xml;base64,PHN2ZyB3aWR0aD0iMSIgaGVpZ2h0PSIxIiB4bWxucz0iaHR0cDovL3d3dy53My5vcmcvMjAwMC9zdmciPjwvc3ZnPg==\" class=\"lazyload\" style=\"--smush-placeholder-width: 515px; --smush-placeholder-aspect-ratio: 515\/426;\" \/><\/p>\n<h3>Dermatologische Chirugie<\/h3>\n<p><a href=\"https:\/\/www.inederm.com\/de\/cirugia-dermatologica\/\">+ Info<\/a><\/p>\n<p>[\/et_pb_text][\/et_pb_column][et_pb_column type=&#8221;1_3&#8243; disabled_on=&#8221;on|on|off&#8221; _builder_version=&#8221;4.17.0&#8243; _module_preset=&#8221;default&#8221; global_colors_info=&#8221;{}&#8221;][et_pb_text _builder_version=&#8221;4.17.0&#8243; _module_preset=&#8221;default&#8221; text_font=&#8221;Rubik|300|||||||&#8221; link_font=&#8221;|600||on|||||&#8221; link_text_color=&#8221;#00BEBE&#8221; global_colors_info=&#8221;{}&#8221;]<\/p>\n<p><img decoding=\"async\" data-src=\"https:\/\/www.inederm.com\/wp-content\/uploads\/2022\/04\/5-Laser-IPL.jpg\" src=\"data:image\/svg+xml;base64,PHN2ZyB3aWR0aD0iMSIgaGVpZ2h0PSIxIiB4bWxucz0iaHR0cDovL3d3dy53My5vcmcvMjAwMC9zdmciPjwvc3ZnPg==\" class=\"lazyload\" style=\"--smush-placeholder-width: 515px; --smush-placeholder-aspect-ratio: 515\/426;\" \/><\/p>\n<h3>Laser-Plattform<\/h3>\n<p><a href=\"https:\/\/www.inederm.com\/de\/plataforma-laser\/\">+ Info<\/a><\/p>\n<p>[\/et_pb_text][\/et_pb_column][\/et_pb_row][et_pb_row column_structure=&#8221;1_3,1_3,1_3&#8243; _builder_version=&#8221;4.17.0&#8243; _module_preset=&#8221;default&#8221; custom_padding=&#8221;|0px|0px|0px|false|true&#8221; global_colors_info=&#8221;{}&#8221;][et_pb_column type=&#8221;1_3&#8243; _builder_version=&#8221;4.17.0&#8243; _module_preset=&#8221;default&#8221; global_colors_info=&#8221;{}&#8221; custom_css_main_element_last_edited=&#8221;on|tablet&#8221; custom_css_main_element_tablet=&#8221;width:50%;&#8221; custom_css_main_element_phone=&#8221;width:49% !important;&#8221;][et_pb_text _builder_version=&#8221;4.27.4&#8243; _module_preset=&#8221;default&#8221; text_font=&#8221;Rubik|300|||||||&#8221; link_font=&#8221;|600||on|||||&#8221; link_text_color=&#8221;#00BEBE&#8221; hover_enabled=&#8221;0&#8243; global_colors_info=&#8221;{}&#8221; sticky_enabled=&#8221;0&#8243;]<\/p>\n<p><img decoding=\"async\" data-src=\"http:\/\/www.inederm.com\/wp-content\/uploads\/2024\/12\/inederm-servicio-nutricion-y-dietetica-300x257.webp\" width=\"300\" height=\"257\" alt=\"Nutrici\u00f3n y dietetica\" class=\"wp-image-5575 alignnone size-medium lazyload\" src=\"data:image\/svg+xml;base64,PHN2ZyB3aWR0aD0iMSIgaGVpZ2h0PSIxIiB4bWxucz0iaHR0cDovL3d3dy53My5vcmcvMjAwMC9zdmciPjwvc3ZnPg==\" style=\"--smush-placeholder-width: 300px; --smush-placeholder-aspect-ratio: 300\/257;\" \/><\/p>\n<h3>Ern\u00e4hrung und Di\u00e4t<\/h3>\n<p><a href=\"https:\/\/www.inederm.com\/nutricio-i-dietetica\/\">+ Info<\/a><\/p>\n<p>[\/et_pb_text][\/et_pb_column][et_pb_column type=&#8221;1_3&#8243; _builder_version=&#8221;4.17.0&#8243; _module_preset=&#8221;default&#8221; global_colors_info=&#8221;{}&#8221; custom_css_main_element_last_edited=&#8221;on|tablet&#8221; custom_css_main_element_tablet=&#8221;width:50%;&#8221; custom_css_main_element_phone=&#8221;width:49% !important;&#8221;][et_pb_text _builder_version=&#8221;4.17.0&#8243; _module_preset=&#8221;default&#8221; text_font=&#8221;Rubik|300|||||||&#8221; link_font=&#8221;|600||on|||||&#8221; link_text_color=&#8221;#00BEBE&#8221; global_colors_info=&#8221;{}&#8221;]<\/p>\n<p><img decoding=\"async\" data-src=\"https:\/\/www.inederm.com\/wp-content\/uploads\/2022\/04\/parafarmacia-dermatologica-inederm.jpg\" src=\"data:image\/svg+xml;base64,PHN2ZyB3aWR0aD0iMSIgaGVpZ2h0PSIxIiB4bWxucz0iaHR0cDovL3d3dy53My5vcmcvMjAwMC9zdmciPjwvc3ZnPg==\" class=\"lazyload\" style=\"--smush-placeholder-width: 517px; --smush-placeholder-aspect-ratio: 517\/425;\" \/><\/p>\n<h3>Dermatologische Produkte<\/h3>\n<p><a href=\"https:\/\/www.inederm.com\/de\/parafarmacia-dermatologica\/\">+ Info<\/a><\/p>\n<p>[\/et_pb_text][\/et_pb_column][et_pb_column type=&#8221;1_3&#8243; disabled_on=&#8221;on|on|off&#8221; _builder_version=&#8221;4.17.0&#8243; _module_preset=&#8221;default&#8221; global_colors_info=&#8221;{}&#8221;][\/et_pb_column][\/et_pb_row][et_pb_row column_structure=&#8221;1_2,1_2&#8243; disabled_on=&#8221;off|off|on&#8221; _builder_version=&#8221;4.17.0&#8243; _module_preset=&#8221;default&#8221; custom_padding=&#8221;|0px|0px|0px|false|true&#8221; global_colors_info=&#8221;{}&#8221;][et_pb_column type=&#8221;1_2&#8243; _builder_version=&#8221;4.17.0&#8243; _module_preset=&#8221;default&#8221; custom_css_main_element=&#8221;width:50%;&#8221; global_colors_info=&#8221;{}&#8221; custom_css_main_element_last_edited=&#8221;on|phone&#8221; custom_css_main_element_phone=&#8221;width:49% !important;&#8221; custom_css_main_element_tablet=&#8221;width:50%;&#8221;][et_pb_text _builder_version=&#8221;4.17.0&#8243; _module_preset=&#8221;default&#8221; text_font=&#8221;Rubik|300|||||||&#8221; link_font=&#8221;|600||on|||||&#8221; link_text_color=&#8221;#00BEBE&#8221; global_colors_info=&#8221;{}&#8221;]<\/p>\n<p><img decoding=\"async\" data-src=\"https:\/\/www.inederm.com\/wp-content\/uploads\/2022\/04\/3-Dermatologia-pediatrica.jpg\" src=\"data:image\/svg+xml;base64,PHN2ZyB3aWR0aD0iMSIgaGVpZ2h0PSIxIiB4bWxucz0iaHR0cDovL3d3dy53My5vcmcvMjAwMC9zdmciPjwvc3ZnPg==\" class=\"lazyload\" style=\"--smush-placeholder-width: 515px; --smush-placeholder-aspect-ratio: 515\/426;\" \/><\/p>\n<h3>P\u00e4diatrische<br \/>Dermatologie<\/h3>\n<p><a href=\"#\">+ Info<\/a><\/p>\n<p>[\/et_pb_text][\/et_pb_column][et_pb_column type=&#8221;1_2&#8243; _builder_version=&#8221;4.17.0&#8243; _module_preset=&#8221;default&#8221; custom_css_main_element=&#8221;width:50%;&#8221; global_colors_info=&#8221;{}&#8221; custom_css_main_element_last_edited=&#8221;on|phone&#8221; custom_css_main_element_phone=&#8221;width:49% !important;&#8221; custom_css_main_element_tablet=&#8221;width:50%;&#8221;][et_pb_text _builder_version=&#8221;4.17.0&#8243; _module_preset=&#8221;default&#8221; text_font=&#8221;Rubik|300|||||||&#8221; link_font=&#8221;|600||on|||||&#8221; link_text_color=&#8221;#00BEBE&#8221; global_colors_info=&#8221;{}&#8221;]<\/p>\n<p><img decoding=\"async\" data-src=\"https:\/\/www.inederm.com\/wp-content\/uploads\/2022\/04\/5-Laser-IPL.jpg\" src=\"data:image\/svg+xml;base64,PHN2ZyB3aWR0aD0iMSIgaGVpZ2h0PSIxIiB4bWxucz0iaHR0cDovL3d3dy53My5vcmcvMjAwMC9zdmciPjwvc3ZnPg==\" class=\"lazyload\" style=\"--smush-placeholder-width: 515px; --smush-placeholder-aspect-ratio: 515\/426;\" \/><\/p>\n<h3>Laser-Plattform<\/h3>\n<p><a href=\"https:\/\/www.inederm.com\/de\/plataforma-laser\/\">+ Info<\/a><\/p>\n<p>[\/et_pb_text][\/et_pb_column][\/et_pb_row][\/et_pb_section][et_pb_section fb_built=&#8221;1&#8243; _builder_version=&#8221;4.17.0&#8243; _module_preset=&#8221;default&#8221; custom_margin=&#8221;60px||||false|false&#8221; custom_padding=&#8221;0px||||false|false&#8221; locked=&#8221;off&#8221; global_colors_info=&#8221;{}&#8221;][et_pb_row column_structure=&#8221;2_5,3_5&#8243; module_id=&#8221;reserva-cita-previa&#8221; _builder_version=&#8221;4.18.0&#8243; _module_preset=&#8221;default&#8221; max_width=&#8221;100%&#8221; custom_margin=&#8221;0px|0px|0px|0px|false|true&#8221; custom_padding=&#8221;0px|0px|0px|0px|true|true&#8221; custom_css_main_element=&#8221;display:flex;||align-items: center;&#8221; global_module=&#8221;4687&#8243; global_colors_info=&#8221;{}&#8221; custom_css_main_element_last_edited=&#8221;on|tablet&#8221; custom_css_main_element_tablet=&#8221;display:block;&#8221; custom_css_main_element_phone=&#8221;display:block;&#8221;][et_pb_column type=&#8221;2_5&#8243; _builder_version=&#8221;4.17.0&#8243; _module_preset=&#8221;default&#8221; custom_padding=&#8221;10px|10px|10px|10px|true|true&#8221; global_colors_info=&#8221;{}&#8221; custom_css_main_element_last_edited=&#8221;on|tablet&#8221; custom_css_main_element_tablet=&#8221;width:100% !important;&#8221; custom_css_main_element_phone=&#8221;width:100% !important;&#8221;][et_pb_text _builder_version=&#8221;4.17.0&#8243; _module_preset=&#8221;default&#8221; text_font=&#8221;Rubik|300|||||||&#8221; link_text_color=&#8221;#00BEBE&#8221; header_3_font=&#8221;|600||on|||||&#8221; header_3_font_size=&#8221;32px&#8221; header_3_line_height=&#8221;1.1em&#8221; max_width=&#8221;400px&#8221; module_alignment=&#8221;right&#8221; module_alignment_tablet=&#8221;left&#8221; module_alignment_phone=&#8221;left&#8221; module_alignment_last_edited=&#8221;on|tablet&#8221; global_colors_info=&#8221;{}&#8221;]<\/p>\n<h3>TERMINANFRAGE<\/h3>\n<p>Akne, Dermatitis, Hautunreinheiten, Rosacea&#8230; Vereinbaren Sie einen Beratungstermin, lassen Sie sich von unseren Fachleuten beraten und kl\u00e4ren Sie Ihre Zweifel. Es besteht auch die M\u00f6glichkeit zu einen <strong>virtuellen Kontakt<\/strong> mit einem Dermatologen. <a class=\"boton-inicio-reserva\" href=\"https:\/\/inederm.simplybook.it\/v2\/#book\/count\/1\/\" target=\"_blank\" rel=\"noopener\">TERMINANFRAGE<\/a><\/p>\n<p>[\/et_pb_text][\/et_pb_column][et_pb_column type=&#8221;3_5&#8243; _builder_version=&#8221;4.17.0&#8243; _module_preset=&#8221;default&#8221; global_colors_info=&#8221;{}&#8221; custom_css_main_element_last_edited=&#8221;on|tablet&#8221; custom_css_main_element_tablet=&#8221;width:100% !important;&#8221; custom_css_main_element_phone=&#8221;width:100% !important;&#8221;][et_pb_image src=&#8221;https:\/\/www.inederm.com\/wp-content\/uploads\/2022\/11\/reserva-24-7-AL.jpg&#8221; title_text=&#8221;reserva-24-7-AL&#8221; force_fullwidth=&#8221;on&#8221; _builder_version=&#8221;4.18.0&#8243; _module_preset=&#8221;default&#8221; global_colors_info=&#8221;{}&#8221;][\/et_pb_image][\/et_pb_column][\/et_pb_row][\/et_pb_section]<\/p>\n","protected":false},"excerpt":{"rendered":"<p>ANGEBOTEWir bieten Ihnen alle Arten von medizinischen Therapien zur Therapien verschiedener Pathologien und Hautkrankheiten. Allgemeine Dermatologie + Info \u00c4sthetische Dermatologie + Info P\u00e4diatrische Dermatologie + Info Venerologie + Info Dermatologische Chirugie + Info Laser-Plattform + Info Ern\u00e4hrung und Di\u00e4t + Info Dermatologische Produkte + Info P\u00e4diatrischeDermatologie + Info Laser-Plattform + InfoTERMINANFRAGE Akne, Dermatitis, Hautunreinheiten, Rosacea&#8230; [&hellip;]<\/p>\n","protected":false},"author":1,"featured_media":0,"parent":0,"menu_order":0,"comment_status":"closed","ping_status":"closed","template":"","meta":{"_et_pb_use_builder":"on","_et_pb_old_content":"","_et_gb_content_width":"","inline_featured_image":false,"footnotes":""},"class_list":["post-4711","page","type-page","status-publish","hentry"],"_links":{"self":[{"href":"https:\/\/www.inederm.com\/de\/wp-json\/wp\/v2\/pages\/4711","targetHints":{"allow":["GET"]}}],"collection":[{"href":"https:\/\/www.inederm.com\/de\/wp-json\/wp\/v2\/pages"}],"about":[{"href":"https:\/\/www.inederm.com\/de\/wp-json\/wp\/v2\/types\/page"}],"author":[{"embeddable":true,"href":"https:\/\/www.inederm.com\/de\/wp-json\/wp\/v2\/users\/1"}],"replies":[{"embeddable":true,"href":"https:\/\/www.inederm.com\/de\/wp-json\/wp\/v2\/comments?post=4711"}],"version-history":[{"count":8,"href":"https:\/\/www.inederm.com\/de\/wp-json\/wp\/v2\/pages\/4711\/revisions"}],"predecessor-version":[{"id":5660,"href":"https:\/\/www.inederm.com\/de\/wp-json\/wp\/v2\/pages\/4711\/revisions\/5660"}],"wp:attachment":[{"href":"https:\/\/www.inederm.com\/de\/wp-json\/wp\/v2\/media?parent=4711"}],"curies":[{"name":"wp","href":"https:\/\/api.w.org\/{rel}","templated":true}]}}