{"id":2901,"date":"2022-08-22T11:50:08","date_gmt":"2022-08-22T11:50:08","guid":{"rendered":"https:\/\/www.inederm.com\/?page_id=2901"},"modified":"2024-12-11T12:14:17","modified_gmt":"2024-12-11T11:14:17","slug":"cirurgia-ungles-cirurgia-dermatologica","status":"publish","type":"page","link":"https:\/\/www.inederm.com\/de\/cirurgia-ungles-cirurgia-dermatologica\/","title":{"rendered":"Cirurgia d\u2019ungles I Cirurgia dermatol\u00f2gica i tractament"},"content":{"rendered":"<p>[et_pb_section fb_built=&#8221;1&#8243; _builder_version=&#8221;4.17.0&#8243; _module_preset=&#8221;default&#8221; custom_padding=&#8221;30px||0px||false|false&#8221; global_colors_info=&#8221;{}&#8221;][et_pb_row column_structure=&#8221;1_3,1_3,1_3&#8243; use_custom_gutter=&#8221;on&#8221; gutter_width=&#8221;4&#8243; make_equal=&#8221;on&#8221; _builder_version=&#8221;4.17.0&#8243; _module_preset=&#8221;default&#8221; global_colors_info=&#8221;{}&#8221;][et_pb_column type=&#8221;1_3&#8243; _builder_version=&#8221;4.17.0&#8243; _module_preset=&#8221;default&#8221; global_colors_info=&#8221;{}&#8221;][et_pb_text _builder_version=&#8221;4.17.0&#8243; _module_preset=&#8221;default&#8221; text_font=&#8221;Rubik|300|||||||&#8221; header_3_font=&#8221;||||||||&#8221; header_3_font_size=&#8221;34px&#8221; header_4_text_color=&#8221;#00BEBE&#8221; header_4_font_size=&#8221;24px&#8221; custom_padding=&#8221;30px||||false|false&#8221; border_width_top=&#8221;3px&#8221; border_color_top=&#8221;#00BEBE&#8221; global_colors_info=&#8221;{}&#8221;]<\/p>\n<h3 style=\"padding-bottom: 30px;\">Cirurgia d\u2019ungles I Cirurgia dermatol\u00f2gica i tractament<\/h3>\n<h4 style=\"background-color: #ffffff; text-align: left;\">Qu\u00e8 \u00e9s la cirugia d&#8217;ungles?<\/h4>\n<p>La causa m\u00e9s freq\u00fcent a l\u2019hora de realitzar una cirurgia d\u2019ungles \u00e9s quan es dona un cas d\u2019ungla encarnada que no s\u2019ha pogut solucionar amb altres tractaments menys invasius. \u00c9s important tenir cura d\u2019aquesta patologia perqu\u00e8 pot provocar dolor, inflamaci\u00f3 i altres mol\u00e8sties.<\/p>\n<p>[\/et_pb_text][\/et_pb_column][et_pb_column type=&#8221;1_3&#8243; _builder_version=&#8221;4.17.0&#8243; _module_preset=&#8221;default&#8221; global_colors_info=&#8221;{}&#8221;][et_pb_text _builder_version=&#8221;4.17.0&#8243; _module_preset=&#8221;default&#8221; text_font=&#8221;Rubik|300|||||||&#8221; header_3_font=&#8221;||||||||&#8221; header_3_font_size=&#8221;34px&#8221; header_4_text_color=&#8221;#00BEBE&#8221; header_4_font_size=&#8221;24px&#8221; custom_padding=&#8221;30px||||false|false&#8221; hover_enabled=&#8221;0&#8243; border_width_top=&#8221;3px&#8221; border_color_top=&#8221;#00BEBE&#8221; global_colors_info=&#8221;{}&#8221; sticky_enabled=&#8221;0&#8243;]<\/p>\n<h4>Procediment<\/h4>\n<p>El procediment es realitza de forma ambulat\u00f2ria amb anest\u00e8sia truncular per evitar possibles mol\u00e8sties. El proc\u00e9s consisteix a estr\u00e8nyer l\u2019ungla fins al seu origen de manera que es previngui un altre cop aquesta patologia. S\u2019aixeca la l\u00e0mina unguial i s\u2019extirpa de forma parcial la zona on es recolza. Finalment, es recol\u00b7loca l\u2019ungla i es donen alguns punts.<\/p>\n<h4>Resultats i recuperaci\u00f3<\/h4>\n<p>Despr\u00e9s de la cirurgia, el pacient portar\u00e0 un embenatge durant tres dies aproximadament i haur\u00e0 de fer algunes cures per evitar possibles complicacions posteriors. Podr\u00e0, doncs, retornar a les activitats di\u00e0ries quan les mol\u00e8sties hagin disminu\u00eft i el metge ho consideri oport\u00fa. En un termini de dues setmanes, es trauran els punts de sutura i, passats tres mesos, podr\u00e0 observar els resultats definitius, ja que ser\u00e0 quan l\u2019ungla hagi crescut completament.<\/p>\n<p>[\/et_pb_text][\/et_pb_column][et_pb_column type=&#8221;1_3&#8243; _builder_version=&#8221;4.17.0&#8243; _module_preset=&#8221;default&#8221; global_colors_info=&#8221;{}&#8221;][et_pb_image src=&#8221;http:\/\/www.inederm.com\/wp-content\/uploads\/2022\/08\/Inederm-Cirurgia-ungles-1.jpeg&#8221; title_text=&#8221;Inederm-Cirurgia-ungles&#8221; _builder_version=&#8221;4.17.0&#8243; _module_preset=&#8221;default&#8221; custom_margin=&#8221;||29px|||&#8221; border_width_top=&#8221;3px&#8221; border_color_top=&#8221;#00BEBE&#8221; global_colors_info=&#8221;{}&#8221;][\/et_pb_image][\/et_pb_column][\/et_pb_row][\/et_pb_section][et_pb_section fb_built=&#8221;1&#8243; _builder_version=&#8221;4.17.0&#8243; _module_preset=&#8221;default&#8221; custom_margin=&#8221;60px||||false|false&#8221; custom_padding=&#8221;0px||||false|false&#8221; locked=&#8221;off&#8221; global_colors_info=&#8221;{}&#8221;][et_pb_row column_structure=&#8221;2_5,3_5&#8243; _builder_version=&#8221;4.17.0&#8243; _module_preset=&#8221;default&#8221; max_width=&#8221;100%&#8221; custom_margin=&#8221;0px|0px|0px|0px|false|true&#8221; custom_padding=&#8221;0px|0px|0px|0px|true|true&#8221; custom_css_main_element=&#8221;display:flex;||align-items: center;&#8221; global_colors_info=&#8221;{}&#8221; custom_css_main_element_last_edited=&#8221;on|tablet&#8221; custom_css_main_element_tablet=&#8221;display:block;&#8221; custom_css_main_element_phone=&#8221;display:block;&#8221;][et_pb_column type=&#8221;2_5&#8243; _builder_version=&#8221;4.17.0&#8243; _module_preset=&#8221;default&#8221; custom_padding=&#8221;10px|10px|10px|10px|true|true&#8221; global_colors_info=&#8221;{}&#8221; custom_css_main_element_last_edited=&#8221;on|tablet&#8221; custom_css_main_element_tablet=&#8221;width:100% !important;&#8221; custom_css_main_element_phone=&#8221;width:100% !important;&#8221;][et_pb_text _builder_version=&#8221;4.17.0&#8243; _module_preset=&#8221;default&#8221; text_font=&#8221;Rubik|300|||||||&#8221; link_text_color=&#8221;#00BEBE&#8221; header_3_font=&#8221;|600||on|||||&#8221; header_3_font_size=&#8221;32px&#8221; header_3_line_height=&#8221;1.1em&#8221; max_width=&#8221;400px&#8221; module_alignment=&#8221;right&#8221; module_alignment_tablet=&#8221;left&#8221; module_alignment_phone=&#8221;left&#8221; module_alignment_last_edited=&#8221;on|tablet&#8221; global_colors_info=&#8221;{}&#8221;]<\/p>\n<h3>AGENDAR UNA CITA<\/h3>\n<p>Acne, dermatitis, taques, ros\u00e0cia&#8230; Programa una consulta, deixa que els professionals t&#8217;aconsellin i resol els teus dubtes. Tamb\u00e9 existeix l&#8217;opci\u00f3 de <strong>consulta virtual de pagament<\/strong> per part d&#8217;un especialista dermatol\u00f2gic.<\/p>\n<p>&nbsp;<\/p>\n<p><a class=\"boton-inicio-reserva\" href=\"https:\/\/inederm.simplybook.it\/v2\/#book\/count\/1\/\" target=\"_blank\" rel=\"noopener\">Demanar Cita Pr\u00e8via<\/a><\/p>\n<p>[\/et_pb_text][\/et_pb_column][et_pb_column type=&#8221;3_5&#8243; _builder_version=&#8221;4.17.0&#8243; _module_preset=&#8221;default&#8221; global_colors_info=&#8221;{}&#8221; custom_css_main_element_last_edited=&#8221;on|tablet&#8221; custom_css_main_element_tablet=&#8221;width:100% !important;&#8221; custom_css_main_element_phone=&#8221;width:100% !important;&#8221;][et_pb_image src=&#8221;http:\/\/www.inederm.com\/wp-content\/uploads\/2022\/04\/reserva-24-7-1.jpg&#8221; title_text=&#8221;reserva 24-7&#8243; force_fullwidth=&#8221;on&#8221; _builder_version=&#8221;4.17.0&#8243; _module_preset=&#8221;default&#8221; global_colors_info=&#8221;{}&#8221;][\/et_pb_image][\/et_pb_column][\/et_pb_row][\/et_pb_section]<\/p>\n","protected":false},"excerpt":{"rendered":"<p>Cirurgia d\u2019ungles I Cirurgia dermatol\u00f2gica i tractament Qu\u00e8 \u00e9s la cirugia d&#8217;ungles? La causa m\u00e9s freq\u00fcent a l\u2019hora de realitzar una cirurgia d\u2019ungles \u00e9s quan es dona un cas d\u2019ungla encarnada que no s\u2019ha pogut solucionar amb altres tractaments menys invasius. \u00c9s important tenir cura d\u2019aquesta patologia perqu\u00e8 pot provocar dolor, inflamaci\u00f3 i altres mol\u00e8sties.Procediment [&hellip;]<\/p>\n","protected":false},"author":1,"featured_media":0,"parent":0,"menu_order":0,"comment_status":"closed","ping_status":"closed","template":"","meta":{"_et_pb_use_builder":"on","_et_pb_old_content":"","_et_gb_content_width":"","inline_featured_image":false,"footnotes":""},"class_list":["post-2901","page","type-page","status-publish","hentry"],"_links":{"self":[{"href":"https:\/\/www.inederm.com\/de\/wp-json\/wp\/v2\/pages\/2901","targetHints":{"allow":["GET"]}}],"collection":[{"href":"https:\/\/www.inederm.com\/de\/wp-json\/wp\/v2\/pages"}],"about":[{"href":"https:\/\/www.inederm.com\/de\/wp-json\/wp\/v2\/types\/page"}],"author":[{"embeddable":true,"href":"https:\/\/www.inederm.com\/de\/wp-json\/wp\/v2\/users\/1"}],"replies":[{"embeddable":true,"href":"https:\/\/www.inederm.com\/de\/wp-json\/wp\/v2\/comments?post=2901"}],"version-history":[{"count":7,"href":"https:\/\/www.inederm.com\/de\/wp-json\/wp\/v2\/pages\/2901\/revisions"}],"predecessor-version":[{"id":5243,"href":"https:\/\/www.inederm.com\/de\/wp-json\/wp\/v2\/pages\/2901\/revisions\/5243"}],"wp:attachment":[{"href":"https:\/\/www.inederm.com\/de\/wp-json\/wp\/v2\/media?parent=2901"}],"curies":[{"name":"wp","href":"https:\/\/api.w.org\/{rel}","templated":true}]}}