{"id":1088,"date":"2022-06-27T07:52:18","date_gmt":"2022-06-27T07:52:18","guid":{"rendered":"https:\/\/www.inederm.com\/?page_id=1088"},"modified":"2022-09-14T11:09:21","modified_gmt":"2022-09-14T11:09:21","slug":"dermatologia-venereologica-i-condilomes","status":"publish","type":"page","link":"https:\/\/www.inederm.com\/de\/dermatologia-venereologica-i-condilomes\/","title":{"rendered":"Dermatologia Venereol\u00f2gica I Condilomes"},"content":{"rendered":"<p>[et_pb_section fb_built=&#8221;1&#8243; _builder_version=&#8221;4.17.0&#8243; _module_preset=&#8221;default&#8221; custom_padding=&#8221;30px||0px||false|false&#8221; global_colors_info=&#8221;{}&#8221;][et_pb_row column_structure=&#8221;1_3,1_3,1_3&#8243; use_custom_gutter=&#8221;on&#8221; gutter_width=&#8221;4&#8243; make_equal=&#8221;on&#8221; _builder_version=&#8221;4.17.0&#8243; _module_preset=&#8221;default&#8221; global_colors_info=&#8221;{}&#8221;][et_pb_column type=&#8221;1_3&#8243; _builder_version=&#8221;4.17.0&#8243; _module_preset=&#8221;default&#8221; global_colors_info=&#8221;{}&#8221;][et_pb_text _builder_version=&#8221;4.17.0&#8243; _module_preset=&#8221;default&#8221; text_font=&#8221;Rubik|300|||||||&#8221; header_3_font=&#8221;||||||||&#8221; header_3_font_size=&#8221;34px&#8221; header_4_text_color=&#8221;#00BEBE&#8221; header_4_font_size=&#8221;24px&#8221; custom_padding=&#8221;30px||||false|false&#8221; border_width_top=&#8221;3px&#8221; border_color_top=&#8221;#00BEBE&#8221; global_colors_info=&#8221;{}&#8221;]<\/p>\n<h3 style=\"padding-bottom: 30px;\">Condilomes I\u00a0Dermatologia venereol\u00f2gica<\/h3>\n<h4>Qu\u00e8 s\u00f3n els condilomes?<\/h4>\n<p>Els condilomes s\u00f3n una infecci\u00f3 de transmissi\u00f3 sexual de baix risc que es desenvolupa en forma de berrugues genitals i s\u00f3n provocades a causa del Virus del Papil\u00b7loma Hum\u00e0 (VPH). \u00c9s molt freq\u00fcent contraure aquest virus si es mantenen relacions sexuals sense protecci\u00f3; per\u00f2 s\u2019ha de fer un diagn\u00f2stic per tal de descartar altres malalties que poden presentar una simptomatologia semblant.<\/p>\n<p>[\/et_pb_text][\/et_pb_column][et_pb_column type=&#8221;1_3&#8243; _builder_version=&#8221;4.17.0&#8243; _module_preset=&#8221;default&#8221; global_colors_info=&#8221;{}&#8221;][et_pb_text _builder_version=&#8221;4.17.0&#8243; _module_preset=&#8221;default&#8221; text_font=&#8221;Rubik|300|||||||&#8221; header_3_font=&#8221;||||||||&#8221; header_3_font_size=&#8221;34px&#8221; header_4_text_color=&#8221;#00BEBE&#8221; header_4_font_size=&#8221;24px&#8221; custom_padding=&#8221;30px||||false|false&#8221; border_width_top=&#8221;3px&#8221; border_color_top=&#8221;#00BEBE&#8221; global_colors_info=&#8221;{}&#8221;]<\/p>\n<h4>Tractament<\/h4>\n<p>Existeixen alguns tractaments per tal d\u2019eliminar la infecci\u00f3 i dependr\u00e0 de factors com la localitzaci\u00f3 de la infecci\u00f3 o el grau de mol\u00e8stia. Aix\u00ed doncs, en funci\u00f3 d\u2019aquestes variants, el dermat\u00f2leg receptar\u00e0 un tractament o un altre, que podr\u00e0 estendre\u2019s des de la ingesta de medicaments espec\u00edfics fins a una cirurgia que elimini per complet les berrugues.<\/p>\n<h4>Resultats i Recuperaci\u00f3<\/h4>\n<p>El tractament ajuda a disminuir el dolor o la picor de la infecci\u00f3, aix\u00ed com a eliminar les berrugues; per\u00f2 triguen un temps d\u2019entre 6 mesos i 1 any a desapar\u00e8ixer per complert. En alguns casos, despr\u00e9s d\u2019haver realitzat el tractament, hi ha pacients que tornen a presenciar aquestes protuber\u00e0ncies, motiu pel qual \u00e9s important assistir al dermat\u00f2leg de forma peri\u00f2dica per prevenir la malaltia.<\/p>\n<p>[\/et_pb_text][\/et_pb_column][et_pb_column type=&#8221;1_3&#8243; _builder_version=&#8221;4.17.0&#8243; _module_preset=&#8221;default&#8221; global_colors_info=&#8221;{}&#8221;][et_pb_image src=&#8221;http:\/\/www.inederm.com\/wp-content\/uploads\/2022\/08\/inederm-dermatologia-venereologica-condilomes.jpg&#8221; title_text=&#8221;inederm-dermatologia-venereologica-condilomes&#8221; _builder_version=&#8221;4.17.0&#8243; _module_preset=&#8221;default&#8221; custom_margin=&#8221;||29px|||&#8221; border_width_top=&#8221;3px&#8221; border_color_top=&#8221;#00BEBE&#8221; global_colors_info=&#8221;{}&#8221;][\/et_pb_image][\/et_pb_column][\/et_pb_row][\/et_pb_section][et_pb_section fb_built=&#8221;1&#8243; _builder_version=&#8221;4.17.0&#8243; _module_preset=&#8221;default&#8221; custom_margin=&#8221;60px||||false|false&#8221; custom_padding=&#8221;0px||||false|false&#8221; locked=&#8221;off&#8221; global_colors_info=&#8221;{}&#8221;][et_pb_row column_structure=&#8221;2_5,3_5&#8243; _builder_version=&#8221;4.17.0&#8243; _module_preset=&#8221;default&#8221; max_width=&#8221;100%&#8221; custom_margin=&#8221;0px|0px|0px|0px|false|true&#8221; custom_padding=&#8221;0px|0px|0px|0px|true|true&#8221; custom_css_main_element=&#8221;display:flex;||align-items: center;&#8221; global_colors_info=&#8221;{}&#8221; custom_css_main_element_last_edited=&#8221;on|tablet&#8221; custom_css_main_element_tablet=&#8221;display:block;&#8221; custom_css_main_element_phone=&#8221;display:block;&#8221;][et_pb_column type=&#8221;2_5&#8243; _builder_version=&#8221;4.17.0&#8243; _module_preset=&#8221;default&#8221; custom_padding=&#8221;10px|10px|10px|10px|true|true&#8221; global_colors_info=&#8221;{}&#8221; custom_css_main_element_last_edited=&#8221;on|tablet&#8221; custom_css_main_element_tablet=&#8221;width:100% !important;&#8221; custom_css_main_element_phone=&#8221;width:100% !important;&#8221;][et_pb_text _builder_version=&#8221;4.17.0&#8243; _module_preset=&#8221;default&#8221; text_font=&#8221;Rubik|300|||||||&#8221; link_text_color=&#8221;#00BEBE&#8221; header_3_font=&#8221;|600||on|||||&#8221; header_3_font_size=&#8221;32px&#8221; header_3_line_height=&#8221;1.1em&#8221; max_width=&#8221;400px&#8221; module_alignment=&#8221;right&#8221; hover_enabled=&#8221;0&#8243; module_alignment_tablet=&#8221;left&#8221; module_alignment_phone=&#8221;left&#8221; module_alignment_last_edited=&#8221;on|tablet&#8221; global_colors_info=&#8221;{}&#8221; sticky_enabled=&#8221;0&#8243;]<\/p>\n<h3>AGENDAR UNA CITA<\/h3>\n<p>Acne, dermatitis, taques, ros\u00e0cia&#8230; Programa una consulta, deixa que els professionals t&#8217;aconsellin i resol els teus dubtes. Tamb\u00e9 existeix l&#8217;opci\u00f3 de <strong>consulta virtual de pagament<\/strong> per part d&#8217;un especialista dermatol\u00f2gic.<\/p>\n<p>&nbsp;<\/p>\n<p><a class=\"boton-inicio-reserva\" href=\"https:\/\/inederm.simplybook.it\/v2\/#book\/count\/1\/\" target=\"_blank\" rel=\"noopener\">Demanar Cita Pr\u00e8via<\/a><\/p>\n<p>[\/et_pb_text][\/et_pb_column][et_pb_column type=&#8221;3_5&#8243; _builder_version=&#8221;4.17.0&#8243; _module_preset=&#8221;default&#8221; global_colors_info=&#8221;{}&#8221; custom_css_main_element_last_edited=&#8221;on|tablet&#8221; custom_css_main_element_tablet=&#8221;width:100% !important;&#8221; custom_css_main_element_phone=&#8221;width:100% !important;&#8221;][et_pb_image src=&#8221;http:\/\/www.inederm.com\/wp-content\/uploads\/2022\/04\/reserva-24-7-1.jpg&#8221; title_text=&#8221;reserva 24-7&#8243; force_fullwidth=&#8221;on&#8221; _builder_version=&#8221;4.17.0&#8243; _module_preset=&#8221;default&#8221; global_colors_info=&#8221;{}&#8221;][\/et_pb_image][\/et_pb_column][\/et_pb_row][\/et_pb_section]<\/p>\n","protected":false},"excerpt":{"rendered":"<p>Condilomes I\u00a0Dermatologia venereol\u00f2gica Qu\u00e8 s\u00f3n els condilomes? Els condilomes s\u00f3n una infecci\u00f3 de transmissi\u00f3 sexual de baix risc que es desenvolupa en forma de berrugues genitals i s\u00f3n provocades a causa del Virus del Papil\u00b7loma Hum\u00e0 (VPH). \u00c9s molt freq\u00fcent contraure aquest virus si es mantenen relacions sexuals sense protecci\u00f3; per\u00f2 s\u2019ha de fer un [&hellip;]<\/p>\n","protected":false},"author":1,"featured_media":0,"parent":0,"menu_order":0,"comment_status":"closed","ping_status":"closed","template":"","meta":{"_et_pb_use_builder":"on","_et_pb_old_content":"","_et_gb_content_width":"","inline_featured_image":false,"footnotes":""},"class_list":["post-1088","page","type-page","status-publish","hentry"],"_links":{"self":[{"href":"https:\/\/www.inederm.com\/de\/wp-json\/wp\/v2\/pages\/1088","targetHints":{"allow":["GET"]}}],"collection":[{"href":"https:\/\/www.inederm.com\/de\/wp-json\/wp\/v2\/pages"}],"about":[{"href":"https:\/\/www.inederm.com\/de\/wp-json\/wp\/v2\/types\/page"}],"author":[{"embeddable":true,"href":"https:\/\/www.inederm.com\/de\/wp-json\/wp\/v2\/users\/1"}],"replies":[{"embeddable":true,"href":"https:\/\/www.inederm.com\/de\/wp-json\/wp\/v2\/comments?post=1088"}],"version-history":[{"count":7,"href":"https:\/\/www.inederm.com\/de\/wp-json\/wp\/v2\/pages\/1088\/revisions"}],"predecessor-version":[{"id":3392,"href":"https:\/\/www.inederm.com\/de\/wp-json\/wp\/v2\/pages\/1088\/revisions\/3392"}],"wp:attachment":[{"href":"https:\/\/www.inederm.com\/de\/wp-json\/wp\/v2\/media?parent=1088"}],"curies":[{"name":"wp","href":"https:\/\/api.w.org\/{rel}","templated":true}]}}