{"id":1065,"date":"2022-06-27T07:13:38","date_gmt":"2022-06-27T07:13:38","guid":{"rendered":"https:\/\/www.inederm.com\/?page_id=1065"},"modified":"2022-09-14T10:54:14","modified_gmt":"2022-09-14T10:54:14","slug":"dermatologia-pediatrica-i-angiomes","status":"publish","type":"page","link":"https:\/\/www.inederm.com\/de\/dermatologia-pediatrica-i-angiomes\/","title":{"rendered":"Dermatologia pedi\u00e0trica I Angiomes"},"content":{"rendered":"<p>[et_pb_section fb_built=&#8221;1&#8243; _builder_version=&#8221;4.17.0&#8243; _module_preset=&#8221;default&#8221; custom_padding=&#8221;30px||0px||false|false&#8221; global_colors_info=&#8221;{}&#8221;][et_pb_row column_structure=&#8221;1_3,1_3,1_3&#8243; use_custom_gutter=&#8221;on&#8221; gutter_width=&#8221;4&#8243; make_equal=&#8221;on&#8221; _builder_version=&#8221;4.17.0&#8243; _module_preset=&#8221;default&#8221; global_colors_info=&#8221;{}&#8221;][et_pb_column type=&#8221;1_3&#8243; _builder_version=&#8221;4.17.0&#8243; _module_preset=&#8221;default&#8221; global_colors_info=&#8221;{}&#8221;][et_pb_text _builder_version=&#8221;4.17.0&#8243; _module_preset=&#8221;default&#8221; text_font=&#8221;Rubik|300|||||||&#8221; header_3_font=&#8221;||||||||&#8221; header_3_font_size=&#8221;34px&#8221; header_4_text_color=&#8221;#00BEBE&#8221; header_4_font_size=&#8221;24px&#8221; custom_padding=&#8221;30px||||false|false&#8221; border_width_top=&#8221;3px&#8221; border_color_top=&#8221;#00BEBE&#8221; global_colors_info=&#8221;{}&#8221;]<\/p>\n<h3 style=\"padding-bottom: 30px;\">Angiomes I\u00a0Dermatologia pedi\u00e0trica<\/h3>\n<h4>Qu\u00e8 s\u00f3n els angiomes?<\/h4>\n<p class=\"p1\">Els angiomes s\u00f3n petits tumors benignes que poden apar\u00e8ixer en forma de taques vermelles a qualsevol part del cos. No acostumen a provocar complicacions ni problemes de salut; per\u00f2 hi ha persones que prefereixen eliminar-los per motius est\u00e8tics.<\/p>\n<p>[\/et_pb_text][\/et_pb_column][et_pb_column type=&#8221;1_3&#8243; _builder_version=&#8221;4.17.0&#8243; _module_preset=&#8221;default&#8221; global_colors_info=&#8221;{}&#8221;][et_pb_text _builder_version=&#8221;4.17.0&#8243; _module_preset=&#8221;default&#8221; text_font=&#8221;Rubik|300|||||||&#8221; header_3_font=&#8221;||||||||&#8221; header_3_font_size=&#8221;34px&#8221; header_4_text_color=&#8221;#00BEBE&#8221; header_4_font_size=&#8221;24px&#8221; custom_padding=&#8221;30px||||false|false&#8221; border_width_top=&#8221;3px&#8221; border_color_top=&#8221;#00BEBE&#8221; global_colors_info=&#8221;{}&#8221;]<\/p>\n<h4>Tractament<\/h4>\n<p class=\"p1\"><span class=\"s1\">Existeixen diverses maneres de tractar els angiomes, i ser\u00e0 el dermat\u00f2leg, valorant les necessitats del pacient i el tipus de tumor, qui decidir\u00e0 el m\u00e8tode m\u00e9s efica\u00e7. S\u2019hauran de realitzar diverses sessions per acabar d\u2019eliminar l\u2019angioma.<\/span><\/p>\n<h4>Resultats i recuperaci\u00f3<\/h4>\n<p class=\"p1\"><span class=\"s1\">Els resultats varien en funci\u00f3 del tractament escollit, per\u00f2 normalment, despr\u00e9s d\u2019una o dues sessions, el pacient ja podr\u00e0 observar els resultats desitjats. En el cas que l\u2019angioma sigui pla, el tractament ser\u00e0 molt m\u00e9s r\u00e0pid que si presenta alguna mena de volum.<\/span><\/p>\n<p>[\/et_pb_text][\/et_pb_column][et_pb_column type=&#8221;1_3&#8243; _builder_version=&#8221;4.17.0&#8243; _module_preset=&#8221;default&#8221; global_colors_info=&#8221;{}&#8221;][et_pb_image src=&#8221;http:\/\/www.inederm.com\/wp-content\/uploads\/2022\/06\/angiomes_inederm.png&#8221; title_text=&#8221;angiomes_inederm&#8221; _builder_version=&#8221;4.17.0&#8243; _module_preset=&#8221;default&#8221; custom_margin=&#8221;||29px|||&#8221; border_width_top=&#8221;3px&#8221; border_color_top=&#8221;#00BEBE&#8221; global_colors_info=&#8221;{}&#8221;][\/et_pb_image][\/et_pb_column][\/et_pb_row][\/et_pb_section][et_pb_section fb_built=&#8221;1&#8243; _builder_version=&#8221;4.17.0&#8243; _module_preset=&#8221;default&#8221; custom_margin=&#8221;60px||||false|false&#8221; custom_padding=&#8221;0px||||false|false&#8221; locked=&#8221;off&#8221; global_colors_info=&#8221;{}&#8221;][et_pb_row column_structure=&#8221;2_5,3_5&#8243; _builder_version=&#8221;4.17.0&#8243; _module_preset=&#8221;default&#8221; max_width=&#8221;100%&#8221; custom_margin=&#8221;0px|0px|0px|0px|false|true&#8221; custom_padding=&#8221;0px|0px|0px|0px|true|true&#8221; custom_css_main_element=&#8221;display:flex;||align-items: center;&#8221; global_colors_info=&#8221;{}&#8221; custom_css_main_element_last_edited=&#8221;on|tablet&#8221; custom_css_main_element_tablet=&#8221;display:block;&#8221; custom_css_main_element_phone=&#8221;display:block;&#8221;][et_pb_column type=&#8221;2_5&#8243; _builder_version=&#8221;4.17.0&#8243; _module_preset=&#8221;default&#8221; custom_padding=&#8221;10px|10px|10px|10px|true|true&#8221; global_colors_info=&#8221;{}&#8221; custom_css_main_element_last_edited=&#8221;on|tablet&#8221; custom_css_main_element_tablet=&#8221;width:100% !important;&#8221; custom_css_main_element_phone=&#8221;width:100% !important;&#8221;][et_pb_text _builder_version=&#8221;4.17.0&#8243; _module_preset=&#8221;default&#8221; text_font=&#8221;Rubik|300|||||||&#8221; link_text_color=&#8221;#00BEBE&#8221; header_3_font=&#8221;|600||on|||||&#8221; header_3_font_size=&#8221;32px&#8221; header_3_line_height=&#8221;1.1em&#8221; max_width=&#8221;400px&#8221; module_alignment=&#8221;right&#8221; hover_enabled=&#8221;0&#8243; module_alignment_tablet=&#8221;left&#8221; module_alignment_phone=&#8221;left&#8221; module_alignment_last_edited=&#8221;on|tablet&#8221; global_colors_info=&#8221;{}&#8221; sticky_enabled=&#8221;0&#8243;]<\/p>\n<h3>AGENDAR UNA CITA<\/h3>\n<p>Acne, dermatitis, taques, ros\u00e0cia&#8230; Programa una consulta, deixa que els professionals t&#8217;aconsellin i resol els teus dubtes. Tamb\u00e9 existeix l&#8217;opci\u00f3 de <strong>consulta virtual de pagament<\/strong> per part d&#8217;un especialista dermatol\u00f2gic.<\/p>\n<p>&nbsp;<\/p>\n<p><a class=\"boton-inicio-reserva\" href=\"https:\/\/inederm.simplybook.it\/v2\/#book\/count\/1\/\" target=\"_blank\" rel=\"noopener\">Demanar Cita Pr\u00e8via<\/a><\/p>\n<p>[\/et_pb_text][\/et_pb_column][et_pb_column type=&#8221;3_5&#8243; _builder_version=&#8221;4.17.0&#8243; _module_preset=&#8221;default&#8221; global_colors_info=&#8221;{}&#8221; custom_css_main_element_last_edited=&#8221;on|tablet&#8221; custom_css_main_element_tablet=&#8221;width:100% !important;&#8221; custom_css_main_element_phone=&#8221;width:100% !important;&#8221;][et_pb_image src=&#8221;http:\/\/www.inederm.com\/wp-content\/uploads\/2022\/04\/reserva-24-7-1.jpg&#8221; title_text=&#8221;reserva 24-7&#8243; force_fullwidth=&#8221;on&#8221; _builder_version=&#8221;4.17.0&#8243; _module_preset=&#8221;default&#8221; global_colors_info=&#8221;{}&#8221;][\/et_pb_image][\/et_pb_column][\/et_pb_row][\/et_pb_section]<\/p>\n","protected":false},"excerpt":{"rendered":"<p>Angiomes I\u00a0Dermatologia pedi\u00e0trica Qu\u00e8 s\u00f3n els angiomes? Els angiomes s\u00f3n petits tumors benignes que poden apar\u00e8ixer en forma de taques vermelles a qualsevol part del cos. No acostumen a provocar complicacions ni problemes de salut; per\u00f2 hi ha persones que prefereixen eliminar-los per motius est\u00e8tics.Tractament Existeixen diverses maneres de tractar els angiomes, i ser\u00e0 el [&hellip;]<\/p>\n","protected":false},"author":1,"featured_media":0,"parent":0,"menu_order":0,"comment_status":"closed","ping_status":"closed","template":"","meta":{"_et_pb_use_builder":"on","_et_pb_old_content":"","_et_gb_content_width":"","inline_featured_image":false,"footnotes":""},"class_list":["post-1065","page","type-page","status-publish","hentry"],"_links":{"self":[{"href":"https:\/\/www.inederm.com\/de\/wp-json\/wp\/v2\/pages\/1065","targetHints":{"allow":["GET"]}}],"collection":[{"href":"https:\/\/www.inederm.com\/de\/wp-json\/wp\/v2\/pages"}],"about":[{"href":"https:\/\/www.inederm.com\/de\/wp-json\/wp\/v2\/types\/page"}],"author":[{"embeddable":true,"href":"https:\/\/www.inederm.com\/de\/wp-json\/wp\/v2\/users\/1"}],"replies":[{"embeddable":true,"href":"https:\/\/www.inederm.com\/de\/wp-json\/wp\/v2\/comments?post=1065"}],"version-history":[{"count":6,"href":"https:\/\/www.inederm.com\/de\/wp-json\/wp\/v2\/pages\/1065\/revisions"}],"predecessor-version":[{"id":3374,"href":"https:\/\/www.inederm.com\/de\/wp-json\/wp\/v2\/pages\/1065\/revisions\/3374"}],"wp:attachment":[{"href":"https:\/\/www.inederm.com\/de\/wp-json\/wp\/v2\/media?parent=1065"}],"curies":[{"name":"wp","href":"https:\/\/api.w.org\/{rel}","templated":true}]}}